{"id":641,"date":"2016-05-05T16:25:57","date_gmt":"2016-05-05T16:25:57","guid":{"rendered":"http:\/\/fineandcandy.local\/?page_id=641"},"modified":"2017-06-05T10:12:55","modified_gmt":"2017-06-05T10:12:55","slug":"perguntas-frequentes","status":"publish","type":"page","link":"https:\/\/fineandcandy.com\/pt-pt\/perguntas-frequentes\/","title":{"rendered":"Perguntas frequentes"},"content":{"rendered":"<p><span style=\"text-decoration: underline;\"><span style=\"font-family: Now-Medium;\">A minha transa\u00e7\u00e3o \u00e9 segura?<\/span><\/span><br \/>\n<span style=\"font-size: 8pt; font-family: Now-Regular;\">A Fine&amp;Candy tem o maior cuidado e preocupa\u00e7\u00e3o com sua privacidade enquanto estiver a fazer compras em nosso site. N\u00e3o iremos compartilhar ou vender a sua informa\u00e7\u00e3o para terceiros, e as informa\u00e7\u00f5es que recolhemos \u00e9 apenas utilizada para contat\u00e1-lo sobre a sua encomenda, se necess\u00e1rio. Os seus detalhes pessoais n\u00e3o s\u00e3o publicados na internet e toda a informa\u00e7\u00e3o \u00e9 transferida para o nosso servidor de emails de processamento de encomendas. Agradecemos o seu voto de confian\u00e7a na Fine&amp;Candy!<\/span><\/p>\n<p>&nbsp;<br \/>\n<span style=\"text-decoration: underline; font-family: Now-Medium;\">Embrulho da Encomenda<\/span><br \/>\n<span style=\"font-family: Now-Regular; font-size: 8pt;\">No nosso website disponibilizamos a op\u00e7\u00e3o de servi\u00e7o de embrulho em todos os artigos.<\/span><br \/>\n<span style=\"font-family: Now-Regular; font-size: 8pt;\">Cobramos imposto sobre vendas?<\/span><br \/>\n<span style=\"font-family: Now-Regular; font-size: 8pt;\">Todos os pre\u00e7os assinalados no site da Fine&amp;Candy s\u00e3o cotados em Euros sendo que o imposto Portugu\u00eas (IVA) de 23% j\u00e1 est\u00e1 inclu\u00eddo no pre\u00e7o.<\/span><\/p>\n<p>&nbsp;<br \/>\n<span style=\"text-decoration: underline; font-family: Now-Medium;\">Qual o prazo de entrega da encomenda?<\/span><br \/>\n<span style=\"font-size: 8pt;\">Se o produto que encomendou existir em stock, o prazo m\u00e1ximo de recep\u00e7\u00e3o \u00e9 de 15 dias \u00fateis. Os itens personalizados t\u00eam um prazo de entrega adicional de 5 dias \u00fateis e n\u00e3o se efectuam reembolsos ou trocas dos mesmos.<\/span><\/p>\n<p>&nbsp;<br \/>\n<span style=\"text-decoration: underline; font-family: Now-Medium;\">Que m\u00e9todos de pagamento aceitamos?<\/span><br \/>\n<span style=\"font-size: 8pt;\">O cliente poder\u00e1 pagar a sua encomenda atrav\u00e9s de:<\/span><br \/>\n<span style=\"font-size: 8pt;\"><\/span><\/p>\n<ol style=\"font-size: 8pt;\">\n<li>Easypay &#8211; Institui\u00e7\u00e3o de Pagamento Lda:\n<ol>\n<li>Cart\u00e3o de cr\u00e9dito (Visa, Mastercard&#8230;);<\/li>\n<li>Refer\u00eancia Multibanco;<\/li>\n<li>Transfer\u00eancia Banc\u00e1ria;<\/li>\n<\/ol>\n<\/li>\n<li>Paypal<\/li>\n<li>American Express<\/li>\n<\/ol>\n<p>\n<span style=\"font-family: Now-Thin; font-size: 8pt;\">O custo total da sua encomenda inclui o pre\u00e7o dos item(s) seleccionados, entrega e o IVA. O pre\u00e7o original manter-se-\u00e1 se j\u00e1 tiver feito a compra atrav\u00e9s d e transfer\u00eancia banc\u00e1ria ou atrav\u00e9s do Paypal mesmo que o pre\u00e7o de algum produto tiver aumentado ap\u00f3s ter realizado a sua encomenda.<\/span><\/p>\n<p>&nbsp;<br \/>\n<span style=\"text-decoration: underline; font-family: Now-Medium;\">Qual a nossa pol\u00edtica de devolu\u00e7\u00e3o?<\/span><br \/>\n<span style=\"font-family: Now-Regular; font-size: 8pt;\">De acordo com o artigo 6\u00ba do Decreto-Lei N\u00ba 143\/2001 e DL 82\/2008, o cliente tem 14 dias para trocar todos os produtos ap\u00f3s t\u00ea-los recepcionado. A Fine&amp;Candy trocar\u00e1 ou restituir\u00e1 todos os produtos se o cliente n\u00e3o estiver totalmente satisfeito, no per\u00edodo de 14 dias, desde que os itens sejam devolvidos em perfeitas condi\u00e7\u00f5es e os selos que os produtos possam ter estejam intactos.<\/span><br \/>\n<span style=\"font-family: Now-Thin; font-size: 8pt;\">Nota: O que est\u00e1 acima referido diz apenas respeito \u00e0s encomendas feitas na internet e por email. Lament\u00e1mos que as trocas n\u00e3o possam ser feitas directamente na nossa loja. Isto n\u00e3o afecta os seus direitos estatu\u00e1rios.<\/span><\/p>\n<p style=\"text-decoration: underline;\"><strong>Produtos<\/strong>\n<\/p>\n<p style=\"font-size: 8pt;\">Todos os produtos s\u00e3o 100% fabricados em Portugal.\n<\/p>\n<p style=\"text-decoration: underline;\"><strong>Encomendas<\/strong>\n<\/p>\n<p style=\"font-size: 8pt;\">Para fazer uma encomenda em <strong><a href=\"http:\/\/www.fineandcandy.com\" target=\"_blank\" style=\"color:#000;\">www.fineandcandy.com<\/a><\/strong> \u00e9 necess\u00e1rio que disponha de uma conta de e-mail v\u00e1lida. Deve depois adicionar ao carrinho de compras todos os produtos que pretenda adquirir, seguindo todos os passos da compra indicados abaixo para que a mesma seja finalizada com sucesso.\n<\/p>\n<ul style=\"font-size: 8pt;\">\n<li style=\"font-size: 8pt;\">Encontre em <strong><a href=\"http:\/\/www.fineandcandy.com\" target=\"_blank\" style=\"color:#000;\">fineandcandy.com<\/a><\/strong> o (s) produto (s) que pretende adquirir;<\/li>\n<li style=\"font-size: 8pt;\">Adicione o(s) produto(s) selecionados ao carrinho de compras atrav\u00e9s do bot\u00e3o &#8220;Adicionar ao Carrinho&#8221;;<\/li>\n<li style=\"font-size: 8pt;\">No momento em que concluir a escolha de todos os artigos que pretende encomendar ou personalizar, finalize a compra, clicando em &#8220;Finalizar Compras&#8221;;<\/li>\n<li style=\"font-size: 8pt;\">Registe os seus dados pessoais: &#8220;Morada de Entrega&#8221;, &#8220;Morada de Fatura\u00e7\u00e3o&#8221;, n\u00famero de telefone, o n\u00famero de identifica\u00e7\u00e3o fiscal (NIF) e selecione o &#8220;M\u00e9todo de Pagamento\u201d;<\/li>\n<li style=\"font-size: 8pt;\">Reveja a sua encomenda;<\/li>\n<li style=\"font-size: 8pt;\">Finalize a compra e proceda ao pagamento, confirmando deste modo a encomenda.<\/li>\n<li style=\"font-size: 8pt;\">Ir\u00e1 receber um e-mail de confirma\u00e7\u00e3o da encomenda com os detalhes relativos ao m\u00e9todo de pagamento que selecionou. Ap\u00f3s valida\u00e7\u00e3o do pagamento, receber\u00e1 um e-mail de confirma\u00e7\u00e3o.<\/li>\n<\/ul>\n<p style=\"display: none;\">Pode aceder a todos os detalhes da encomenda em <strong><a href=\"http:\/\/www.fineandcandy.com\" target=\"_blank\" style=\"color:#000;\">www.fineandcandy.com<\/a><\/strong>, na sua \u00e1rea de cliente reservada.\n<\/p>\n<p style=\"font-size: 8pt;\">A sua encomenda ser\u00e1 entregue pelo operador log\u00edstico na morada de entrega indicada no processo de compra e com a respetiva fatura detalhada.\n<\/p>\n<p style=\"font-size: 8pt;\">Note que a <i>FINE&amp;CANDY<\/i> reserva-se no direito de n\u00e3o aceitar e cancelar as encomendas j\u00e1 confirmadas nas seguintes situa\u00e7\u00f5es:\n<\/p>\n<ol style=\"font-size: 8pt;\">\n<li style=\"font-size: 8pt;\">O produto n\u00e3o se encontre dispon\u00edvel;<\/li>\n<li style=\"font-size: 8pt;\">O pagamento n\u00e3o seja realizado com recurso a qualquer uma das op\u00e7\u00f5es de pagamento dispon\u00edveis no website <strong><a href=\"http:\/\/www.fineandcandy.com\" target=\"_blank\" style=\"color:#000;\">fineandcandy.com<\/a><\/strong>;<\/li>\n<li style=\"font-size: 8pt;\">N\u00e3o se confirme o pagamento;<\/li>\n<li style=\"font-size: 8pt;\">A informa\u00e7\u00e3o de fatura\u00e7\u00e3o n\u00e3o for correta ou verific\u00e1vel;<\/li>\n<li style=\"font-size: 8pt;\">A transfer\u00eancia para pagamento da encomenda n\u00e3o for por n\u00f3s rececionada num per\u00edodo de 5 (cinco) dias ap\u00f3s a aceita\u00e7\u00e3o da sua encomenda;<\/li>\n<li style=\"font-size: 8pt;\">Existir um erro na cota\u00e7\u00e3o do pre\u00e7o;<\/li>\n<li style=\"font-size: 8pt;\">N\u00e3o for poss\u00edvel entregar no endere\u00e7o fornecido pelo cliente.<\/li>\n<\/ol>\n<p style=\"text-decoration: underline;\"><strong>Cancelamento de encomendas<\/strong>\n<\/p>\n<p style=\"font-size: 8pt;\">Caso deseje cancelar a encomenda, ser-lhe-\u00e1 devolvida a totalidade do valor pago.\n<\/p>\n<p style=\"font-size: 8pt;\">A entrega considera-se efectuada com a assinatura no recibo de entrega na morada acordada.\n<\/p>\n<p style=\"font-size: 8pt;\">Caso necessite de mais informa\u00e7\u00e3o sobre a entrega dos produtos <i>FINE&amp;CANDY<\/i>, consulte os nossos&nbsp;<strong><a href=\"https:\/\/fineandcandy.com\/pt-pt\/termos-e-condicoes\/\" target=\"_blank\" style=\"color:#000;\">Termos e Condi\u00e7\u00f5es<\/a><\/strong>.\n<\/p>\n<p style=\"font-size: 8pt;\">Em caso de personaliza\u00e7\u00e3o do produto com letras e\/ou \u00edcones, n\u00e3o podemos aceitar cancelamento da encomenda ou devolu\u00e7\u00e3o da mesma.\n<\/p>\n<p style=\"text-decoration: underline;\"><strong>Entregas<\/strong>\n<\/p>\n<p style=\"font-size: 8pt;\">A <i>FINE&amp;CANDY<\/i> procede ao envio do(s) produto(s) encomendado(s) de segunda a sexta-feira, das 10h \u00e0s 19h, com exce\u00e7\u00e3o dos feriados, e nos dias e hor\u00e1rios utilizados pela empresa de log\u00edstica, para a morada de entrega indicada pelo cliente.\n<\/p>\n<p style=\"font-size: 8pt;\">O nosso servi\u00e7o de entregas n\u00e3o inclui op\u00e7\u00e3o de agendamento, pelo que a entrega da encomenda ser\u00e1 efetuada sem contacto pr\u00e9vio por parte da transportadora, sendo necess\u00e1rio garantir que algu\u00e9m se encontre na morada de entrega.\n<\/p>\n<p style=\"font-size: 8pt;\">A capacidade de resposta da <em>FINE&amp;CANDY<\/em> dentro dos referidos prazos est\u00e1, no entanto, dependente da disponibilidade do stock dos produtos.\n<\/p>\n<p style=\"text-decoration: underline;\"><strong>Despesas de entrega<\/strong>\n<\/p>\n<p style=\"font-size: 8pt;\">As despesas de entrega ser\u00e3o suportados pelo Cliente. Para fora da Europa, todas as encomendas ter\u00e3o um custo de envio associado, podendo obrigar ao pagamento de custos alfandeg\u00e1rios, de acordo com o pa\u00eds de entrega.\n<\/p>\n<p style=\"font-size: 8pt;\">Caso necessite de mais informa\u00e7\u00e3o sobre como comprar os produtos <em>FINE&amp;CANDY<\/em>, consulte os nossos&nbsp;<strong>a href=&#8221;\/?page_id=15&#8243; target=&#8221;_blank&#8221;&gt;Termos e Condi\u00e7\u00f5es<\/strong>.\n<\/p>\n<p style=\"text-decoration: underline;\"><strong>Pre\u00e7os<\/strong>\n<\/p>\n<p style=\"font-size: 8pt;\">Os pre\u00e7os dos produtos incluem o Valor Acrescentado (IVA) de 23%. O IVA total a pagar ser\u00e1 indicado na fatura a remeter ao cliente.\n<\/p>\n<p style=\"font-size: 8pt;\">Os pre\u00e7os s\u00e3o todos cotados em euros (\u20ac). Note que a mudan\u00e7a de pa\u00eds de entrega pode ter influ\u00eancia sobre os pre\u00e7os devido aos diferentes custos de transporte. Os custos alfandeg\u00e1rios relativos ao pa\u00eds de entrega da encomenda ser\u00e3o suportados pelo cliente.\n<\/p>\n<p style=\"font-size: 8pt;\">Os pre\u00e7os dos produtos apresentados no website s\u00e3o pass\u00edveis de altera\u00e7\u00e3o. A <i>FINE&amp;CANDY<\/i> reserva-se ao direito de alterar os pre\u00e7os sem aviso pr\u00e9vio. Os pre\u00e7os exibidos no momento da compra s\u00e3o os pre\u00e7os aplicados a essa compra.\n<\/p>\n<p style=\"font-size: 8pt;\">Verificando-se algum erro no pre\u00e7o dos produtos solicitados, a <i>FINE&amp;CANDY<\/i> ou o cliente poder\u00e3o, at\u00e9 \u00e0 expedi\u00e7\u00e3o da encomenda, cancelar o pedido. Para mais informa\u00e7\u00f5es sobre Devolu\u00e7\u00f5es e Cancelamentos, consulte os nossos <strong><a href=\"https:\/\/fineandcandy.com\/pt-pt\/termos-e-condicoes\/\" target=\"_blank\" style=\"color:#000;\">Termos e Condi\u00e7\u00f5es<\/a><\/strong>.\n<\/p>\n<p style=\"font-size: 8pt;\">O pre\u00e7o total especificado no checkout inclui impostos do pa\u00eds de origem (Portugal) e custos de envio.\n<\/p>\n<p style=\"font-size: 8pt;\">O cliente deve pagar apenas o montante especificado na confirma\u00e7\u00e3o da encomenda.\n<\/p>\n<p style=\"text-decoration: underline;\"><strong>M\u00e9todos de pagamento<\/strong>\n<\/p>\n<p style=\"font-size: 8pt;\">O cliente poder\u00e1 pagar sua encomenda atrav\u00e9s de:\n<\/p>\n<ul style=\"font-size: 8pt;\">\n<li style=\"font-size: 8pt;\">Easypay &#8211; Institui\u00e7\u00e3o de Pagamento Lda:\n<ul>\n<li style=\"font-size: 8pt;\">Cart\u00e3o de cr\u00e9dito (Visa, Mastercard&#8230;);<\/li>\n<li style=\"font-size: 8pt;\">Refer\u00eancia Multibanco;<\/li>\n<li style=\"font-size: 8pt;\">Transfer\u00eancia Banc\u00e1ria;<\/li>\n<\/ul>\n<\/li>\n<li style=\"font-size: 8pt;\">Paypal<\/li>\n<li style=\"font-size: 8pt;\">American Express<\/li>\n<\/ul>\n<p style=\"text-decoration: underline;\"><strong>Trocas e devolu\u00e7\u00f5es<\/strong>\n<\/p>\n<p style=\"font-size: 8pt;\"><strong>1.\tCancelamento da encomenda antes do envio:<\/strong>\n<\/p>\n<p style=\"font-size: 8pt;\">O cliente pode cancelar a encomenda de produtos sem qualquer custo associado, desde que estes ainda n\u00e3o tenham sido enviados.\n<\/p>\n<p style=\"font-size: 8pt;\">Se pretender cancelar a sua encomenda deve contactar imediatamente atrav\u00e9s do e-mail <strong><a href=\"mailto:geral@fineandcandy.com\" style=\"color:#000;\">geral@fineandcandy.com<\/a><\/strong>. Este procedimento \u00e9 indispens\u00e1vel para acionar o processo de cancelamento. Caso o pedido de cancelamento seja comunicado atempadamente, o cliente ser\u00e1 notificado e a anula\u00e7\u00e3o ser\u00e1 processada sem custos. (N\u00e3o aplic\u00e1vel a produtos personalizados)\n<\/p>\n<p style=\"font-size: 8pt;\">Caso o pedido de cancelamento n\u00e3o seja feito antes do envio da encomenda, os produtos ser\u00e3o enviados e cobrados ao cliente.\n<\/p>\n<p style=\"font-size: 8pt;\"><strong>2.\tDevolu\u00e7\u00e3o de produtos defeituosos: <\/strong>\n<\/p>\n<p style=\"font-size: 8pt;\">Se verificar que os produtos est\u00e3o danificados, pedimos que reporte a situa\u00e7\u00e3o, se poss\u00edvel documentada com fotografias, atrav\u00e9s do e-mail <strong><a href=\"mailto:geral@fineandcandy.com\" style=\"color:#000;\">geral@fineandcandy.com<\/a><\/strong> e proceder ao reenvio da encomenda no prazo de 5(cinco) dias. O reenvio ser\u00e1 suportado pela <i>FINE&amp;CANDY<\/i>. O Reembolso ser\u00e1 efetuado no prazo de 30 (trinta) dias.\n<\/p>\n<p style=\"font-size: 8pt;\">O cliente tem o direito \u00e0 devolu\u00e7\u00e3o dos produtos entregues se se verificar que estes apresentam defeitos ou outras n\u00e3o conformidades.\n<\/p>\n<p style=\"font-size: 8pt;\">A rece\u00e7\u00e3o de artigos defeituosos deve ser comunicada \u00e0 <i>FINE&amp;CANDY<\/i> atrav\u00e9s do e-mail <strong><a href=\"mailto:geral@fineandcandy.com\" style=\"color:#000;\">geral@fineandcandy.com<\/a><\/strong> no prazo de 3 (tr\u00eas) dias ap\u00f3s a rece\u00e7\u00e3o da encomenda, incluindo uma fotografia que o documente. Caso a sua reclama\u00e7\u00e3o seja justificada, o valor pago pelo produto e pelas despesas de envio para a morada da <i>FINE&amp;CANDY<\/i>, ser\u00e1 reembolsado.\n<\/p>\n<p style=\"font-size: 8pt;\">A <i>FINE&amp;CANDY<\/i> reserva-se o direito de recusar a devolu\u00e7\u00e3o de produtos com sinais vis\u00edveis de uso ou transformados.\n<\/p>\n<p style=\"font-size: 8pt;\"><strong>3.\tDevolu\u00e7\u00e3o de produtos: <\/strong>\n<\/p>\n<p style=\"font-size: 8pt;\">O cliente poder\u00e1 proceder \u00e0 devolu\u00e7\u00e3o do(s) produto(s) encomendado(s) 14 (catorze) dias ap\u00f3s a rece\u00e7\u00e3o, desde que:\n<\/p>\n<ol>\n<li>O(s) produto(s) n\u00e3o tenham sido utilizados; <\/li>\n<li>O(s) produto(s) mantenham as suas caracter\u00edsticas originais e etiquetas intactas;<\/li>\n<li>O(s) produto(s) se encontrem completos. (Todo o material que acompanha as encomendas tem de ser devolvido)<\/li>\n<\/ol>\n<p style=\"font-size: 8pt;\"><em>N\u00e3o aplic\u00e1vel a produtos personalizados<\/em>\n<\/p>\n<p style=\"font-size: 8pt;\">O cliente dever\u00e1 solicitar a devolu\u00e7\u00e3o da encomenda atrav\u00e9s do e-mail <strong><a href=\"mailto:geral@fineandcandy.com\" style=\"color:#000;\">geral@fineandcandy.com<\/a><\/strong>, explicando o motivo pelo qual quer proceder \u00e0 devolu\u00e7\u00e3o da encomenda.<br \/>\nUma vez recebido o produto devolvido, a <i>FINE&amp;CANDY<\/i> analisar\u00e1 e confirmar\u00e1 o seu estado de conserva\u00e7\u00e3o e, quando aplic\u00e1vel, reembolsar\u00e1 no prazo m\u00e1ximo de 15 (quinze) dias os montantes pagos pelo cliente sem quaisquer despesas para este.\n<\/p>\n<p style=\"font-size: 8pt;\">Caso os artigos devolvidos estejam danificados ou gastos, a <i>FINE&amp;CANDY<\/i>  reserva-se ao direito de n\u00e3o aceitar a devolu\u00e7\u00e3o e de recusar o reembolso dos mesmos.<br \/>\nNote que, caso a sua devolu\u00e7\u00e3o tenha sido feita por outros motivos que n\u00e3o os da exist\u00eancia justificada de defeito ou n\u00e3o conformidade dos produtos encomendados, a <i>FINE&amp;CANDY<\/i> n\u00e3o efetuar\u00e1 o reembolso dos custos com o envio. Assim sendo, a <i>FINE&amp;CANDY<\/i> n\u00e3o reembolsar\u00e1 as despesas relativas aos portes inicialmente suportados pelo cliente para a respetiva encomenda.<\/p>\n","protected":false},"excerpt":{"rendered":"<p>A minha transa\u00e7\u00e3o \u00e9 segura? A Fine&amp;Candy tem o maior cuidado e preocupa\u00e7\u00e3o com sua privacidade enquanto estiver a fazer compras em nosso site. N\u00e3o iremos compartilhar ou vender a sua informa\u00e7\u00e3o para terceiros, e as informa\u00e7\u00f5es que recolhemos \u00e9 apenas utilizada para contat\u00e1-lo sobre a sua encomenda, se necess\u00e1rio. Os seus detalhes pessoais n\u00e3o [&hellip;]<\/p>\n","protected":false},"author":1,"featured_media":0,"parent":0,"menu_order":0,"comment_status":"closed","ping_status":"closed","template":"semtitulobox-template.php","meta":[],"yoast_head":"<!-- This site is optimized with the Yoast SEO plugin v20.4 - https:\/\/yoast.com\/wordpress\/plugins\/seo\/ -->\n<title>Perguntas frequentes - Fine &amp; Candy<\/title>\n<meta name=\"robots\" content=\"index, follow, max-snippet:-1, max-image-preview:large, max-video-preview:-1\" \/>\n<link rel=\"canonical\" href=\"https:\/\/fineandcandy.com\/pt-pt\/perguntas-frequentes\/\" \/>\n<meta property=\"og:locale\" content=\"pt_PT\" \/>\n<meta property=\"og:type\" content=\"article\" \/>\n<meta property=\"og:title\" content=\"Perguntas frequentes - Fine &amp; Candy\" \/>\n<meta property=\"og:description\" content=\"A minha transa\u00e7\u00e3o \u00e9 segura? A Fine&amp;Candy tem o maior cuidado e preocupa\u00e7\u00e3o com sua privacidade enquanto estiver a fazer compras em nosso site. N\u00e3o iremos compartilhar ou vender a sua informa\u00e7\u00e3o para terceiros, e as informa\u00e7\u00f5es que recolhemos \u00e9 apenas utilizada para contat\u00e1-lo sobre a sua encomenda, se necess\u00e1rio. Os seus detalhes pessoais n\u00e3o [&hellip;]\" \/>\n<meta property=\"og:url\" content=\"https:\/\/fineandcandy.com\/pt-pt\/perguntas-frequentes\/\" \/>\n<meta property=\"og:site_name\" content=\"Fine &amp; Candy\" \/>\n<meta property=\"article:modified_time\" content=\"2017-06-05T10:12:55+00:00\" \/>\n<meta name=\"twitter:card\" content=\"summary_large_image\" \/>\n<meta name=\"twitter:label1\" content=\"Est. reading time\" \/>\n\t<meta name=\"twitter:data1\" content=\"9 minutes\" \/>\n<script type=\"application\/ld+json\" class=\"yoast-schema-graph\">{\"@context\":\"https:\/\/schema.org\",\"@graph\":[{\"@type\":\"WebPage\",\"@id\":\"https:\/\/fineandcandy.com\/pt-pt\/perguntas-frequentes\/\",\"url\":\"https:\/\/fineandcandy.com\/pt-pt\/perguntas-frequentes\/\",\"name\":\"Perguntas frequentes - Fine &amp; Candy\",\"isPartOf\":{\"@id\":\"https:\/\/fineandcandy.com\/#website\"},\"datePublished\":\"2016-05-05T16:25:57+00:00\",\"dateModified\":\"2017-06-05T10:12:55+00:00\",\"breadcrumb\":{\"@id\":\"https:\/\/fineandcandy.com\/pt-pt\/perguntas-frequentes\/#breadcrumb\"},\"inLanguage\":\"pt-PT\",\"potentialAction\":[{\"@type\":\"ReadAction\",\"target\":[\"https:\/\/fineandcandy.com\/pt-pt\/perguntas-frequentes\/\"]}]},{\"@type\":\"BreadcrumbList\",\"@id\":\"https:\/\/fineandcandy.com\/pt-pt\/perguntas-frequentes\/#breadcrumb\",\"itemListElement\":[{\"@type\":\"ListItem\",\"position\":1,\"name\":\"Home\",\"item\":\"https:\/\/fineandcandy.com\/pt-pt\/\"},{\"@type\":\"ListItem\",\"position\":2,\"name\":\"Perguntas frequentes\"}]},{\"@type\":\"WebSite\",\"@id\":\"https:\/\/fineandcandy.com\/#website\",\"url\":\"https:\/\/fineandcandy.com\/\",\"name\":\"Fine &amp; Candy\",\"description\":\"Handmade Stationery\",\"potentialAction\":[{\"@type\":\"SearchAction\",\"target\":{\"@type\":\"EntryPoint\",\"urlTemplate\":\"https:\/\/fineandcandy.com\/?s={search_term_string}\"},\"query-input\":\"required name=search_term_string\"}],\"inLanguage\":\"pt-PT\"}]}<\/script>\n<!-- \/ Yoast SEO plugin. -->","yoast_head_json":{"title":"Perguntas frequentes - Fine &amp; Candy","robots":{"index":"index","follow":"follow","max-snippet":"max-snippet:-1","max-image-preview":"max-image-preview:large","max-video-preview":"max-video-preview:-1"},"canonical":"https:\/\/fineandcandy.com\/pt-pt\/perguntas-frequentes\/","og_locale":"pt_PT","og_type":"article","og_title":"Perguntas frequentes - Fine &amp; Candy","og_description":"A minha transa\u00e7\u00e3o \u00e9 segura? A Fine&amp;Candy tem o maior cuidado e preocupa\u00e7\u00e3o com sua privacidade enquanto estiver a fazer compras em nosso site. N\u00e3o iremos compartilhar ou vender a sua informa\u00e7\u00e3o para terceiros, e as informa\u00e7\u00f5es que recolhemos \u00e9 apenas utilizada para contat\u00e1-lo sobre a sua encomenda, se necess\u00e1rio. Os seus detalhes pessoais n\u00e3o [&hellip;]","og_url":"https:\/\/fineandcandy.com\/pt-pt\/perguntas-frequentes\/","og_site_name":"Fine &amp; Candy","article_modified_time":"2017-06-05T10:12:55+00:00","twitter_card":"summary_large_image","twitter_misc":{"Est. reading time":"9 minutes"},"schema":{"@context":"https:\/\/schema.org","@graph":[{"@type":"WebPage","@id":"https:\/\/fineandcandy.com\/pt-pt\/perguntas-frequentes\/","url":"https:\/\/fineandcandy.com\/pt-pt\/perguntas-frequentes\/","name":"Perguntas frequentes - Fine &amp; Candy","isPartOf":{"@id":"https:\/\/fineandcandy.com\/#website"},"datePublished":"2016-05-05T16:25:57+00:00","dateModified":"2017-06-05T10:12:55+00:00","breadcrumb":{"@id":"https:\/\/fineandcandy.com\/pt-pt\/perguntas-frequentes\/#breadcrumb"},"inLanguage":"pt-PT","potentialAction":[{"@type":"ReadAction","target":["https:\/\/fineandcandy.com\/pt-pt\/perguntas-frequentes\/"]}]},{"@type":"BreadcrumbList","@id":"https:\/\/fineandcandy.com\/pt-pt\/perguntas-frequentes\/#breadcrumb","itemListElement":[{"@type":"ListItem","position":1,"name":"Home","item":"https:\/\/fineandcandy.com\/pt-pt\/"},{"@type":"ListItem","position":2,"name":"Perguntas frequentes"}]},{"@type":"WebSite","@id":"https:\/\/fineandcandy.com\/#website","url":"https:\/\/fineandcandy.com\/","name":"Fine &amp; Candy","description":"Handmade Stationery","potentialAction":[{"@type":"SearchAction","target":{"@type":"EntryPoint","urlTemplate":"https:\/\/fineandcandy.com\/?s={search_term_string}"},"query-input":"required name=search_term_string"}],"inLanguage":"pt-PT"}]}},"_links":{"self":[{"href":"https:\/\/fineandcandy.com\/pt-pt\/wp-json\/wp\/v2\/pages\/641"}],"collection":[{"href":"https:\/\/fineandcandy.com\/pt-pt\/wp-json\/wp\/v2\/pages"}],"about":[{"href":"https:\/\/fineandcandy.com\/pt-pt\/wp-json\/wp\/v2\/types\/page"}],"author":[{"embeddable":true,"href":"https:\/\/fineandcandy.com\/pt-pt\/wp-json\/wp\/v2\/users\/1"}],"replies":[{"embeddable":true,"href":"https:\/\/fineandcandy.com\/pt-pt\/wp-json\/wp\/v2\/comments?post=641"}],"version-history":[{"count":0,"href":"https:\/\/fineandcandy.com\/pt-pt\/wp-json\/wp\/v2\/pages\/641\/revisions"}],"wp:attachment":[{"href":"https:\/\/fineandcandy.com\/pt-pt\/wp-json\/wp\/v2\/media?parent=641"}],"curies":[{"name":"wp","href":"https:\/\/api.w.org\/{rel}","templated":true}]}}