{"id":10850,"date":"2019-10-29T16:02:48","date_gmt":"2019-10-29T16:02:48","guid":{"rendered":"http:\/\/fineandcandy.gaspardbruno.com\/?post_type=product&#038;p=10850"},"modified":"2022-10-20T14:31:49","modified_gmt":"2022-10-20T14:31:49","slug":"bases-para-copos","status":"publish","type":"product","link":"https:\/\/fineandcandy.com\/pt-pt\/product\/bases-para-copos\/","title":{"rendered":"Bases para Copos"},"content":{"rendered":"","protected":false},"excerpt":{"rendered":"<p>Adicione um toque de luxo \u00e0 sua casa com este conjunto de base de copos. Com uma superf\u00edcie em lat\u00e3o dourado altamente polido forrado em pele, este conjunto inclu\u00ed seis base de copos e um suporte de lat\u00e3o dourado.<\/p>\n","protected":false},"featured_media":17529,"template":"","meta":[],"product_cat":[1972],"product_tag":[159,160,161,162,165,193,194,201,204,241,256,298,368,415,416,419,547,557,558,593,644,717,830,831,832,833,834,835,836,837,838,840,841,842,843,844,845,846,847,848,849,850,851,852,853,854,855,856,857,859,860,861,862,863,864,865,866,867,868,869,870,871,874,875,876,878,879,881,882,883,884,885,888,889,890,891,892,893,894,895,896,897,898,899,900,902,903,904,905,909,910,911,912,913,951,952,953,954,955,956,957,958,959,960,961,962,1270,1979,1980,1981,1982,1983,1984,1985,1986,1987,1988,1989,1990,1991,1992,1993,1994,1995,1996,1997,1998],"giftcard-category":[],"supplier_id":null,"supplier_sku":"","atum_controlled":true,"out_stock_date":"2023-05-05T16:06:56","out_stock_threshold":null,"inheritable":false,"inbound_stock":0,"stock_on_hold":0,"sold_today":0,"sales_last_days":0,"reserved_stock":0,"customer_returns":0,"warehouse_damage":0,"lost_in_post":0,"other_logs":0,"out_stock_days":1082,"lost_sales":37097,"has_location":false,"update_date":"2026-04-22T00:59:49","atum_locations":[],"atum_stock_status":"outofstock","low_stock":false,"low_stock_amount":"","yoast_head":"<!-- This site is optimized with the Yoast SEO plugin v20.4 - https:\/\/yoast.com\/wordpress\/plugins\/seo\/ -->\n<title>Bases para Copos - Fine &amp; Candy<\/title>\n<meta name=\"robots\" content=\"index, follow, max-snippet:-1, max-image-preview:large, max-video-preview:-1\" \/>\n<link rel=\"canonical\" href=\"https:\/\/fineandcandy.com\/pt-pt\/product\/bases-para-copos\/\" \/>\n<meta property=\"og:locale\" content=\"pt_PT\" \/>\n<meta property=\"og:type\" content=\"article\" \/>\n<meta property=\"og:title\" content=\"Bases para Copos - Fine &amp; Candy\" \/>\n<meta property=\"og:description\" content=\"Adicione um toque de luxo \u00e0 sua casa com este conjunto de base de copos. Com uma superf\u00edcie em lat\u00e3o dourado altamente polido forrado em pele, este conjunto inclu\u00ed seis base de copos e um suporte de lat\u00e3o dourado.\" \/>\n<meta property=\"og:url\" content=\"https:\/\/fineandcandy.com\/pt-pt\/product\/bases-para-copos\/\" \/>\n<meta property=\"og:site_name\" content=\"Fine &amp; Candy\" \/>\n<meta property=\"article:modified_time\" content=\"2022-10-20T14:31:49+00:00\" \/>\n<meta property=\"og:image\" content=\"https:\/\/s3.eu-west-3.amazonaws.com\/fineandcandy.com\/wp-content\/uploads\/2020\/02\/coasters-.jpg\" \/>\n\t<meta property=\"og:image:width\" content=\"586\" \/>\n\t<meta property=\"og:image:height\" content=\"698\" \/>\n\t<meta property=\"og:image:type\" content=\"image\/jpeg\" \/>\n<meta name=\"twitter:card\" content=\"summary_large_image\" \/>\n<script type=\"application\/ld+json\" class=\"yoast-schema-graph\">{\"@context\":\"https:\/\/schema.org\",\"@graph\":[{\"@type\":\"WebPage\",\"@id\":\"https:\/\/fineandcandy.com\/pt-pt\/product\/bases-para-copos\/\",\"url\":\"https:\/\/fineandcandy.com\/pt-pt\/product\/bases-para-copos\/\",\"name\":\"Bases para Copos - Fine &amp; Candy\",\"isPartOf\":{\"@id\":\"https:\/\/fineandcandy.com\/#website\"},\"datePublished\":\"2019-10-29T16:02:48+00:00\",\"dateModified\":\"2022-10-20T14:31:49+00:00\",\"breadcrumb\":{\"@id\":\"https:\/\/fineandcandy.com\/pt-pt\/product\/bases-para-copos\/#breadcrumb\"},\"inLanguage\":\"pt-PT\",\"potentialAction\":[{\"@type\":\"ReadAction\",\"target\":[\"https:\/\/fineandcandy.com\/pt-pt\/product\/bases-para-copos\/\"]}]},{\"@type\":\"BreadcrumbList\",\"@id\":\"https:\/\/fineandcandy.com\/pt-pt\/product\/bases-para-copos\/#breadcrumb\",\"itemListElement\":[{\"@type\":\"ListItem\",\"position\":1,\"name\":\"Home\",\"item\":\"https:\/\/fineandcandy.com\/pt-pt\/\"},{\"@type\":\"ListItem\",\"position\":2,\"name\":\"Loja\",\"item\":\"https:\/\/fineandcandy.com\/pt-pt\/loja\/\"},{\"@type\":\"ListItem\",\"position\":3,\"name\":\"Bases para Copos\"}]},{\"@type\":\"WebSite\",\"@id\":\"https:\/\/fineandcandy.com\/#website\",\"url\":\"https:\/\/fineandcandy.com\/\",\"name\":\"Fine &amp; Candy\",\"description\":\"Handmade Stationery\",\"potentialAction\":[{\"@type\":\"SearchAction\",\"target\":{\"@type\":\"EntryPoint\",\"urlTemplate\":\"https:\/\/fineandcandy.com\/?s={search_term_string}\"},\"query-input\":\"required name=search_term_string\"}],\"inLanguage\":\"pt-PT\"}]}<\/script>\n<!-- \/ Yoast SEO plugin. -->","yoast_head_json":{"title":"Bases para Copos - Fine &amp; Candy","robots":{"index":"index","follow":"follow","max-snippet":"max-snippet:-1","max-image-preview":"max-image-preview:large","max-video-preview":"max-video-preview:-1"},"canonical":"https:\/\/fineandcandy.com\/pt-pt\/product\/bases-para-copos\/","og_locale":"pt_PT","og_type":"article","og_title":"Bases para Copos - Fine &amp; Candy","og_description":"Adicione um toque de luxo \u00e0 sua casa com este conjunto de base de copos. Com uma superf\u00edcie em lat\u00e3o dourado altamente polido forrado em pele, este conjunto inclu\u00ed seis base de copos e um suporte de lat\u00e3o dourado.","og_url":"https:\/\/fineandcandy.com\/pt-pt\/product\/bases-para-copos\/","og_site_name":"Fine &amp; Candy","article_modified_time":"2022-10-20T14:31:49+00:00","og_image":[{"width":586,"height":698,"url":"https:\/\/s3.eu-west-3.amazonaws.com\/fineandcandy.com\/wp-content\/uploads\/2020\/02\/coasters-.jpg","type":"image\/jpeg"}],"twitter_card":"summary_large_image","schema":{"@context":"https:\/\/schema.org","@graph":[{"@type":"WebPage","@id":"https:\/\/fineandcandy.com\/pt-pt\/product\/bases-para-copos\/","url":"https:\/\/fineandcandy.com\/pt-pt\/product\/bases-para-copos\/","name":"Bases para Copos - Fine &amp; Candy","isPartOf":{"@id":"https:\/\/fineandcandy.com\/#website"},"datePublished":"2019-10-29T16:02:48+00:00","dateModified":"2022-10-20T14:31:49+00:00","breadcrumb":{"@id":"https:\/\/fineandcandy.com\/pt-pt\/product\/bases-para-copos\/#breadcrumb"},"inLanguage":"pt-PT","potentialAction":[{"@type":"ReadAction","target":["https:\/\/fineandcandy.com\/pt-pt\/product\/bases-para-copos\/"]}]},{"@type":"BreadcrumbList","@id":"https:\/\/fineandcandy.com\/pt-pt\/product\/bases-para-copos\/#breadcrumb","itemListElement":[{"@type":"ListItem","position":1,"name":"Home","item":"https:\/\/fineandcandy.com\/pt-pt\/"},{"@type":"ListItem","position":2,"name":"Loja","item":"https:\/\/fineandcandy.com\/pt-pt\/loja\/"},{"@type":"ListItem","position":3,"name":"Bases para Copos"}]},{"@type":"WebSite","@id":"https:\/\/fineandcandy.com\/#website","url":"https:\/\/fineandcandy.com\/","name":"Fine &amp; Candy","description":"Handmade Stationery","potentialAction":[{"@type":"SearchAction","target":{"@type":"EntryPoint","urlTemplate":"https:\/\/fineandcandy.com\/?s={search_term_string}"},"query-input":"required name=search_term_string"}],"inLanguage":"pt-PT"}]}},"_links":{"self":[{"href":"https:\/\/fineandcandy.com\/pt-pt\/wp-json\/wp\/v2\/product\/10850"}],"collection":[{"href":"https:\/\/fineandcandy.com\/pt-pt\/wp-json\/wp\/v2\/product"}],"about":[{"href":"https:\/\/fineandcandy.com\/pt-pt\/wp-json\/wp\/v2\/types\/product"}],"wp:featuredmedia":[{"embeddable":true,"href":"https:\/\/fineandcandy.com\/pt-pt\/wp-json\/wp\/v2\/media\/17529"}],"wp:attachment":[{"href":"https:\/\/fineandcandy.com\/pt-pt\/wp-json\/wp\/v2\/media?parent=10850"}],"wp:term":[{"taxonomy":"product_cat","embeddable":true,"href":"https:\/\/fineandcandy.com\/pt-pt\/wp-json\/wp\/v2\/product_cat?post=10850"},{"taxonomy":"product_tag","embeddable":true,"href":"https:\/\/fineandcandy.com\/pt-pt\/wp-json\/wp\/v2\/product_tag?post=10850"},{"taxonomy":"giftcard-category","embeddable":true,"href":"https:\/\/fineandcandy.com\/pt-pt\/wp-json\/wp\/v2\/giftcard-category?post=10850"}],"curies":[{"name":"wp","href":"https:\/\/api.w.org\/{rel}","templated":true}]}}