{"id":1432,"date":"2016-06-07T16:13:59","date_gmt":"2016-06-07T16:13:59","guid":{"rendered":"http:\/\/www.fineandcandy.com\/?post_type=product&#038;p=1432"},"modified":"2022-09-29T11:09:08","modified_gmt":"2022-09-29T11:09:08","slug":"flamingo-motel","status":"publish","type":"product","link":"https:\/\/fineandcandy.com\/pt-pt\/product\/flamingo-motel\/","title":{"rendered":"Flamingo Motel"},"content":{"rendered":"","protected":false},"excerpt":{"rendered":"<p>Ilustrado pela &#8220;it girl&#8221; Hala Salem Achillas o nosso notebook Flamingo Motel repleto de cores divertidas da California, \u00e9 uma pe\u00e7a exclusiva, ideal para o acompanhar no seu dia a dia. O interior repleto de p\u00e1ginas em branco \u00e9 perfeito para deixar todas as suas anota\u00e7\u00f5es, mem\u00f3rias e esbo\u00e7os.<\/p>\n","protected":false},"featured_media":1443,"template":"","meta":[],"product_cat":[497],"product_tag":[159,160,161,162,165,176,194,241,256,298,415,416,419,547,557,593,644,830,831,832,833,834,835,836,837,838,840,841,842,843,844,845,846,847,848,849,850,851,852,853,854,855,856,857,859,860,861,862,863,864,865,866,867,868,869,870,871,874,875,876,878,879,881,882,883,884,885,887,888,889,890,891,892,893,894,895,896,897,898,899,900,901,902,903,904,905,909,910,911,912,913,951,952,953,954,955,956,957,958,959,960,961,962,1052,1841,1842,1843,1844,1845,1846,1847,1848],"giftcard-category":[],"supplier_id":null,"supplier_sku":"","atum_controlled":true,"out_stock_date":null,"out_stock_threshold":null,"inheritable":false,"inbound_stock":0,"stock_on_hold":0,"sold_today":0,"sales_last_days":0,"reserved_stock":0,"customer_returns":0,"warehouse_damage":0,"lost_in_post":0,"other_logs":0,"out_stock_days":0,"lost_sales":0,"has_location":false,"update_date":"2026-04-04T01:31:37","atum_locations":[],"atum_stock_status":"instock","low_stock":false,"low_stock_amount":"","yoast_head":"<!-- This site is optimized with the Yoast SEO plugin v20.4 - https:\/\/yoast.com\/wordpress\/plugins\/seo\/ -->\n<title>Flamingo Motel - Fine &amp; Candy<\/title>\n<meta name=\"robots\" content=\"index, follow, max-snippet:-1, max-image-preview:large, max-video-preview:-1\" \/>\n<link rel=\"canonical\" href=\"https:\/\/fineandcandy.com\/pt-pt\/product\/flamingo-motel\/\" \/>\n<meta property=\"og:locale\" content=\"pt_PT\" \/>\n<meta property=\"og:type\" content=\"article\" \/>\n<meta property=\"og:title\" content=\"Flamingo Motel - Fine &amp; Candy\" \/>\n<meta property=\"og:description\" content=\"Ilustrado pela &quot;it girl&quot; Hala Salem Achillas o nosso notebook Flamingo Motel repleto de cores divertidas da California, \u00e9 uma pe\u00e7a exclusiva, ideal para o acompanhar no seu dia a dia. O interior repleto de p\u00e1ginas em branco \u00e9 perfeito para deixar todas as suas anota\u00e7\u00f5es, mem\u00f3rias e esbo\u00e7os.\" \/>\n<meta property=\"og:url\" content=\"https:\/\/fineandcandy.com\/pt-pt\/product\/flamingo-motel\/\" \/>\n<meta property=\"og:site_name\" content=\"Fine &amp; Candy\" \/>\n<meta property=\"article:modified_time\" content=\"2022-09-29T11:09:08+00:00\" \/>\n<meta property=\"og:image\" content=\"https:\/\/s3.eu-west-3.amazonaws.com\/fineandcandy.com\/wp-content\/uploads\/2016\/06\/flamingo_f.jpg\" \/>\n\t<meta property=\"og:image:width\" content=\"586\" \/>\n\t<meta property=\"og:image:height\" content=\"698\" \/>\n\t<meta property=\"og:image:type\" content=\"image\/jpeg\" \/>\n<meta name=\"twitter:card\" content=\"summary_large_image\" \/>\n<script type=\"application\/ld+json\" class=\"yoast-schema-graph\">{\"@context\":\"https:\/\/schema.org\",\"@graph\":[{\"@type\":\"WebPage\",\"@id\":\"https:\/\/fineandcandy.com\/pt-pt\/product\/flamingo-motel\/\",\"url\":\"https:\/\/fineandcandy.com\/pt-pt\/product\/flamingo-motel\/\",\"name\":\"Flamingo Motel - Fine &amp; Candy\",\"isPartOf\":{\"@id\":\"https:\/\/fineandcandy.com\/#website\"},\"datePublished\":\"2016-06-07T16:13:59+00:00\",\"dateModified\":\"2022-09-29T11:09:08+00:00\",\"breadcrumb\":{\"@id\":\"https:\/\/fineandcandy.com\/pt-pt\/product\/flamingo-motel\/#breadcrumb\"},\"inLanguage\":\"pt-PT\",\"potentialAction\":[{\"@type\":\"ReadAction\",\"target\":[\"https:\/\/fineandcandy.com\/pt-pt\/product\/flamingo-motel\/\"]}]},{\"@type\":\"BreadcrumbList\",\"@id\":\"https:\/\/fineandcandy.com\/pt-pt\/product\/flamingo-motel\/#breadcrumb\",\"itemListElement\":[{\"@type\":\"ListItem\",\"position\":1,\"name\":\"Home\",\"item\":\"https:\/\/fineandcandy.com\/pt-pt\/\"},{\"@type\":\"ListItem\",\"position\":2,\"name\":\"Loja\",\"item\":\"https:\/\/fineandcandy.com\/pt-pt\/loja\/\"},{\"@type\":\"ListItem\",\"position\":3,\"name\":\"Flamingo Motel\"}]},{\"@type\":\"WebSite\",\"@id\":\"https:\/\/fineandcandy.com\/#website\",\"url\":\"https:\/\/fineandcandy.com\/\",\"name\":\"Fine &amp; Candy\",\"description\":\"Handmade Stationery\",\"potentialAction\":[{\"@type\":\"SearchAction\",\"target\":{\"@type\":\"EntryPoint\",\"urlTemplate\":\"https:\/\/fineandcandy.com\/?s={search_term_string}\"},\"query-input\":\"required name=search_term_string\"}],\"inLanguage\":\"pt-PT\"}]}<\/script>\n<!-- \/ Yoast SEO plugin. -->","yoast_head_json":{"title":"Flamingo Motel - Fine &amp; Candy","robots":{"index":"index","follow":"follow","max-snippet":"max-snippet:-1","max-image-preview":"max-image-preview:large","max-video-preview":"max-video-preview:-1"},"canonical":"https:\/\/fineandcandy.com\/pt-pt\/product\/flamingo-motel\/","og_locale":"pt_PT","og_type":"article","og_title":"Flamingo Motel - Fine &amp; Candy","og_description":"Ilustrado pela \"it girl\" Hala Salem Achillas o nosso notebook Flamingo Motel repleto de cores divertidas da California, \u00e9 uma pe\u00e7a exclusiva, ideal para o acompanhar no seu dia a dia. O interior repleto de p\u00e1ginas em branco \u00e9 perfeito para deixar todas as suas anota\u00e7\u00f5es, mem\u00f3rias e esbo\u00e7os.","og_url":"https:\/\/fineandcandy.com\/pt-pt\/product\/flamingo-motel\/","og_site_name":"Fine &amp; Candy","article_modified_time":"2022-09-29T11:09:08+00:00","og_image":[{"width":586,"height":698,"url":"https:\/\/s3.eu-west-3.amazonaws.com\/fineandcandy.com\/wp-content\/uploads\/2016\/06\/flamingo_f.jpg","type":"image\/jpeg"}],"twitter_card":"summary_large_image","schema":{"@context":"https:\/\/schema.org","@graph":[{"@type":"WebPage","@id":"https:\/\/fineandcandy.com\/pt-pt\/product\/flamingo-motel\/","url":"https:\/\/fineandcandy.com\/pt-pt\/product\/flamingo-motel\/","name":"Flamingo Motel - Fine &amp; Candy","isPartOf":{"@id":"https:\/\/fineandcandy.com\/#website"},"datePublished":"2016-06-07T16:13:59+00:00","dateModified":"2022-09-29T11:09:08+00:00","breadcrumb":{"@id":"https:\/\/fineandcandy.com\/pt-pt\/product\/flamingo-motel\/#breadcrumb"},"inLanguage":"pt-PT","potentialAction":[{"@type":"ReadAction","target":["https:\/\/fineandcandy.com\/pt-pt\/product\/flamingo-motel\/"]}]},{"@type":"BreadcrumbList","@id":"https:\/\/fineandcandy.com\/pt-pt\/product\/flamingo-motel\/#breadcrumb","itemListElement":[{"@type":"ListItem","position":1,"name":"Home","item":"https:\/\/fineandcandy.com\/pt-pt\/"},{"@type":"ListItem","position":2,"name":"Loja","item":"https:\/\/fineandcandy.com\/pt-pt\/loja\/"},{"@type":"ListItem","position":3,"name":"Flamingo Motel"}]},{"@type":"WebSite","@id":"https:\/\/fineandcandy.com\/#website","url":"https:\/\/fineandcandy.com\/","name":"Fine &amp; Candy","description":"Handmade Stationery","potentialAction":[{"@type":"SearchAction","target":{"@type":"EntryPoint","urlTemplate":"https:\/\/fineandcandy.com\/?s={search_term_string}"},"query-input":"required name=search_term_string"}],"inLanguage":"pt-PT"}]}},"_links":{"self":[{"href":"https:\/\/fineandcandy.com\/pt-pt\/wp-json\/wp\/v2\/product\/1432"}],"collection":[{"href":"https:\/\/fineandcandy.com\/pt-pt\/wp-json\/wp\/v2\/product"}],"about":[{"href":"https:\/\/fineandcandy.com\/pt-pt\/wp-json\/wp\/v2\/types\/product"}],"wp:featuredmedia":[{"embeddable":true,"href":"https:\/\/fineandcandy.com\/pt-pt\/wp-json\/wp\/v2\/media\/1443"}],"wp:attachment":[{"href":"https:\/\/fineandcandy.com\/pt-pt\/wp-json\/wp\/v2\/media?parent=1432"}],"wp:term":[{"taxonomy":"product_cat","embeddable":true,"href":"https:\/\/fineandcandy.com\/pt-pt\/wp-json\/wp\/v2\/product_cat?post=1432"},{"taxonomy":"product_tag","embeddable":true,"href":"https:\/\/fineandcandy.com\/pt-pt\/wp-json\/wp\/v2\/product_tag?post=1432"},{"taxonomy":"giftcard-category","embeddable":true,"href":"https:\/\/fineandcandy.com\/pt-pt\/wp-json\/wp\/v2\/giftcard-category?post=1432"}],"curies":[{"name":"wp","href":"https:\/\/api.w.org\/{rel}","templated":true}]}}