{"id":1505,"date":"2016-06-16T15:43:03","date_gmt":"2016-06-16T15:43:03","guid":{"rendered":"http:\/\/bubbles.com.pt\/?post_type=product&#038;p=1505"},"modified":"2022-10-25T14:41:18","modified_gmt":"2022-10-25T14:41:18","slug":"charcoal","status":"publish","type":"product","link":"https:\/\/fineandcandy.com\/pt-pt\/product\/charcoal\/","title":{"rendered":"Charcoal"},"content":{"rendered":"","protected":false},"excerpt":{"rendered":"<p>Com acabamentos de grande requinte, com grande durabilidade e detalhes \u00fanicos, o nosso notebook Charcoal \u00e9 uma pe\u00e7a exclusiva, ideal para o acompanhar no seu dia a dia. O interior repleto de p\u00e1ginas em branco \u00e9 perfeito para deixar todas as suas anota\u00e7\u00f5es, mem\u00f3rias e esbo\u00e7os.<\/p>\n","protected":false},"featured_media":1514,"template":"","meta":[],"product_cat":[27],"product_tag":[881,896,894,893,892,891,890,889,888,885,884,883,882,897,879,878,876,875,874,871,870,869,868,867,866,913,1145,1076,1069,962,961,960,959,958,957,956,955,954,865,912,911,910,909,905,904,903,902,900,899,898,557,838,837,836,835,834,833,832,831,830,720,644,593,840,547,419,416,415,298,256,194,165,162,161,160,852,864,863,862,861,860,859,857,856,855,854,853,159,851,850,849,848,847,846,845,844,843,842,841],"giftcard-category":[],"supplier_id":null,"supplier_sku":"","atum_controlled":true,"out_stock_date":null,"out_stock_threshold":null,"inheritable":true,"inbound_stock":0,"stock_on_hold":0,"sold_today":0,"sales_last_days":0,"reserved_stock":0,"customer_returns":0,"warehouse_damage":0,"lost_in_post":0,"other_logs":0,"out_stock_days":0,"lost_sales":0,"has_location":false,"update_date":"2026-04-07T00:01:09","atum_locations":[],"atum_stock_status":"instock","low_stock":false,"low_stock_amount":"","yoast_head":"<!-- This site is optimized with the Yoast SEO plugin v20.4 - https:\/\/yoast.com\/wordpress\/plugins\/seo\/ -->\n<title>Charcoal - Fine &amp; Candy<\/title>\n<meta name=\"robots\" content=\"index, follow, max-snippet:-1, max-image-preview:large, max-video-preview:-1\" \/>\n<link rel=\"canonical\" href=\"https:\/\/fineandcandy.com\/pt-pt\/product\/charcoal\/\" \/>\n<meta property=\"og:locale\" content=\"pt_PT\" \/>\n<meta property=\"og:type\" content=\"article\" \/>\n<meta property=\"og:title\" content=\"Charcoal - Fine &amp; Candy\" \/>\n<meta property=\"og:description\" content=\"Com acabamentos de grande requinte, com grande durabilidade e detalhes \u00fanicos, o nosso notebook Charcoal \u00e9 uma pe\u00e7a exclusiva, ideal para o acompanhar no seu dia a dia. O interior repleto de p\u00e1ginas em branco \u00e9 perfeito para deixar todas as suas anota\u00e7\u00f5es, mem\u00f3rias e esbo\u00e7os.\" \/>\n<meta property=\"og:url\" content=\"https:\/\/fineandcandy.com\/pt-pt\/product\/charcoal\/\" \/>\n<meta property=\"og:site_name\" content=\"Fine &amp; Candy\" \/>\n<meta property=\"article:modified_time\" content=\"2022-10-25T14:41:18+00:00\" \/>\n<meta property=\"og:image\" content=\"https:\/\/s3.eu-west-3.amazonaws.com\/fineandcandy.com\/wp-content\/uploads\/2016\/06\/charcoal_f.jpg\" \/>\n\t<meta property=\"og:image:width\" content=\"586\" \/>\n\t<meta property=\"og:image:height\" content=\"698\" \/>\n\t<meta property=\"og:image:type\" content=\"image\/jpeg\" \/>\n<meta name=\"twitter:card\" content=\"summary_large_image\" \/>\n<script type=\"application\/ld+json\" class=\"yoast-schema-graph\">{\"@context\":\"https:\/\/schema.org\",\"@graph\":[{\"@type\":\"WebPage\",\"@id\":\"https:\/\/fineandcandy.com\/pt-pt\/product\/charcoal\/\",\"url\":\"https:\/\/fineandcandy.com\/pt-pt\/product\/charcoal\/\",\"name\":\"Charcoal - Fine &amp; Candy\",\"isPartOf\":{\"@id\":\"https:\/\/fineandcandy.com\/#website\"},\"datePublished\":\"2016-06-16T15:43:03+00:00\",\"dateModified\":\"2022-10-25T14:41:18+00:00\",\"breadcrumb\":{\"@id\":\"https:\/\/fineandcandy.com\/pt-pt\/product\/charcoal\/#breadcrumb\"},\"inLanguage\":\"pt-PT\",\"potentialAction\":[{\"@type\":\"ReadAction\",\"target\":[\"https:\/\/fineandcandy.com\/pt-pt\/product\/charcoal\/\"]}]},{\"@type\":\"BreadcrumbList\",\"@id\":\"https:\/\/fineandcandy.com\/pt-pt\/product\/charcoal\/#breadcrumb\",\"itemListElement\":[{\"@type\":\"ListItem\",\"position\":1,\"name\":\"Home\",\"item\":\"https:\/\/fineandcandy.com\/pt-pt\/\"},{\"@type\":\"ListItem\",\"position\":2,\"name\":\"Loja\",\"item\":\"https:\/\/fineandcandy.com\/pt-pt\/loja\/\"},{\"@type\":\"ListItem\",\"position\":3,\"name\":\"Charcoal\"}]},{\"@type\":\"WebSite\",\"@id\":\"https:\/\/fineandcandy.com\/#website\",\"url\":\"https:\/\/fineandcandy.com\/\",\"name\":\"Fine &amp; Candy\",\"description\":\"Handmade Stationery\",\"potentialAction\":[{\"@type\":\"SearchAction\",\"target\":{\"@type\":\"EntryPoint\",\"urlTemplate\":\"https:\/\/fineandcandy.com\/?s={search_term_string}\"},\"query-input\":\"required name=search_term_string\"}],\"inLanguage\":\"pt-PT\"}]}<\/script>\n<!-- \/ Yoast SEO plugin. -->","yoast_head_json":{"title":"Charcoal - Fine &amp; Candy","robots":{"index":"index","follow":"follow","max-snippet":"max-snippet:-1","max-image-preview":"max-image-preview:large","max-video-preview":"max-video-preview:-1"},"canonical":"https:\/\/fineandcandy.com\/pt-pt\/product\/charcoal\/","og_locale":"pt_PT","og_type":"article","og_title":"Charcoal - Fine &amp; Candy","og_description":"Com acabamentos de grande requinte, com grande durabilidade e detalhes \u00fanicos, o nosso notebook Charcoal \u00e9 uma pe\u00e7a exclusiva, ideal para o acompanhar no seu dia a dia. O interior repleto de p\u00e1ginas em branco \u00e9 perfeito para deixar todas as suas anota\u00e7\u00f5es, mem\u00f3rias e esbo\u00e7os.","og_url":"https:\/\/fineandcandy.com\/pt-pt\/product\/charcoal\/","og_site_name":"Fine &amp; Candy","article_modified_time":"2022-10-25T14:41:18+00:00","og_image":[{"width":586,"height":698,"url":"https:\/\/s3.eu-west-3.amazonaws.com\/fineandcandy.com\/wp-content\/uploads\/2016\/06\/charcoal_f.jpg","type":"image\/jpeg"}],"twitter_card":"summary_large_image","schema":{"@context":"https:\/\/schema.org","@graph":[{"@type":"WebPage","@id":"https:\/\/fineandcandy.com\/pt-pt\/product\/charcoal\/","url":"https:\/\/fineandcandy.com\/pt-pt\/product\/charcoal\/","name":"Charcoal - Fine &amp; Candy","isPartOf":{"@id":"https:\/\/fineandcandy.com\/#website"},"datePublished":"2016-06-16T15:43:03+00:00","dateModified":"2022-10-25T14:41:18+00:00","breadcrumb":{"@id":"https:\/\/fineandcandy.com\/pt-pt\/product\/charcoal\/#breadcrumb"},"inLanguage":"pt-PT","potentialAction":[{"@type":"ReadAction","target":["https:\/\/fineandcandy.com\/pt-pt\/product\/charcoal\/"]}]},{"@type":"BreadcrumbList","@id":"https:\/\/fineandcandy.com\/pt-pt\/product\/charcoal\/#breadcrumb","itemListElement":[{"@type":"ListItem","position":1,"name":"Home","item":"https:\/\/fineandcandy.com\/pt-pt\/"},{"@type":"ListItem","position":2,"name":"Loja","item":"https:\/\/fineandcandy.com\/pt-pt\/loja\/"},{"@type":"ListItem","position":3,"name":"Charcoal"}]},{"@type":"WebSite","@id":"https:\/\/fineandcandy.com\/#website","url":"https:\/\/fineandcandy.com\/","name":"Fine &amp; Candy","description":"Handmade Stationery","potentialAction":[{"@type":"SearchAction","target":{"@type":"EntryPoint","urlTemplate":"https:\/\/fineandcandy.com\/?s={search_term_string}"},"query-input":"required name=search_term_string"}],"inLanguage":"pt-PT"}]}},"_links":{"self":[{"href":"https:\/\/fineandcandy.com\/pt-pt\/wp-json\/wp\/v2\/product\/1505"}],"collection":[{"href":"https:\/\/fineandcandy.com\/pt-pt\/wp-json\/wp\/v2\/product"}],"about":[{"href":"https:\/\/fineandcandy.com\/pt-pt\/wp-json\/wp\/v2\/types\/product"}],"wp:featuredmedia":[{"embeddable":true,"href":"https:\/\/fineandcandy.com\/pt-pt\/wp-json\/wp\/v2\/media\/1514"}],"wp:attachment":[{"href":"https:\/\/fineandcandy.com\/pt-pt\/wp-json\/wp\/v2\/media?parent=1505"}],"wp:term":[{"taxonomy":"product_cat","embeddable":true,"href":"https:\/\/fineandcandy.com\/pt-pt\/wp-json\/wp\/v2\/product_cat?post=1505"},{"taxonomy":"product_tag","embeddable":true,"href":"https:\/\/fineandcandy.com\/pt-pt\/wp-json\/wp\/v2\/product_tag?post=1505"},{"taxonomy":"giftcard-category","embeddable":true,"href":"https:\/\/fineandcandy.com\/pt-pt\/wp-json\/wp\/v2\/giftcard-category?post=1505"}],"curies":[{"name":"wp","href":"https:\/\/api.w.org\/{rel}","templated":true}]}}