{"id":1906,"date":"2016-07-05T10:24:43","date_gmt":"2016-07-05T10:24:43","guid":{"rendered":"http:\/\/bubbles.com.pt\/?post_type=product&#038;p=1906"},"modified":"2022-09-29T11:09:35","modified_gmt":"2022-09-29T11:09:35","slug":"money","status":"publish","type":"product","link":"https:\/\/fineandcandy.com\/pt-pt\/product\/money\/","title":{"rendered":"Money"},"content":{"rendered":"","protected":false},"excerpt":{"rendered":"<p>Dispon\u00edveis com cinco ilustra\u00e7\u00f5es diferentes, as borrachas Fine&amp;Candy s\u00e3o ideais para apagar pequenas \u00e1reas escritas a l\u00e1pis de grafite. S\u00e3o macias, n\u00e3o danificam papel e com as suas originais ilustra\u00e7\u00f5es v\u00e3o ficar extraordin\u00e1rias na sua secret\u00e1ria.\u00a0Vai adorar cometer pequenos erros a l\u00e1pis.<\/p>\n","protected":false},"featured_media":1947,"template":"","meta":[],"product_cat":[77],"product_tag":[882,893,892,891,890,889,888,884,883,894,879,876,875,869,868,867,865,864,913,1550,1549,1539,1536,1115,962,956,952,863,911,910,909,905,904,903,902,298,690,644,593,557,547,419,416,415,720,256,196,194,171,165,162,161,843,862,861,859,857,856,854,853,852,160,842,841,840,838,837,836,835],"giftcard-category":[],"supplier_id":null,"supplier_sku":"","atum_controlled":true,"out_stock_date":null,"out_stock_threshold":null,"inheritable":false,"inbound_stock":0,"stock_on_hold":0,"sold_today":0,"sales_last_days":0,"reserved_stock":0,"customer_returns":0,"warehouse_damage":0,"lost_in_post":0,"other_logs":0,"out_stock_days":0,"lost_sales":0,"has_location":false,"update_date":"2026-04-06T00:14:12","atum_locations":[],"atum_stock_status":"instock","low_stock":false,"low_stock_amount":0,"yoast_head":"<!-- This site is optimized with the Yoast SEO plugin v20.4 - https:\/\/yoast.com\/wordpress\/plugins\/seo\/ -->\n<title>Money - Fine &amp; Candy<\/title>\n<meta name=\"robots\" content=\"index, follow, max-snippet:-1, max-image-preview:large, max-video-preview:-1\" \/>\n<link rel=\"canonical\" href=\"https:\/\/fineandcandy.com\/pt-pt\/product\/money\/\" \/>\n<meta property=\"og:locale\" content=\"pt_PT\" \/>\n<meta property=\"og:type\" content=\"article\" \/>\n<meta property=\"og:title\" content=\"Money - Fine &amp; Candy\" \/>\n<meta property=\"og:description\" content=\"Dispon\u00edveis com cinco ilustra\u00e7\u00f5es diferentes, as borrachas Fine&amp;Candy s\u00e3o ideais para apagar pequenas \u00e1reas escritas a l\u00e1pis de grafite. S\u00e3o macias, n\u00e3o danificam papel e com as suas originais ilustra\u00e7\u00f5es v\u00e3o ficar extraordin\u00e1rias na sua secret\u00e1ria.\u00a0Vai adorar cometer pequenos erros a l\u00e1pis.\" \/>\n<meta property=\"og:url\" content=\"https:\/\/fineandcandy.com\/pt-pt\/product\/money\/\" \/>\n<meta property=\"og:site_name\" content=\"Fine &amp; Candy\" \/>\n<meta property=\"article:modified_time\" content=\"2022-09-29T11:09:35+00:00\" \/>\n<meta property=\"og:image\" content=\"https:\/\/s3.eu-west-3.amazonaws.com\/fineandcandy.com\/wp-content\/uploads\/2016\/06\/money_f.jpg\" \/>\n\t<meta property=\"og:image:width\" content=\"586\" \/>\n\t<meta property=\"og:image:height\" content=\"698\" \/>\n\t<meta property=\"og:image:type\" content=\"image\/jpeg\" \/>\n<meta name=\"twitter:card\" content=\"summary_large_image\" \/>\n<script type=\"application\/ld+json\" class=\"yoast-schema-graph\">{\"@context\":\"https:\/\/schema.org\",\"@graph\":[{\"@type\":\"WebPage\",\"@id\":\"https:\/\/fineandcandy.com\/pt-pt\/product\/money\/\",\"url\":\"https:\/\/fineandcandy.com\/pt-pt\/product\/money\/\",\"name\":\"Money - Fine &amp; Candy\",\"isPartOf\":{\"@id\":\"https:\/\/fineandcandy.com\/#website\"},\"datePublished\":\"2016-07-05T10:24:43+00:00\",\"dateModified\":\"2022-09-29T11:09:35+00:00\",\"breadcrumb\":{\"@id\":\"https:\/\/fineandcandy.com\/pt-pt\/product\/money\/#breadcrumb\"},\"inLanguage\":\"pt-PT\",\"potentialAction\":[{\"@type\":\"ReadAction\",\"target\":[\"https:\/\/fineandcandy.com\/pt-pt\/product\/money\/\"]}]},{\"@type\":\"BreadcrumbList\",\"@id\":\"https:\/\/fineandcandy.com\/pt-pt\/product\/money\/#breadcrumb\",\"itemListElement\":[{\"@type\":\"ListItem\",\"position\":1,\"name\":\"Home\",\"item\":\"https:\/\/fineandcandy.com\/pt-pt\/\"},{\"@type\":\"ListItem\",\"position\":2,\"name\":\"Loja\",\"item\":\"https:\/\/fineandcandy.com\/pt-pt\/loja\/\"},{\"@type\":\"ListItem\",\"position\":3,\"name\":\"Money\"}]},{\"@type\":\"WebSite\",\"@id\":\"https:\/\/fineandcandy.com\/#website\",\"url\":\"https:\/\/fineandcandy.com\/\",\"name\":\"Fine &amp; Candy\",\"description\":\"Handmade Stationery\",\"potentialAction\":[{\"@type\":\"SearchAction\",\"target\":{\"@type\":\"EntryPoint\",\"urlTemplate\":\"https:\/\/fineandcandy.com\/?s={search_term_string}\"},\"query-input\":\"required name=search_term_string\"}],\"inLanguage\":\"pt-PT\"}]}<\/script>\n<!-- \/ Yoast SEO plugin. -->","yoast_head_json":{"title":"Money - Fine &amp; Candy","robots":{"index":"index","follow":"follow","max-snippet":"max-snippet:-1","max-image-preview":"max-image-preview:large","max-video-preview":"max-video-preview:-1"},"canonical":"https:\/\/fineandcandy.com\/pt-pt\/product\/money\/","og_locale":"pt_PT","og_type":"article","og_title":"Money - Fine &amp; Candy","og_description":"Dispon\u00edveis com cinco ilustra\u00e7\u00f5es diferentes, as borrachas Fine&amp;Candy s\u00e3o ideais para apagar pequenas \u00e1reas escritas a l\u00e1pis de grafite. S\u00e3o macias, n\u00e3o danificam papel e com as suas originais ilustra\u00e7\u00f5es v\u00e3o ficar extraordin\u00e1rias na sua secret\u00e1ria.\u00a0Vai adorar cometer pequenos erros a l\u00e1pis.","og_url":"https:\/\/fineandcandy.com\/pt-pt\/product\/money\/","og_site_name":"Fine &amp; Candy","article_modified_time":"2022-09-29T11:09:35+00:00","og_image":[{"width":586,"height":698,"url":"https:\/\/s3.eu-west-3.amazonaws.com\/fineandcandy.com\/wp-content\/uploads\/2016\/06\/money_f.jpg","type":"image\/jpeg"}],"twitter_card":"summary_large_image","schema":{"@context":"https:\/\/schema.org","@graph":[{"@type":"WebPage","@id":"https:\/\/fineandcandy.com\/pt-pt\/product\/money\/","url":"https:\/\/fineandcandy.com\/pt-pt\/product\/money\/","name":"Money - Fine &amp; Candy","isPartOf":{"@id":"https:\/\/fineandcandy.com\/#website"},"datePublished":"2016-07-05T10:24:43+00:00","dateModified":"2022-09-29T11:09:35+00:00","breadcrumb":{"@id":"https:\/\/fineandcandy.com\/pt-pt\/product\/money\/#breadcrumb"},"inLanguage":"pt-PT","potentialAction":[{"@type":"ReadAction","target":["https:\/\/fineandcandy.com\/pt-pt\/product\/money\/"]}]},{"@type":"BreadcrumbList","@id":"https:\/\/fineandcandy.com\/pt-pt\/product\/money\/#breadcrumb","itemListElement":[{"@type":"ListItem","position":1,"name":"Home","item":"https:\/\/fineandcandy.com\/pt-pt\/"},{"@type":"ListItem","position":2,"name":"Loja","item":"https:\/\/fineandcandy.com\/pt-pt\/loja\/"},{"@type":"ListItem","position":3,"name":"Money"}]},{"@type":"WebSite","@id":"https:\/\/fineandcandy.com\/#website","url":"https:\/\/fineandcandy.com\/","name":"Fine &amp; Candy","description":"Handmade Stationery","potentialAction":[{"@type":"SearchAction","target":{"@type":"EntryPoint","urlTemplate":"https:\/\/fineandcandy.com\/?s={search_term_string}"},"query-input":"required name=search_term_string"}],"inLanguage":"pt-PT"}]}},"_links":{"self":[{"href":"https:\/\/fineandcandy.com\/pt-pt\/wp-json\/wp\/v2\/product\/1906"}],"collection":[{"href":"https:\/\/fineandcandy.com\/pt-pt\/wp-json\/wp\/v2\/product"}],"about":[{"href":"https:\/\/fineandcandy.com\/pt-pt\/wp-json\/wp\/v2\/types\/product"}],"wp:featuredmedia":[{"embeddable":true,"href":"https:\/\/fineandcandy.com\/pt-pt\/wp-json\/wp\/v2\/media\/1947"}],"wp:attachment":[{"href":"https:\/\/fineandcandy.com\/pt-pt\/wp-json\/wp\/v2\/media?parent=1906"}],"wp:term":[{"taxonomy":"product_cat","embeddable":true,"href":"https:\/\/fineandcandy.com\/pt-pt\/wp-json\/wp\/v2\/product_cat?post=1906"},{"taxonomy":"product_tag","embeddable":true,"href":"https:\/\/fineandcandy.com\/pt-pt\/wp-json\/wp\/v2\/product_tag?post=1906"},{"taxonomy":"giftcard-category","embeddable":true,"href":"https:\/\/fineandcandy.com\/pt-pt\/wp-json\/wp\/v2\/giftcard-category?post=1906"}],"curies":[{"name":"wp","href":"https:\/\/api.w.org\/{rel}","templated":true}]}}