{"id":1912,"date":"2016-07-05T10:18:23","date_gmt":"2016-07-05T10:18:23","guid":{"rendered":"http:\/\/bubbles.com.pt\/?post_type=product&#038;p=1912"},"modified":"2022-10-21T10:45:25","modified_gmt":"2022-10-21T10:45:25","slug":"afia-dourada","status":"publish","type":"product","link":"https:\/\/fineandcandy.com\/pt-pt\/product\/afia-dourada\/","title":{"rendered":"Afia Dourada"},"content":{"rendered":"","protected":false},"excerpt":{"rendered":"<p>Popular entre designers e artistas, as nossas\u00a0afias douradas s\u00e3o feitas em lat\u00e3o pela mais antiga marca de afias de l\u00e1pis.\u00a0Com l\u00e2minas de grande qualidade, estas afias s\u00e3o inquebr\u00e1veis e adequadas para l\u00e1pis at\u00e9 11 mm.\u00a0Perfeitas para afiar os seus l\u00e1pis Fine&amp;Candy.<\/p>\n","protected":false},"featured_media":1960,"template":"","meta":[],"product_cat":[77],"product_tag":[882,893,892,891,890,889,888,884,883,894,879,876,875,869,868,867,865,913,1520,1519,1518,1507,1078,962,956,952,864,911,910,909,905,904,903,902,327,644,593,557,547,419,416,415,328,835,298,256,196,194,165,162,161,852,863,862,861,859,857,856,854,853,160,843,842,841,840,838,837,836],"giftcard-category":[],"supplier_id":null,"supplier_sku":"","atum_controlled":true,"out_stock_date":null,"out_stock_threshold":null,"inheritable":false,"inbound_stock":0,"stock_on_hold":0,"sold_today":0,"sales_last_days":0,"reserved_stock":0,"customer_returns":0,"warehouse_damage":0,"lost_in_post":0,"other_logs":0,"out_stock_days":0,"lost_sales":0,"has_location":false,"update_date":"2026-04-15T00:31:54","atum_locations":[],"atum_stock_status":"instock","low_stock":false,"low_stock_amount":0,"yoast_head":"<!-- This site is optimized with the Yoast SEO plugin v20.4 - https:\/\/yoast.com\/wordpress\/plugins\/seo\/ -->\n<title>Afia Dourada - Fine &amp; Candy<\/title>\n<meta name=\"robots\" content=\"index, follow, max-snippet:-1, max-image-preview:large, max-video-preview:-1\" \/>\n<link rel=\"canonical\" href=\"https:\/\/fineandcandy.com\/pt-pt\/product\/afia-dourada\/\" \/>\n<meta property=\"og:locale\" content=\"pt_PT\" \/>\n<meta property=\"og:type\" content=\"article\" \/>\n<meta property=\"og:title\" content=\"Afia Dourada - Fine &amp; Candy\" \/>\n<meta property=\"og:description\" content=\"Popular entre designers e artistas, as nossas\u00a0afias douradas s\u00e3o feitas em lat\u00e3o pela mais antiga marca de afias de l\u00e1pis.\u00a0Com l\u00e2minas de grande qualidade, estas afias s\u00e3o inquebr\u00e1veis e adequadas para l\u00e1pis at\u00e9 11 mm.\u00a0Perfeitas para afiar os seus l\u00e1pis Fine&amp;Candy.\" \/>\n<meta property=\"og:url\" content=\"https:\/\/fineandcandy.com\/pt-pt\/product\/afia-dourada\/\" \/>\n<meta property=\"og:site_name\" content=\"Fine &amp; Candy\" \/>\n<meta property=\"article:modified_time\" content=\"2022-10-21T10:45:25+00:00\" \/>\n<meta property=\"og:image\" content=\"https:\/\/s3.eu-west-3.amazonaws.com\/fineandcandy.com\/wp-content\/uploads\/2016\/07\/afia_f.jpg\" \/>\n\t<meta property=\"og:image:width\" content=\"586\" \/>\n\t<meta property=\"og:image:height\" content=\"698\" \/>\n\t<meta property=\"og:image:type\" content=\"image\/jpeg\" \/>\n<meta name=\"twitter:card\" content=\"summary_large_image\" \/>\n<script type=\"application\/ld+json\" class=\"yoast-schema-graph\">{\"@context\":\"https:\/\/schema.org\",\"@graph\":[{\"@type\":\"WebPage\",\"@id\":\"https:\/\/fineandcandy.com\/pt-pt\/product\/afia-dourada\/\",\"url\":\"https:\/\/fineandcandy.com\/pt-pt\/product\/afia-dourada\/\",\"name\":\"Afia Dourada - Fine &amp; Candy\",\"isPartOf\":{\"@id\":\"https:\/\/fineandcandy.com\/#website\"},\"datePublished\":\"2016-07-05T10:18:23+00:00\",\"dateModified\":\"2022-10-21T10:45:25+00:00\",\"breadcrumb\":{\"@id\":\"https:\/\/fineandcandy.com\/pt-pt\/product\/afia-dourada\/#breadcrumb\"},\"inLanguage\":\"pt-PT\",\"potentialAction\":[{\"@type\":\"ReadAction\",\"target\":[\"https:\/\/fineandcandy.com\/pt-pt\/product\/afia-dourada\/\"]}]},{\"@type\":\"BreadcrumbList\",\"@id\":\"https:\/\/fineandcandy.com\/pt-pt\/product\/afia-dourada\/#breadcrumb\",\"itemListElement\":[{\"@type\":\"ListItem\",\"position\":1,\"name\":\"Home\",\"item\":\"https:\/\/fineandcandy.com\/pt-pt\/\"},{\"@type\":\"ListItem\",\"position\":2,\"name\":\"Loja\",\"item\":\"https:\/\/fineandcandy.com\/pt-pt\/loja\/\"},{\"@type\":\"ListItem\",\"position\":3,\"name\":\"Afia Dourada\"}]},{\"@type\":\"WebSite\",\"@id\":\"https:\/\/fineandcandy.com\/#website\",\"url\":\"https:\/\/fineandcandy.com\/\",\"name\":\"Fine &amp; Candy\",\"description\":\"Handmade Stationery\",\"potentialAction\":[{\"@type\":\"SearchAction\",\"target\":{\"@type\":\"EntryPoint\",\"urlTemplate\":\"https:\/\/fineandcandy.com\/?s={search_term_string}\"},\"query-input\":\"required name=search_term_string\"}],\"inLanguage\":\"pt-PT\"}]}<\/script>\n<!-- \/ Yoast SEO plugin. -->","yoast_head_json":{"title":"Afia Dourada - Fine &amp; Candy","robots":{"index":"index","follow":"follow","max-snippet":"max-snippet:-1","max-image-preview":"max-image-preview:large","max-video-preview":"max-video-preview:-1"},"canonical":"https:\/\/fineandcandy.com\/pt-pt\/product\/afia-dourada\/","og_locale":"pt_PT","og_type":"article","og_title":"Afia Dourada - Fine &amp; Candy","og_description":"Popular entre designers e artistas, as nossas\u00a0afias douradas s\u00e3o feitas em lat\u00e3o pela mais antiga marca de afias de l\u00e1pis.\u00a0Com l\u00e2minas de grande qualidade, estas afias s\u00e3o inquebr\u00e1veis e adequadas para l\u00e1pis at\u00e9 11 mm.\u00a0Perfeitas para afiar os seus l\u00e1pis Fine&amp;Candy.","og_url":"https:\/\/fineandcandy.com\/pt-pt\/product\/afia-dourada\/","og_site_name":"Fine &amp; Candy","article_modified_time":"2022-10-21T10:45:25+00:00","og_image":[{"width":586,"height":698,"url":"https:\/\/s3.eu-west-3.amazonaws.com\/fineandcandy.com\/wp-content\/uploads\/2016\/07\/afia_f.jpg","type":"image\/jpeg"}],"twitter_card":"summary_large_image","schema":{"@context":"https:\/\/schema.org","@graph":[{"@type":"WebPage","@id":"https:\/\/fineandcandy.com\/pt-pt\/product\/afia-dourada\/","url":"https:\/\/fineandcandy.com\/pt-pt\/product\/afia-dourada\/","name":"Afia Dourada - Fine &amp; Candy","isPartOf":{"@id":"https:\/\/fineandcandy.com\/#website"},"datePublished":"2016-07-05T10:18:23+00:00","dateModified":"2022-10-21T10:45:25+00:00","breadcrumb":{"@id":"https:\/\/fineandcandy.com\/pt-pt\/product\/afia-dourada\/#breadcrumb"},"inLanguage":"pt-PT","potentialAction":[{"@type":"ReadAction","target":["https:\/\/fineandcandy.com\/pt-pt\/product\/afia-dourada\/"]}]},{"@type":"BreadcrumbList","@id":"https:\/\/fineandcandy.com\/pt-pt\/product\/afia-dourada\/#breadcrumb","itemListElement":[{"@type":"ListItem","position":1,"name":"Home","item":"https:\/\/fineandcandy.com\/pt-pt\/"},{"@type":"ListItem","position":2,"name":"Loja","item":"https:\/\/fineandcandy.com\/pt-pt\/loja\/"},{"@type":"ListItem","position":3,"name":"Afia Dourada"}]},{"@type":"WebSite","@id":"https:\/\/fineandcandy.com\/#website","url":"https:\/\/fineandcandy.com\/","name":"Fine &amp; Candy","description":"Handmade Stationery","potentialAction":[{"@type":"SearchAction","target":{"@type":"EntryPoint","urlTemplate":"https:\/\/fineandcandy.com\/?s={search_term_string}"},"query-input":"required name=search_term_string"}],"inLanguage":"pt-PT"}]}},"_links":{"self":[{"href":"https:\/\/fineandcandy.com\/pt-pt\/wp-json\/wp\/v2\/product\/1912"}],"collection":[{"href":"https:\/\/fineandcandy.com\/pt-pt\/wp-json\/wp\/v2\/product"}],"about":[{"href":"https:\/\/fineandcandy.com\/pt-pt\/wp-json\/wp\/v2\/types\/product"}],"wp:featuredmedia":[{"embeddable":true,"href":"https:\/\/fineandcandy.com\/pt-pt\/wp-json\/wp\/v2\/media\/1960"}],"wp:attachment":[{"href":"https:\/\/fineandcandy.com\/pt-pt\/wp-json\/wp\/v2\/media?parent=1912"}],"wp:term":[{"taxonomy":"product_cat","embeddable":true,"href":"https:\/\/fineandcandy.com\/pt-pt\/wp-json\/wp\/v2\/product_cat?post=1912"},{"taxonomy":"product_tag","embeddable":true,"href":"https:\/\/fineandcandy.com\/pt-pt\/wp-json\/wp\/v2\/product_tag?post=1912"},{"taxonomy":"giftcard-category","embeddable":true,"href":"https:\/\/fineandcandy.com\/pt-pt\/wp-json\/wp\/v2\/giftcard-category?post=1912"}],"curies":[{"name":"wp","href":"https:\/\/api.w.org\/{rel}","templated":true}]}}