{"id":1917,"date":"2016-07-05T10:36:11","date_gmt":"2016-07-05T10:36:11","guid":{"rendered":"http:\/\/bubbles.com.pt\/?post_type=product&#038;p=1917"},"modified":"2022-09-29T11:09:49","modified_gmt":"2022-09-29T11:09:49","slug":"fc-kiss-vela","status":"publish","type":"product","link":"https:\/\/fineandcandy.com\/pt-pt\/product\/fc-kiss-vela\/","title":{"rendered":"F&amp;C Kiss Vela"},"content":{"rendered":"","protected":false},"excerpt":{"rendered":"<p>Ilumine o ambiente da sua casa com as velas perfumadas Fine&amp;Candy. Com um agrad\u00e1vel aroma a s\u00e2ndalo as velas Fine&amp;Candy cont\u00eam um design \u00fanico e original, oferecendo ao seu espa\u00e7o um toque moderno e sofisticado. A sua fragr\u00e2ncia suave e refinada faz destas velas o presente perfeito para oferecer. Este acess\u00f3rio arom\u00e1tico vai criar uma atmosfera perfeita em sua casa.<\/p>\n","protected":false},"featured_media":1964,"template":"","meta":[],"product_cat":[77],"product_tag":[883,902,894,893,892,891,890,889,888,884,903,882,879,876,875,869,868,867,865,962,1578,1577,1576,1575,1574,1573,1078,1029,864,956,952,913,911,910,909,905,904,298,644,593,557,547,419,416,415,328,720,256,194,193,192,171,165,162,161,852,863,862,861,859,857,856,854,853,160,843,842,841,840,838,837,836,835],"giftcard-category":[],"supplier_id":null,"supplier_sku":"","atum_controlled":true,"out_stock_date":null,"out_stock_threshold":null,"inheritable":false,"inbound_stock":0,"stock_on_hold":0,"sold_today":0,"sales_last_days":0,"reserved_stock":0,"customer_returns":0,"warehouse_damage":0,"lost_in_post":0,"other_logs":0,"out_stock_days":0,"lost_sales":0,"has_location":false,"update_date":"2026-04-21T00:38:45","atum_locations":[],"atum_stock_status":"instock","low_stock":false,"low_stock_amount":0,"yoast_head":"<!-- This site is optimized with the Yoast SEO plugin v20.4 - https:\/\/yoast.com\/wordpress\/plugins\/seo\/ -->\n<title>F&amp;C Kiss Vela - Fine &amp; Candy<\/title>\n<meta name=\"robots\" content=\"index, follow, max-snippet:-1, max-image-preview:large, max-video-preview:-1\" \/>\n<link rel=\"canonical\" href=\"https:\/\/fineandcandy.com\/pt-pt\/product\/fc-kiss-vela\/\" \/>\n<meta property=\"og:locale\" content=\"pt_PT\" \/>\n<meta property=\"og:type\" content=\"article\" \/>\n<meta property=\"og:title\" content=\"F&amp;C Kiss Vela - Fine &amp; Candy\" \/>\n<meta property=\"og:description\" content=\"Ilumine o ambiente da sua casa com as velas perfumadas Fine&amp;Candy. Com um agrad\u00e1vel aroma a s\u00e2ndalo as velas Fine&amp;Candy cont\u00eam um design \u00fanico e original, oferecendo ao seu espa\u00e7o um toque moderno e sofisticado. A sua fragr\u00e2ncia suave e refinada faz destas velas o presente perfeito para oferecer. Este acess\u00f3rio arom\u00e1tico vai criar uma atmosfera perfeita em sua casa.\" \/>\n<meta property=\"og:url\" content=\"https:\/\/fineandcandy.com\/pt-pt\/product\/fc-kiss-vela\/\" \/>\n<meta property=\"og:site_name\" content=\"Fine &amp; Candy\" \/>\n<meta property=\"article:modified_time\" content=\"2022-09-29T11:09:49+00:00\" \/>\n<meta property=\"og:image\" content=\"https:\/\/s3.eu-west-3.amazonaws.com\/fineandcandy.com\/wp-content\/uploads\/2016\/06\/vela_kiss_f.jpg\" \/>\n\t<meta property=\"og:image:width\" content=\"586\" \/>\n\t<meta property=\"og:image:height\" content=\"698\" \/>\n\t<meta property=\"og:image:type\" content=\"image\/jpeg\" \/>\n<meta name=\"twitter:card\" content=\"summary_large_image\" \/>\n<script type=\"application\/ld+json\" class=\"yoast-schema-graph\">{\"@context\":\"https:\/\/schema.org\",\"@graph\":[{\"@type\":\"WebPage\",\"@id\":\"https:\/\/fineandcandy.com\/pt-pt\/product\/fc-kiss-vela\/\",\"url\":\"https:\/\/fineandcandy.com\/pt-pt\/product\/fc-kiss-vela\/\",\"name\":\"F&amp;C Kiss Vela - Fine &amp; Candy\",\"isPartOf\":{\"@id\":\"https:\/\/fineandcandy.com\/#website\"},\"datePublished\":\"2016-07-05T10:36:11+00:00\",\"dateModified\":\"2022-09-29T11:09:49+00:00\",\"breadcrumb\":{\"@id\":\"https:\/\/fineandcandy.com\/pt-pt\/product\/fc-kiss-vela\/#breadcrumb\"},\"inLanguage\":\"pt-PT\",\"potentialAction\":[{\"@type\":\"ReadAction\",\"target\":[\"https:\/\/fineandcandy.com\/pt-pt\/product\/fc-kiss-vela\/\"]}]},{\"@type\":\"BreadcrumbList\",\"@id\":\"https:\/\/fineandcandy.com\/pt-pt\/product\/fc-kiss-vela\/#breadcrumb\",\"itemListElement\":[{\"@type\":\"ListItem\",\"position\":1,\"name\":\"Home\",\"item\":\"https:\/\/fineandcandy.com\/pt-pt\/\"},{\"@type\":\"ListItem\",\"position\":2,\"name\":\"Loja\",\"item\":\"https:\/\/fineandcandy.com\/pt-pt\/loja\/\"},{\"@type\":\"ListItem\",\"position\":3,\"name\":\"F&amp;C Kiss Vela\"}]},{\"@type\":\"WebSite\",\"@id\":\"https:\/\/fineandcandy.com\/#website\",\"url\":\"https:\/\/fineandcandy.com\/\",\"name\":\"Fine &amp; Candy\",\"description\":\"Handmade Stationery\",\"potentialAction\":[{\"@type\":\"SearchAction\",\"target\":{\"@type\":\"EntryPoint\",\"urlTemplate\":\"https:\/\/fineandcandy.com\/?s={search_term_string}\"},\"query-input\":\"required name=search_term_string\"}],\"inLanguage\":\"pt-PT\"}]}<\/script>\n<!-- \/ Yoast SEO plugin. -->","yoast_head_json":{"title":"F&amp;C Kiss Vela - Fine &amp; Candy","robots":{"index":"index","follow":"follow","max-snippet":"max-snippet:-1","max-image-preview":"max-image-preview:large","max-video-preview":"max-video-preview:-1"},"canonical":"https:\/\/fineandcandy.com\/pt-pt\/product\/fc-kiss-vela\/","og_locale":"pt_PT","og_type":"article","og_title":"F&amp;C Kiss Vela - Fine &amp; Candy","og_description":"Ilumine o ambiente da sua casa com as velas perfumadas Fine&amp;Candy. Com um agrad\u00e1vel aroma a s\u00e2ndalo as velas Fine&amp;Candy cont\u00eam um design \u00fanico e original, oferecendo ao seu espa\u00e7o um toque moderno e sofisticado. A sua fragr\u00e2ncia suave e refinada faz destas velas o presente perfeito para oferecer. Este acess\u00f3rio arom\u00e1tico vai criar uma atmosfera perfeita em sua casa.","og_url":"https:\/\/fineandcandy.com\/pt-pt\/product\/fc-kiss-vela\/","og_site_name":"Fine &amp; Candy","article_modified_time":"2022-09-29T11:09:49+00:00","og_image":[{"width":586,"height":698,"url":"https:\/\/s3.eu-west-3.amazonaws.com\/fineandcandy.com\/wp-content\/uploads\/2016\/06\/vela_kiss_f.jpg","type":"image\/jpeg"}],"twitter_card":"summary_large_image","schema":{"@context":"https:\/\/schema.org","@graph":[{"@type":"WebPage","@id":"https:\/\/fineandcandy.com\/pt-pt\/product\/fc-kiss-vela\/","url":"https:\/\/fineandcandy.com\/pt-pt\/product\/fc-kiss-vela\/","name":"F&amp;C Kiss Vela - Fine &amp; Candy","isPartOf":{"@id":"https:\/\/fineandcandy.com\/#website"},"datePublished":"2016-07-05T10:36:11+00:00","dateModified":"2022-09-29T11:09:49+00:00","breadcrumb":{"@id":"https:\/\/fineandcandy.com\/pt-pt\/product\/fc-kiss-vela\/#breadcrumb"},"inLanguage":"pt-PT","potentialAction":[{"@type":"ReadAction","target":["https:\/\/fineandcandy.com\/pt-pt\/product\/fc-kiss-vela\/"]}]},{"@type":"BreadcrumbList","@id":"https:\/\/fineandcandy.com\/pt-pt\/product\/fc-kiss-vela\/#breadcrumb","itemListElement":[{"@type":"ListItem","position":1,"name":"Home","item":"https:\/\/fineandcandy.com\/pt-pt\/"},{"@type":"ListItem","position":2,"name":"Loja","item":"https:\/\/fineandcandy.com\/pt-pt\/loja\/"},{"@type":"ListItem","position":3,"name":"F&amp;C Kiss Vela"}]},{"@type":"WebSite","@id":"https:\/\/fineandcandy.com\/#website","url":"https:\/\/fineandcandy.com\/","name":"Fine &amp; Candy","description":"Handmade Stationery","potentialAction":[{"@type":"SearchAction","target":{"@type":"EntryPoint","urlTemplate":"https:\/\/fineandcandy.com\/?s={search_term_string}"},"query-input":"required name=search_term_string"}],"inLanguage":"pt-PT"}]}},"_links":{"self":[{"href":"https:\/\/fineandcandy.com\/pt-pt\/wp-json\/wp\/v2\/product\/1917"}],"collection":[{"href":"https:\/\/fineandcandy.com\/pt-pt\/wp-json\/wp\/v2\/product"}],"about":[{"href":"https:\/\/fineandcandy.com\/pt-pt\/wp-json\/wp\/v2\/types\/product"}],"wp:featuredmedia":[{"embeddable":true,"href":"https:\/\/fineandcandy.com\/pt-pt\/wp-json\/wp\/v2\/media\/1964"}],"wp:attachment":[{"href":"https:\/\/fineandcandy.com\/pt-pt\/wp-json\/wp\/v2\/media?parent=1917"}],"wp:term":[{"taxonomy":"product_cat","embeddable":true,"href":"https:\/\/fineandcandy.com\/pt-pt\/wp-json\/wp\/v2\/product_cat?post=1917"},{"taxonomy":"product_tag","embeddable":true,"href":"https:\/\/fineandcandy.com\/pt-pt\/wp-json\/wp\/v2\/product_tag?post=1917"},{"taxonomy":"giftcard-category","embeddable":true,"href":"https:\/\/fineandcandy.com\/pt-pt\/wp-json\/wp\/v2\/giftcard-category?post=1917"}],"curies":[{"name":"wp","href":"https:\/\/api.w.org\/{rel}","templated":true}]}}