{"id":2060,"date":"2016-07-05T14:03:31","date_gmt":"2016-07-05T14:03:31","guid":{"rendered":"http:\/\/bubbles.com.pt\/?post_type=product&#038;p=2060"},"modified":"2022-10-25T14:38:38","modified_gmt":"2022-10-25T14:38:38","slug":"blood","status":"publish","type":"product","link":"https:\/\/fineandcandy.com\/pt-pt\/product\/blood\/","title":{"rendered":"Blood"},"content":{"rendered":"","protected":false},"excerpt":{"rendered":"<p>Os l\u00e1pis de grafite Fine&amp;Candy s\u00e3o constitu\u00eddos por uma diversa gama de cores e fazem parte de uma conjunto de produtos exclusivos da nossa marca. Feitos atrav\u00e9s de madeiras nobres t\u00eam grande durabilidade pois s\u00e3o produzidos na mais antiga f\u00e1brica de l\u00e1pis da Pen\u00ednsula Ib\u00e9rica &#8211; Viarco. Com acabamentos de grande refinamento e eleg\u00e2ncia os nossos l\u00e1pis s\u00e3o vendidos em conjuntos de 12 l\u00e1pis. Estes l\u00e1pis podem ser personalizados com o seu nome ou frases inspiradoras.<\/p>\n","protected":false},"featured_media":2063,"template":"","meta":[],"product_cat":[50],"product_tag":[160,161,162,165,194,195,196,197,252,253,256,310,312,328,350,415,416,419,547,557,593,644,835,836,837,838,839,840,841,842,843,844,846,848,849,852,853,854,856,857,859,861,862,863,864,865,867,868,869,870,871,875,876,877,878,879,882,883,884,888,889,890,891,892,893,894,900,902,903,904,905,909,910,911,913,952,954,956,957,958,959,960,961,962,1077,1078,1095,1318,1319,1320,1321,1322,1323,1324,1325,1326,1331,1333,1334,1356,1373,1374,1375,1385,1414],"giftcard-category":[],"supplier_id":null,"supplier_sku":"","atum_controlled":true,"out_stock_date":null,"out_stock_threshold":null,"inheritable":false,"inbound_stock":0,"stock_on_hold":0,"sold_today":0,"sales_last_days":0,"reserved_stock":0,"customer_returns":0,"warehouse_damage":0,"lost_in_post":0,"other_logs":0,"out_stock_days":0,"lost_sales":0,"has_location":false,"update_date":"2026-04-04T01:31:41","atum_locations":[],"atum_stock_status":"instock","low_stock":false,"low_stock_amount":"","yoast_head":"<!-- This site is optimized with the Yoast SEO plugin v20.4 - https:\/\/yoast.com\/wordpress\/plugins\/seo\/ -->\n<title>Blood - Fine &amp; Candy<\/title>\n<meta name=\"robots\" content=\"index, follow, max-snippet:-1, max-image-preview:large, max-video-preview:-1\" \/>\n<link rel=\"canonical\" href=\"https:\/\/fineandcandy.com\/pt-pt\/product\/blood\/\" \/>\n<meta property=\"og:locale\" content=\"pt_PT\" \/>\n<meta property=\"og:type\" content=\"article\" \/>\n<meta property=\"og:title\" content=\"Blood - Fine &amp; Candy\" \/>\n<meta property=\"og:description\" content=\"Os l\u00e1pis de grafite Fine&amp;Candy s\u00e3o constitu\u00eddos por uma diversa gama de cores e fazem parte de uma conjunto de produtos exclusivos da nossa marca. Feitos atrav\u00e9s de madeiras nobres t\u00eam grande durabilidade pois s\u00e3o produzidos na mais antiga f\u00e1brica de l\u00e1pis da Pen\u00ednsula Ib\u00e9rica - Viarco. Com acabamentos de grande refinamento e eleg\u00e2ncia os nossos l\u00e1pis s\u00e3o vendidos em conjuntos de 12 l\u00e1pis. Estes l\u00e1pis podem ser personalizados com o seu nome ou frases inspiradoras.\" \/>\n<meta property=\"og:url\" content=\"https:\/\/fineandcandy.com\/pt-pt\/product\/blood\/\" \/>\n<meta property=\"og:site_name\" content=\"Fine &amp; Candy\" \/>\n<meta property=\"article:modified_time\" content=\"2022-10-25T14:38:38+00:00\" \/>\n<meta property=\"og:image\" content=\"https:\/\/s3.eu-west-3.amazonaws.com\/fineandcandy.com\/wp-content\/uploads\/2016\/07\/blood_f.jpg\" \/>\n\t<meta property=\"og:image:width\" content=\"586\" \/>\n\t<meta property=\"og:image:height\" content=\"698\" \/>\n\t<meta property=\"og:image:type\" content=\"image\/jpeg\" \/>\n<meta name=\"twitter:card\" content=\"summary_large_image\" \/>\n<script type=\"application\/ld+json\" class=\"yoast-schema-graph\">{\"@context\":\"https:\/\/schema.org\",\"@graph\":[{\"@type\":\"WebPage\",\"@id\":\"https:\/\/fineandcandy.com\/pt-pt\/product\/blood\/\",\"url\":\"https:\/\/fineandcandy.com\/pt-pt\/product\/blood\/\",\"name\":\"Blood - Fine &amp; Candy\",\"isPartOf\":{\"@id\":\"https:\/\/fineandcandy.com\/#website\"},\"datePublished\":\"2016-07-05T14:03:31+00:00\",\"dateModified\":\"2022-10-25T14:38:38+00:00\",\"breadcrumb\":{\"@id\":\"https:\/\/fineandcandy.com\/pt-pt\/product\/blood\/#breadcrumb\"},\"inLanguage\":\"pt-PT\",\"potentialAction\":[{\"@type\":\"ReadAction\",\"target\":[\"https:\/\/fineandcandy.com\/pt-pt\/product\/blood\/\"]}]},{\"@type\":\"BreadcrumbList\",\"@id\":\"https:\/\/fineandcandy.com\/pt-pt\/product\/blood\/#breadcrumb\",\"itemListElement\":[{\"@type\":\"ListItem\",\"position\":1,\"name\":\"Home\",\"item\":\"https:\/\/fineandcandy.com\/pt-pt\/\"},{\"@type\":\"ListItem\",\"position\":2,\"name\":\"Loja\",\"item\":\"https:\/\/fineandcandy.com\/pt-pt\/loja\/\"},{\"@type\":\"ListItem\",\"position\":3,\"name\":\"Blood\"}]},{\"@type\":\"WebSite\",\"@id\":\"https:\/\/fineandcandy.com\/#website\",\"url\":\"https:\/\/fineandcandy.com\/\",\"name\":\"Fine &amp; Candy\",\"description\":\"Handmade Stationery\",\"potentialAction\":[{\"@type\":\"SearchAction\",\"target\":{\"@type\":\"EntryPoint\",\"urlTemplate\":\"https:\/\/fineandcandy.com\/?s={search_term_string}\"},\"query-input\":\"required name=search_term_string\"}],\"inLanguage\":\"pt-PT\"}]}<\/script>\n<!-- \/ Yoast SEO plugin. -->","yoast_head_json":{"title":"Blood - Fine &amp; Candy","robots":{"index":"index","follow":"follow","max-snippet":"max-snippet:-1","max-image-preview":"max-image-preview:large","max-video-preview":"max-video-preview:-1"},"canonical":"https:\/\/fineandcandy.com\/pt-pt\/product\/blood\/","og_locale":"pt_PT","og_type":"article","og_title":"Blood - Fine &amp; Candy","og_description":"Os l\u00e1pis de grafite Fine&amp;Candy s\u00e3o constitu\u00eddos por uma diversa gama de cores e fazem parte de uma conjunto de produtos exclusivos da nossa marca. Feitos atrav\u00e9s de madeiras nobres t\u00eam grande durabilidade pois s\u00e3o produzidos na mais antiga f\u00e1brica de l\u00e1pis da Pen\u00ednsula Ib\u00e9rica - Viarco. Com acabamentos de grande refinamento e eleg\u00e2ncia os nossos l\u00e1pis s\u00e3o vendidos em conjuntos de 12 l\u00e1pis. Estes l\u00e1pis podem ser personalizados com o seu nome ou frases inspiradoras.","og_url":"https:\/\/fineandcandy.com\/pt-pt\/product\/blood\/","og_site_name":"Fine &amp; Candy","article_modified_time":"2022-10-25T14:38:38+00:00","og_image":[{"width":586,"height":698,"url":"https:\/\/s3.eu-west-3.amazonaws.com\/fineandcandy.com\/wp-content\/uploads\/2016\/07\/blood_f.jpg","type":"image\/jpeg"}],"twitter_card":"summary_large_image","schema":{"@context":"https:\/\/schema.org","@graph":[{"@type":"WebPage","@id":"https:\/\/fineandcandy.com\/pt-pt\/product\/blood\/","url":"https:\/\/fineandcandy.com\/pt-pt\/product\/blood\/","name":"Blood - Fine &amp; Candy","isPartOf":{"@id":"https:\/\/fineandcandy.com\/#website"},"datePublished":"2016-07-05T14:03:31+00:00","dateModified":"2022-10-25T14:38:38+00:00","breadcrumb":{"@id":"https:\/\/fineandcandy.com\/pt-pt\/product\/blood\/#breadcrumb"},"inLanguage":"pt-PT","potentialAction":[{"@type":"ReadAction","target":["https:\/\/fineandcandy.com\/pt-pt\/product\/blood\/"]}]},{"@type":"BreadcrumbList","@id":"https:\/\/fineandcandy.com\/pt-pt\/product\/blood\/#breadcrumb","itemListElement":[{"@type":"ListItem","position":1,"name":"Home","item":"https:\/\/fineandcandy.com\/pt-pt\/"},{"@type":"ListItem","position":2,"name":"Loja","item":"https:\/\/fineandcandy.com\/pt-pt\/loja\/"},{"@type":"ListItem","position":3,"name":"Blood"}]},{"@type":"WebSite","@id":"https:\/\/fineandcandy.com\/#website","url":"https:\/\/fineandcandy.com\/","name":"Fine &amp; Candy","description":"Handmade Stationery","potentialAction":[{"@type":"SearchAction","target":{"@type":"EntryPoint","urlTemplate":"https:\/\/fineandcandy.com\/?s={search_term_string}"},"query-input":"required name=search_term_string"}],"inLanguage":"pt-PT"}]}},"_links":{"self":[{"href":"https:\/\/fineandcandy.com\/pt-pt\/wp-json\/wp\/v2\/product\/2060"}],"collection":[{"href":"https:\/\/fineandcandy.com\/pt-pt\/wp-json\/wp\/v2\/product"}],"about":[{"href":"https:\/\/fineandcandy.com\/pt-pt\/wp-json\/wp\/v2\/types\/product"}],"wp:featuredmedia":[{"embeddable":true,"href":"https:\/\/fineandcandy.com\/pt-pt\/wp-json\/wp\/v2\/media\/2063"}],"wp:attachment":[{"href":"https:\/\/fineandcandy.com\/pt-pt\/wp-json\/wp\/v2\/media?parent=2060"}],"wp:term":[{"taxonomy":"product_cat","embeddable":true,"href":"https:\/\/fineandcandy.com\/pt-pt\/wp-json\/wp\/v2\/product_cat?post=2060"},{"taxonomy":"product_tag","embeddable":true,"href":"https:\/\/fineandcandy.com\/pt-pt\/wp-json\/wp\/v2\/product_tag?post=2060"},{"taxonomy":"giftcard-category","embeddable":true,"href":"https:\/\/fineandcandy.com\/pt-pt\/wp-json\/wp\/v2\/giftcard-category?post=2060"}],"curies":[{"name":"wp","href":"https:\/\/api.w.org\/{rel}","templated":true}]}}