{"id":25428,"date":"2020-11-17T10:10:18","date_gmt":"2020-11-17T10:10:18","guid":{"rendered":"http:\/\/fineandcandy.com\/?post_type=product&#038;p=25428"},"modified":"2022-10-24T10:32:23","modified_gmt":"2022-10-24T10:32:23","slug":"a-chateau-on-the-french-riviera-book","status":"publish","type":"product","link":"https:\/\/fineandcandy.com\/pt-pt\/product\/a-chateau-on-the-french-riviera-book\/","title":{"rendered":"A Ch\u00e2teau on the French Riviera &#8211; Book"},"content":{"rendered":"","protected":false},"excerpt":{"rendered":"<p>O livro A CH\u00c2TEAU ON THE FRENCH RIVIERA &#8211; MODERN INTERIORS BY OITOEMPONTO tra\u00e7a uma renova\u00e7\u00e3o ass\u00eddua, desde os primeiros esbo\u00e7os em aquarela e fotografias &#8211; reproduzidas em papel offset &#8211; at\u00e9 \u00e0 resid\u00eancia familiar privada finalizada.<\/p>\n<p>Situado na elegante Riviera Francesa, rodeado por vinhedos cru class\u00e9, o est\u00fadio de Arquitectura &amp; Interiores &#8211; OITOEMPONTO, sediado na cidade do Porto, projectou e supervisionou o renascimento do Ch\u00e2teau Saint- Maur de Cogolin, atrav\u00e9s de uma profunda transforma\u00e7\u00e3o ao longo de 4 anos.<\/p>\n<p>Os arquitectos Artur Miranda e Jacques Bec, mentores da OITOEMPONTO com sede no Porto, s\u00e3o conhecidos pela sua experi\u00eancia em arquitectura e design de interiores. S\u00e3o presen\u00e7a ass\u00eddua na feira AD Int\u00e9rieurs em Paris e j\u00e1 realizaram importantes projectos tanto p\u00fablicos como privadas em todo o mundo, desde Portugal, Inglaterra, Brasil, Angola e China.<\/p>\n","protected":false},"featured_media":25493,"template":"","meta":[],"product_cat":[1972],"product_tag":[],"giftcard-category":[],"supplier_id":null,"supplier_sku":"","atum_controlled":true,"out_stock_date":null,"out_stock_threshold":null,"inheritable":true,"inbound_stock":0,"stock_on_hold":0,"sold_today":0,"sales_last_days":0,"reserved_stock":0,"customer_returns":0,"warehouse_damage":0,"lost_in_post":0,"other_logs":0,"out_stock_days":0,"lost_sales":0,"has_location":false,"update_date":"2026-04-09T00:13:18","atum_locations":[],"atum_stock_status":"instock","low_stock":false,"low_stock_amount":"","yoast_head":"<!-- This site is optimized with the Yoast SEO plugin v20.4 - https:\/\/yoast.com\/wordpress\/plugins\/seo\/ -->\n<title>A Ch\u00e2teau on the French Riviera - Book - Fine &amp; Candy<\/title>\n<meta name=\"robots\" content=\"index, follow, max-snippet:-1, max-image-preview:large, max-video-preview:-1\" \/>\n<link rel=\"canonical\" href=\"https:\/\/fineandcandy.com\/pt-pt\/product\/a-chateau-on-the-french-riviera-book\/\" \/>\n<meta property=\"og:locale\" content=\"pt_PT\" \/>\n<meta property=\"og:type\" content=\"article\" \/>\n<meta property=\"og:title\" content=\"A Ch\u00e2teau on the French Riviera - Book - Fine &amp; Candy\" \/>\n<meta property=\"og:description\" content=\"O livro A CH\u00c2TEAU ON THE FRENCH RIVIERA - MODERN INTERIORS BY OITOEMPONTO tra\u00e7a uma renova\u00e7\u00e3o ass\u00eddua, desde os primeiros esbo\u00e7os em aquarela e fotografias - reproduzidas em papel offset - at\u00e9 \u00e0 resid\u00eancia familiar privada finalizada.  Situado na elegante Riviera Francesa, rodeado por vinhedos cru class\u00e9, o est\u00fadio de Arquitectura &amp; Interiores - OITOEMPONTO, sediado na cidade do Porto, projectou e supervisionou o renascimento do Ch\u00e2teau Saint- Maur de Cogolin, atrav\u00e9s de uma profunda transforma\u00e7\u00e3o ao longo de 4 anos.  Os arquitectos Artur Miranda e Jacques Bec, mentores da OITOEMPONTO com sede no Porto, s\u00e3o conhecidos pela sua experi\u00eancia em arquitectura e design de interiores. S\u00e3o presen\u00e7a ass\u00eddua na feira AD Int\u00e9rieurs em Paris e j\u00e1 realizaram importantes projectos tanto p\u00fablicos como privadas em todo o mundo, desde Portugal, Inglaterra, Brasil, Angola e China.\" \/>\n<meta property=\"og:url\" content=\"https:\/\/fineandcandy.com\/pt-pt\/product\/a-chateau-on-the-french-riviera-book\/\" \/>\n<meta property=\"og:site_name\" content=\"Fine &amp; Candy\" \/>\n<meta property=\"article:modified_time\" content=\"2022-10-24T10:32:23+00:00\" \/>\n<meta property=\"og:image\" content=\"https:\/\/s3.eu-west-3.amazonaws.com\/fineandcandy.com\/wp-content\/uploads\/2020\/11\/19152927\/WhatsApp-Image-2020-11-17-at-17.37.58-1.jpeg\" \/>\n\t<meta property=\"og:image:width\" content=\"586\" \/>\n\t<meta property=\"og:image:height\" content=\"698\" \/>\n\t<meta property=\"og:image:type\" content=\"image\/jpeg\" \/>\n<meta name=\"twitter:card\" content=\"summary_large_image\" \/>\n<script type=\"application\/ld+json\" class=\"yoast-schema-graph\">{\"@context\":\"https:\/\/schema.org\",\"@graph\":[{\"@type\":\"WebPage\",\"@id\":\"https:\/\/fineandcandy.com\/pt-pt\/product\/a-chateau-on-the-french-riviera-book\/\",\"url\":\"https:\/\/fineandcandy.com\/pt-pt\/product\/a-chateau-on-the-french-riviera-book\/\",\"name\":\"A Ch\u00e2teau on the French Riviera - Book - Fine &amp; Candy\",\"isPartOf\":{\"@id\":\"https:\/\/fineandcandy.com\/#website\"},\"datePublished\":\"2020-11-17T10:10:18+00:00\",\"dateModified\":\"2022-10-24T10:32:23+00:00\",\"breadcrumb\":{\"@id\":\"https:\/\/fineandcandy.com\/pt-pt\/product\/a-chateau-on-the-french-riviera-book\/#breadcrumb\"},\"inLanguage\":\"pt-PT\",\"potentialAction\":[{\"@type\":\"ReadAction\",\"target\":[\"https:\/\/fineandcandy.com\/pt-pt\/product\/a-chateau-on-the-french-riviera-book\/\"]}]},{\"@type\":\"BreadcrumbList\",\"@id\":\"https:\/\/fineandcandy.com\/pt-pt\/product\/a-chateau-on-the-french-riviera-book\/#breadcrumb\",\"itemListElement\":[{\"@type\":\"ListItem\",\"position\":1,\"name\":\"Home\",\"item\":\"https:\/\/fineandcandy.com\/pt-pt\/\"},{\"@type\":\"ListItem\",\"position\":2,\"name\":\"Loja\",\"item\":\"https:\/\/fineandcandy.com\/pt-pt\/loja\/\"},{\"@type\":\"ListItem\",\"position\":3,\"name\":\"A Ch\u00e2teau on the French Riviera &#8211; Book\"}]},{\"@type\":\"WebSite\",\"@id\":\"https:\/\/fineandcandy.com\/#website\",\"url\":\"https:\/\/fineandcandy.com\/\",\"name\":\"Fine &amp; Candy\",\"description\":\"Handmade Stationery\",\"potentialAction\":[{\"@type\":\"SearchAction\",\"target\":{\"@type\":\"EntryPoint\",\"urlTemplate\":\"https:\/\/fineandcandy.com\/?s={search_term_string}\"},\"query-input\":\"required name=search_term_string\"}],\"inLanguage\":\"pt-PT\"}]}<\/script>\n<!-- \/ Yoast SEO plugin. -->","yoast_head_json":{"title":"A Ch\u00e2teau on the French Riviera - Book - Fine &amp; Candy","robots":{"index":"index","follow":"follow","max-snippet":"max-snippet:-1","max-image-preview":"max-image-preview:large","max-video-preview":"max-video-preview:-1"},"canonical":"https:\/\/fineandcandy.com\/pt-pt\/product\/a-chateau-on-the-french-riviera-book\/","og_locale":"pt_PT","og_type":"article","og_title":"A Ch\u00e2teau on the French Riviera - Book - Fine &amp; Candy","og_description":"O livro A CH\u00c2TEAU ON THE FRENCH RIVIERA - MODERN INTERIORS BY OITOEMPONTO tra\u00e7a uma renova\u00e7\u00e3o ass\u00eddua, desde os primeiros esbo\u00e7os em aquarela e fotografias - reproduzidas em papel offset - at\u00e9 \u00e0 resid\u00eancia familiar privada finalizada.  Situado na elegante Riviera Francesa, rodeado por vinhedos cru class\u00e9, o est\u00fadio de Arquitectura &amp; Interiores - OITOEMPONTO, sediado na cidade do Porto, projectou e supervisionou o renascimento do Ch\u00e2teau Saint- Maur de Cogolin, atrav\u00e9s de uma profunda transforma\u00e7\u00e3o ao longo de 4 anos.  Os arquitectos Artur Miranda e Jacques Bec, mentores da OITOEMPONTO com sede no Porto, s\u00e3o conhecidos pela sua experi\u00eancia em arquitectura e design de interiores. S\u00e3o presen\u00e7a ass\u00eddua na feira AD Int\u00e9rieurs em Paris e j\u00e1 realizaram importantes projectos tanto p\u00fablicos como privadas em todo o mundo, desde Portugal, Inglaterra, Brasil, Angola e China.","og_url":"https:\/\/fineandcandy.com\/pt-pt\/product\/a-chateau-on-the-french-riviera-book\/","og_site_name":"Fine &amp; Candy","article_modified_time":"2022-10-24T10:32:23+00:00","og_image":[{"width":586,"height":698,"url":"https:\/\/s3.eu-west-3.amazonaws.com\/fineandcandy.com\/wp-content\/uploads\/2020\/11\/19152927\/WhatsApp-Image-2020-11-17-at-17.37.58-1.jpeg","type":"image\/jpeg"}],"twitter_card":"summary_large_image","schema":{"@context":"https:\/\/schema.org","@graph":[{"@type":"WebPage","@id":"https:\/\/fineandcandy.com\/pt-pt\/product\/a-chateau-on-the-french-riviera-book\/","url":"https:\/\/fineandcandy.com\/pt-pt\/product\/a-chateau-on-the-french-riviera-book\/","name":"A Ch\u00e2teau on the French Riviera - Book - Fine &amp; Candy","isPartOf":{"@id":"https:\/\/fineandcandy.com\/#website"},"datePublished":"2020-11-17T10:10:18+00:00","dateModified":"2022-10-24T10:32:23+00:00","breadcrumb":{"@id":"https:\/\/fineandcandy.com\/pt-pt\/product\/a-chateau-on-the-french-riviera-book\/#breadcrumb"},"inLanguage":"pt-PT","potentialAction":[{"@type":"ReadAction","target":["https:\/\/fineandcandy.com\/pt-pt\/product\/a-chateau-on-the-french-riviera-book\/"]}]},{"@type":"BreadcrumbList","@id":"https:\/\/fineandcandy.com\/pt-pt\/product\/a-chateau-on-the-french-riviera-book\/#breadcrumb","itemListElement":[{"@type":"ListItem","position":1,"name":"Home","item":"https:\/\/fineandcandy.com\/pt-pt\/"},{"@type":"ListItem","position":2,"name":"Loja","item":"https:\/\/fineandcandy.com\/pt-pt\/loja\/"},{"@type":"ListItem","position":3,"name":"A Ch\u00e2teau on the French Riviera &#8211; Book"}]},{"@type":"WebSite","@id":"https:\/\/fineandcandy.com\/#website","url":"https:\/\/fineandcandy.com\/","name":"Fine &amp; Candy","description":"Handmade Stationery","potentialAction":[{"@type":"SearchAction","target":{"@type":"EntryPoint","urlTemplate":"https:\/\/fineandcandy.com\/?s={search_term_string}"},"query-input":"required name=search_term_string"}],"inLanguage":"pt-PT"}]}},"_links":{"self":[{"href":"https:\/\/fineandcandy.com\/pt-pt\/wp-json\/wp\/v2\/product\/25428"}],"collection":[{"href":"https:\/\/fineandcandy.com\/pt-pt\/wp-json\/wp\/v2\/product"}],"about":[{"href":"https:\/\/fineandcandy.com\/pt-pt\/wp-json\/wp\/v2\/types\/product"}],"wp:featuredmedia":[{"embeddable":true,"href":"https:\/\/fineandcandy.com\/pt-pt\/wp-json\/wp\/v2\/media\/25493"}],"wp:attachment":[{"href":"https:\/\/fineandcandy.com\/pt-pt\/wp-json\/wp\/v2\/media?parent=25428"}],"wp:term":[{"taxonomy":"product_cat","embeddable":true,"href":"https:\/\/fineandcandy.com\/pt-pt\/wp-json\/wp\/v2\/product_cat?post=25428"},{"taxonomy":"product_tag","embeddable":true,"href":"https:\/\/fineandcandy.com\/pt-pt\/wp-json\/wp\/v2\/product_tag?post=25428"},{"taxonomy":"giftcard-category","embeddable":true,"href":"https:\/\/fineandcandy.com\/pt-pt\/wp-json\/wp\/v2\/giftcard-category?post=25428"}],"curies":[{"name":"wp","href":"https:\/\/api.w.org\/{rel}","templated":true}]}}