{"id":26876,"date":"2022-01-24T14:43:19","date_gmt":"2022-01-24T14:43:19","guid":{"rendered":"https:\/\/fineandcandy.com\/?post_type=product&#038;p=26876"},"modified":"2022-06-20T15:32:11","modified_gmt":"2022-06-20T15:32:11","slug":"heydarling-card","status":"publish","type":"product","link":"https:\/\/fineandcandy.com\/pt-pt\/product\/heydarling-card\/","title":{"rendered":"Hey Darling Card"},"content":{"rendered":"","protected":false},"excerpt":{"rendered":"<p>Convide algu\u00e9m especial para um jantar ou uma sa\u00edda a dois. Porque n\u00e3o existe nada melhor do que receber um cart\u00e3o quando menos se espera.<br \/>\nOs envelopes est\u00e3o dispon\u00edveis em 6 cores: Branco, Bege, Cinza Claro, Azul, Rosa Velho e Verde. S\u00e3o feitos com papel de alta qualidade e com o interior forrado no mesmo papel. Escolha a cor do seu envelope favorito e surpreenda quem mais gosta.<\/p>\n","protected":false},"featured_media":26920,"template":"","meta":[],"product_cat":[752],"product_tag":[160,161,162,165,194,196,252,256,298,310,312,316,415,416,419,547,557,593,644,755,756,757,766,767,831,833,835,836,837,838,839,840,841,842,843,844,846,847,848,849,852,853,854,856,857,859,861,862,863,864,865,867,868,869,870,871,873,876,882,888,889,890,891,892,893,894,896,897,900,902,903,904,952,954,957,958,959,961,962,1039,1046,1047,1052,1056,1057,1058,1070,1115,1116,1202,1321,1394,1451,1665,1666,1667,1668,1669,1670,1671,1672,1673,1674,1675,1676,1677,1678,1679],"giftcard-category":[],"supplier_id":null,"supplier_sku":"","atum_controlled":true,"out_stock_date":null,"out_stock_threshold":null,"inheritable":true,"inbound_stock":0,"stock_on_hold":0,"sold_today":0,"sales_last_days":0,"reserved_stock":0,"customer_returns":0,"warehouse_damage":0,"lost_in_post":0,"other_logs":0,"out_stock_days":0,"lost_sales":0,"has_location":false,"update_date":"2026-04-08T00:02:37","atum_locations":[],"atum_stock_status":"instock","low_stock":false,"low_stock_amount":"","yoast_head":"<!-- This site is optimized with the Yoast SEO plugin v20.4 - https:\/\/yoast.com\/wordpress\/plugins\/seo\/ -->\n<title>Hey Darling Card - Fine &amp; Candy<\/title>\n<meta name=\"robots\" content=\"index, follow, max-snippet:-1, max-image-preview:large, max-video-preview:-1\" \/>\n<link rel=\"canonical\" href=\"https:\/\/fineandcandy.com\/pt-pt\/product\/heydarling-card\/\" \/>\n<meta property=\"og:locale\" content=\"pt_PT\" \/>\n<meta property=\"og:type\" content=\"article\" \/>\n<meta property=\"og:title\" content=\"Hey Darling Card - Fine &amp; Candy\" \/>\n<meta property=\"og:description\" content=\"Convide algu\u00e9m especial para um jantar ou uma sa\u00edda a dois. Porque n\u00e3o existe nada melhor do que receber um cart\u00e3o quando menos se espera. Os envelopes est\u00e3o dispon\u00edveis em 6 cores: Branco, Bege, Cinza Claro, Azul, Rosa Velho e Verde. S\u00e3o feitos com papel de alta qualidade e com o interior forrado no mesmo papel. Escolha a cor do seu envelope favorito e surpreenda quem mais gosta.\" \/>\n<meta property=\"og:url\" content=\"https:\/\/fineandcandy.com\/pt-pt\/product\/heydarling-card\/\" \/>\n<meta property=\"og:site_name\" content=\"Fine &amp; Candy\" \/>\n<meta property=\"article:modified_time\" content=\"2022-06-20T15:32:11+00:00\" \/>\n<meta property=\"og:image\" content=\"https:\/\/s3.eu-west-3.amazonaws.com\/fineandcandy.com\/wp-content\/uploads\/2022\/01\/HEY_DARLING_card_PISTACHIO_envelope-scaled.jpg\" \/>\n\t<meta property=\"og:image:width\" content=\"1707\" \/>\n\t<meta property=\"og:image:height\" content=\"2560\" \/>\n\t<meta property=\"og:image:type\" content=\"image\/jpeg\" \/>\n<meta name=\"twitter:card\" content=\"summary_large_image\" \/>\n<script type=\"application\/ld+json\" class=\"yoast-schema-graph\">{\"@context\":\"https:\/\/schema.org\",\"@graph\":[{\"@type\":\"WebPage\",\"@id\":\"https:\/\/fineandcandy.com\/pt-pt\/product\/heydarling-card\/\",\"url\":\"https:\/\/fineandcandy.com\/pt-pt\/product\/heydarling-card\/\",\"name\":\"Hey Darling Card - Fine &amp; Candy\",\"isPartOf\":{\"@id\":\"https:\/\/fineandcandy.com\/#website\"},\"datePublished\":\"2022-01-24T14:43:19+00:00\",\"dateModified\":\"2022-06-20T15:32:11+00:00\",\"breadcrumb\":{\"@id\":\"https:\/\/fineandcandy.com\/pt-pt\/product\/heydarling-card\/#breadcrumb\"},\"inLanguage\":\"pt-PT\",\"potentialAction\":[{\"@type\":\"ReadAction\",\"target\":[\"https:\/\/fineandcandy.com\/pt-pt\/product\/heydarling-card\/\"]}]},{\"@type\":\"BreadcrumbList\",\"@id\":\"https:\/\/fineandcandy.com\/pt-pt\/product\/heydarling-card\/#breadcrumb\",\"itemListElement\":[{\"@type\":\"ListItem\",\"position\":1,\"name\":\"Home\",\"item\":\"https:\/\/fineandcandy.com\/pt-pt\/\"},{\"@type\":\"ListItem\",\"position\":2,\"name\":\"Loja\",\"item\":\"https:\/\/fineandcandy.com\/pt-pt\/loja\/\"},{\"@type\":\"ListItem\",\"position\":3,\"name\":\"Hey Darling Card\"}]},{\"@type\":\"WebSite\",\"@id\":\"https:\/\/fineandcandy.com\/#website\",\"url\":\"https:\/\/fineandcandy.com\/\",\"name\":\"Fine &amp; Candy\",\"description\":\"Handmade Stationery\",\"potentialAction\":[{\"@type\":\"SearchAction\",\"target\":{\"@type\":\"EntryPoint\",\"urlTemplate\":\"https:\/\/fineandcandy.com\/?s={search_term_string}\"},\"query-input\":\"required name=search_term_string\"}],\"inLanguage\":\"pt-PT\"}]}<\/script>\n<!-- \/ Yoast SEO plugin. -->","yoast_head_json":{"title":"Hey Darling Card - Fine &amp; Candy","robots":{"index":"index","follow":"follow","max-snippet":"max-snippet:-1","max-image-preview":"max-image-preview:large","max-video-preview":"max-video-preview:-1"},"canonical":"https:\/\/fineandcandy.com\/pt-pt\/product\/heydarling-card\/","og_locale":"pt_PT","og_type":"article","og_title":"Hey Darling Card - Fine &amp; Candy","og_description":"Convide algu\u00e9m especial para um jantar ou uma sa\u00edda a dois. Porque n\u00e3o existe nada melhor do que receber um cart\u00e3o quando menos se espera. Os envelopes est\u00e3o dispon\u00edveis em 6 cores: Branco, Bege, Cinza Claro, Azul, Rosa Velho e Verde. S\u00e3o feitos com papel de alta qualidade e com o interior forrado no mesmo papel. Escolha a cor do seu envelope favorito e surpreenda quem mais gosta.","og_url":"https:\/\/fineandcandy.com\/pt-pt\/product\/heydarling-card\/","og_site_name":"Fine &amp; Candy","article_modified_time":"2022-06-20T15:32:11+00:00","og_image":[{"width":1707,"height":2560,"url":"https:\/\/s3.eu-west-3.amazonaws.com\/fineandcandy.com\/wp-content\/uploads\/2022\/01\/HEY_DARLING_card_PISTACHIO_envelope-scaled.jpg","type":"image\/jpeg"}],"twitter_card":"summary_large_image","schema":{"@context":"https:\/\/schema.org","@graph":[{"@type":"WebPage","@id":"https:\/\/fineandcandy.com\/pt-pt\/product\/heydarling-card\/","url":"https:\/\/fineandcandy.com\/pt-pt\/product\/heydarling-card\/","name":"Hey Darling Card - Fine &amp; Candy","isPartOf":{"@id":"https:\/\/fineandcandy.com\/#website"},"datePublished":"2022-01-24T14:43:19+00:00","dateModified":"2022-06-20T15:32:11+00:00","breadcrumb":{"@id":"https:\/\/fineandcandy.com\/pt-pt\/product\/heydarling-card\/#breadcrumb"},"inLanguage":"pt-PT","potentialAction":[{"@type":"ReadAction","target":["https:\/\/fineandcandy.com\/pt-pt\/product\/heydarling-card\/"]}]},{"@type":"BreadcrumbList","@id":"https:\/\/fineandcandy.com\/pt-pt\/product\/heydarling-card\/#breadcrumb","itemListElement":[{"@type":"ListItem","position":1,"name":"Home","item":"https:\/\/fineandcandy.com\/pt-pt\/"},{"@type":"ListItem","position":2,"name":"Loja","item":"https:\/\/fineandcandy.com\/pt-pt\/loja\/"},{"@type":"ListItem","position":3,"name":"Hey Darling Card"}]},{"@type":"WebSite","@id":"https:\/\/fineandcandy.com\/#website","url":"https:\/\/fineandcandy.com\/","name":"Fine &amp; Candy","description":"Handmade Stationery","potentialAction":[{"@type":"SearchAction","target":{"@type":"EntryPoint","urlTemplate":"https:\/\/fineandcandy.com\/?s={search_term_string}"},"query-input":"required name=search_term_string"}],"inLanguage":"pt-PT"}]}},"_links":{"self":[{"href":"https:\/\/fineandcandy.com\/pt-pt\/wp-json\/wp\/v2\/product\/26876"}],"collection":[{"href":"https:\/\/fineandcandy.com\/pt-pt\/wp-json\/wp\/v2\/product"}],"about":[{"href":"https:\/\/fineandcandy.com\/pt-pt\/wp-json\/wp\/v2\/types\/product"}],"wp:featuredmedia":[{"embeddable":true,"href":"https:\/\/fineandcandy.com\/pt-pt\/wp-json\/wp\/v2\/media\/26920"}],"wp:attachment":[{"href":"https:\/\/fineandcandy.com\/pt-pt\/wp-json\/wp\/v2\/media?parent=26876"}],"wp:term":[{"taxonomy":"product_cat","embeddable":true,"href":"https:\/\/fineandcandy.com\/pt-pt\/wp-json\/wp\/v2\/product_cat?post=26876"},{"taxonomy":"product_tag","embeddable":true,"href":"https:\/\/fineandcandy.com\/pt-pt\/wp-json\/wp\/v2\/product_tag?post=26876"},{"taxonomy":"giftcard-category","embeddable":true,"href":"https:\/\/fineandcandy.com\/pt-pt\/wp-json\/wp\/v2\/giftcard-category?post=26876"}],"curies":[{"name":"wp","href":"https:\/\/api.w.org\/{rel}","templated":true}]}}