{"id":27332,"date":"2022-04-11T11:38:33","date_gmt":"2022-04-11T11:38:33","guid":{"rendered":"https:\/\/fineandcandy.com\/?post_type=product&#038;p=27332"},"modified":"2023-01-27T11:52:32","modified_gmt":"2023-01-27T11:52:32","slug":"agenda-shop","status":"publish","type":"product","link":"https:\/\/fineandcandy.com\/pt-pt\/product\/agenda-shop\/","title":{"rendered":"Agenda Shop"},"content":{"rendered":"","protected":false},"excerpt":{"rendered":"<p>A agenda Shop da Fine&amp;Candy vai ajudar a organizar os seus dias, manter o foco e motiva\u00e7\u00e3o para conquistar os seus objectivos.<br \/>\nSuper pr\u00e1tica, original e \u00fanica, em tamanho A5 ideal para ter na sua secret\u00e1ria ou levar consigo, para todo o lado. Poder\u00e1 ser personalizada como mais gostar, pois n\u00e3o tem datas, nem dias e poder\u00e1 come\u00e7ar quando desejar.<br \/>\nA agenda est\u00e1 dividida com: Calend\u00e1rio 2022 e 2023;\u00a0 5 semanas para cada m\u00eas, num total de 12 meses; Vista semanal e \u00e1rea de notas no final da agenda.<\/p>\n","protected":false},"featured_media":27377,"template":"","meta":[],"product_cat":[2101],"product_tag":[],"giftcard-category":[],"supplier_id":null,"supplier_sku":"","atum_controlled":true,"out_stock_date":null,"out_stock_threshold":null,"inheritable":false,"inbound_stock":0,"stock_on_hold":0,"sold_today":0,"sales_last_days":0,"reserved_stock":0,"customer_returns":0,"warehouse_damage":0,"lost_in_post":0,"other_logs":0,"out_stock_days":0,"lost_sales":0,"has_location":false,"update_date":"2026-04-19T00:36:42","atum_locations":[],"atum_stock_status":"instock","low_stock":false,"low_stock_amount":"","yoast_head":"<!-- This site is optimized with the Yoast SEO plugin v20.4 - https:\/\/yoast.com\/wordpress\/plugins\/seo\/ -->\n<title>Agenda Shop - Fine &amp; Candy<\/title>\n<meta name=\"robots\" content=\"index, follow, max-snippet:-1, max-image-preview:large, max-video-preview:-1\" \/>\n<link rel=\"canonical\" href=\"https:\/\/fineandcandy.com\/pt-pt\/product\/agenda-shop\/\" \/>\n<meta property=\"og:locale\" content=\"pt_PT\" \/>\n<meta property=\"og:type\" content=\"article\" \/>\n<meta property=\"og:title\" content=\"Agenda Shop - Fine &amp; Candy\" \/>\n<meta property=\"og:description\" content=\"A agenda Shop da Fine&amp;Candy vai ajudar a organizar os seus dias, manter o foco e motiva\u00e7\u00e3o para conquistar os seus objectivos. Super pr\u00e1tica, original e \u00fanica, em tamanho A5 ideal para ter na sua secret\u00e1ria ou levar consigo, para todo o lado. Poder\u00e1 ser personalizada como mais gostar, pois n\u00e3o tem datas, nem dias e poder\u00e1 come\u00e7ar quando desejar. A agenda est\u00e1 dividida com: Calend\u00e1rio 2022 e 2023;\u00a0 5 semanas para cada m\u00eas, num total de 12 meses; Vista semanal e \u00e1rea de notas no final da agenda.\" \/>\n<meta property=\"og:url\" content=\"https:\/\/fineandcandy.com\/pt-pt\/product\/agenda-shop\/\" \/>\n<meta property=\"og:site_name\" content=\"Fine &amp; Candy\" \/>\n<meta property=\"article:modified_time\" content=\"2023-01-27T11:52:32+00:00\" \/>\n<meta property=\"og:image\" content=\"https:\/\/s3.eu-west-3.amazonaws.com\/fineandcandy.com\/wp-content\/uploads\/2022\/04\/shop_site.jpg\" \/>\n\t<meta property=\"og:image:width\" content=\"586\" \/>\n\t<meta property=\"og:image:height\" content=\"698\" \/>\n\t<meta property=\"og:image:type\" content=\"image\/jpeg\" \/>\n<meta name=\"twitter:card\" content=\"summary_large_image\" \/>\n<script type=\"application\/ld+json\" class=\"yoast-schema-graph\">{\"@context\":\"https:\/\/schema.org\",\"@graph\":[{\"@type\":\"WebPage\",\"@id\":\"https:\/\/fineandcandy.com\/pt-pt\/product\/agenda-shop\/\",\"url\":\"https:\/\/fineandcandy.com\/pt-pt\/product\/agenda-shop\/\",\"name\":\"Agenda Shop - Fine &amp; Candy\",\"isPartOf\":{\"@id\":\"https:\/\/fineandcandy.com\/#website\"},\"datePublished\":\"2022-04-11T11:38:33+00:00\",\"dateModified\":\"2023-01-27T11:52:32+00:00\",\"breadcrumb\":{\"@id\":\"https:\/\/fineandcandy.com\/pt-pt\/product\/agenda-shop\/#breadcrumb\"},\"inLanguage\":\"pt-PT\",\"potentialAction\":[{\"@type\":\"ReadAction\",\"target\":[\"https:\/\/fineandcandy.com\/pt-pt\/product\/agenda-shop\/\"]}]},{\"@type\":\"BreadcrumbList\",\"@id\":\"https:\/\/fineandcandy.com\/pt-pt\/product\/agenda-shop\/#breadcrumb\",\"itemListElement\":[{\"@type\":\"ListItem\",\"position\":1,\"name\":\"Home\",\"item\":\"https:\/\/fineandcandy.com\/pt-pt\/\"},{\"@type\":\"ListItem\",\"position\":2,\"name\":\"Loja\",\"item\":\"https:\/\/fineandcandy.com\/pt-pt\/loja\/\"},{\"@type\":\"ListItem\",\"position\":3,\"name\":\"Agenda Shop\"}]},{\"@type\":\"WebSite\",\"@id\":\"https:\/\/fineandcandy.com\/#website\",\"url\":\"https:\/\/fineandcandy.com\/\",\"name\":\"Fine &amp; Candy\",\"description\":\"Handmade Stationery\",\"potentialAction\":[{\"@type\":\"SearchAction\",\"target\":{\"@type\":\"EntryPoint\",\"urlTemplate\":\"https:\/\/fineandcandy.com\/?s={search_term_string}\"},\"query-input\":\"required name=search_term_string\"}],\"inLanguage\":\"pt-PT\"}]}<\/script>\n<!-- \/ Yoast SEO plugin. -->","yoast_head_json":{"title":"Agenda Shop - Fine &amp; Candy","robots":{"index":"index","follow":"follow","max-snippet":"max-snippet:-1","max-image-preview":"max-image-preview:large","max-video-preview":"max-video-preview:-1"},"canonical":"https:\/\/fineandcandy.com\/pt-pt\/product\/agenda-shop\/","og_locale":"pt_PT","og_type":"article","og_title":"Agenda Shop - Fine &amp; Candy","og_description":"A agenda Shop da Fine&amp;Candy vai ajudar a organizar os seus dias, manter o foco e motiva\u00e7\u00e3o para conquistar os seus objectivos. Super pr\u00e1tica, original e \u00fanica, em tamanho A5 ideal para ter na sua secret\u00e1ria ou levar consigo, para todo o lado. Poder\u00e1 ser personalizada como mais gostar, pois n\u00e3o tem datas, nem dias e poder\u00e1 come\u00e7ar quando desejar. A agenda est\u00e1 dividida com: Calend\u00e1rio 2022 e 2023;\u00a0 5 semanas para cada m\u00eas, num total de 12 meses; Vista semanal e \u00e1rea de notas no final da agenda.","og_url":"https:\/\/fineandcandy.com\/pt-pt\/product\/agenda-shop\/","og_site_name":"Fine &amp; Candy","article_modified_time":"2023-01-27T11:52:32+00:00","og_image":[{"width":586,"height":698,"url":"https:\/\/s3.eu-west-3.amazonaws.com\/fineandcandy.com\/wp-content\/uploads\/2022\/04\/shop_site.jpg","type":"image\/jpeg"}],"twitter_card":"summary_large_image","schema":{"@context":"https:\/\/schema.org","@graph":[{"@type":"WebPage","@id":"https:\/\/fineandcandy.com\/pt-pt\/product\/agenda-shop\/","url":"https:\/\/fineandcandy.com\/pt-pt\/product\/agenda-shop\/","name":"Agenda Shop - Fine &amp; Candy","isPartOf":{"@id":"https:\/\/fineandcandy.com\/#website"},"datePublished":"2022-04-11T11:38:33+00:00","dateModified":"2023-01-27T11:52:32+00:00","breadcrumb":{"@id":"https:\/\/fineandcandy.com\/pt-pt\/product\/agenda-shop\/#breadcrumb"},"inLanguage":"pt-PT","potentialAction":[{"@type":"ReadAction","target":["https:\/\/fineandcandy.com\/pt-pt\/product\/agenda-shop\/"]}]},{"@type":"BreadcrumbList","@id":"https:\/\/fineandcandy.com\/pt-pt\/product\/agenda-shop\/#breadcrumb","itemListElement":[{"@type":"ListItem","position":1,"name":"Home","item":"https:\/\/fineandcandy.com\/pt-pt\/"},{"@type":"ListItem","position":2,"name":"Loja","item":"https:\/\/fineandcandy.com\/pt-pt\/loja\/"},{"@type":"ListItem","position":3,"name":"Agenda Shop"}]},{"@type":"WebSite","@id":"https:\/\/fineandcandy.com\/#website","url":"https:\/\/fineandcandy.com\/","name":"Fine &amp; Candy","description":"Handmade Stationery","potentialAction":[{"@type":"SearchAction","target":{"@type":"EntryPoint","urlTemplate":"https:\/\/fineandcandy.com\/?s={search_term_string}"},"query-input":"required name=search_term_string"}],"inLanguage":"pt-PT"}]}},"_links":{"self":[{"href":"https:\/\/fineandcandy.com\/pt-pt\/wp-json\/wp\/v2\/product\/27332"}],"collection":[{"href":"https:\/\/fineandcandy.com\/pt-pt\/wp-json\/wp\/v2\/product"}],"about":[{"href":"https:\/\/fineandcandy.com\/pt-pt\/wp-json\/wp\/v2\/types\/product"}],"wp:featuredmedia":[{"embeddable":true,"href":"https:\/\/fineandcandy.com\/pt-pt\/wp-json\/wp\/v2\/media\/27377"}],"wp:attachment":[{"href":"https:\/\/fineandcandy.com\/pt-pt\/wp-json\/wp\/v2\/media?parent=27332"}],"wp:term":[{"taxonomy":"product_cat","embeddable":true,"href":"https:\/\/fineandcandy.com\/pt-pt\/wp-json\/wp\/v2\/product_cat?post=27332"},{"taxonomy":"product_tag","embeddable":true,"href":"https:\/\/fineandcandy.com\/pt-pt\/wp-json\/wp\/v2\/product_tag?post=27332"},{"taxonomy":"giftcard-category","embeddable":true,"href":"https:\/\/fineandcandy.com\/pt-pt\/wp-json\/wp\/v2\/giftcard-category?post=27332"}],"curies":[{"name":"wp","href":"https:\/\/api.w.org\/{rel}","templated":true}]}}