{"id":3606,"date":"2017-03-23T11:07:45","date_gmt":"2017-03-23T11:07:45","guid":{"rendered":"http:\/\/www.fineandcandy.com\/?post_type=product&#038;p=3606"},"modified":"2022-10-21T10:45:29","modified_gmt":"2022-10-21T10:45:29","slug":"afia-dourada-dupla","status":"publish","type":"product","link":"https:\/\/fineandcandy.com\/pt-pt\/product\/afia-dourada-dupla\/","title":{"rendered":"Afia Dourada Dupla"},"content":{"rendered":"","protected":false},"excerpt":{"rendered":"<p>Popular entre designers e artistas, as nossas\u00a0afias duplos douradas s\u00e3o feitas em lat\u00e3o pela mais antiga marca de afias de l\u00e1pis.\u00a0Com l\u00e2minas de grande qualidade, estas afias s\u00e3o inquebr\u00e1veis e adequadas para l\u00e1pis de di\u00e2metro: 11,2mm e 8,2mm.\u00a0Perfeitas para afiar os seus l\u00e1pis Fine&amp;Candy.<\/p>\n","protected":false},"featured_media":3607,"template":"","meta":[],"product_cat":[77],"product_tag":[883,894,893,892,891,890,889,888,884,902,882,879,876,875,869,868,867,865,956,1528,1527,1526,1525,1518,1507,1078,962,864,952,913,911,910,909,905,904,903,327,593,557,547,419,416,415,329,328,644,298,256,197,196,194,165,162,161,852,863,862,861,859,857,856,854,853,160,843,842,841,840,838,837,836,835],"giftcard-category":[],"supplier_id":null,"supplier_sku":"","atum_controlled":true,"out_stock_date":null,"out_stock_threshold":null,"inheritable":false,"inbound_stock":0,"stock_on_hold":0,"sold_today":0,"sales_last_days":0,"reserved_stock":0,"customer_returns":0,"warehouse_damage":0,"lost_in_post":0,"other_logs":0,"out_stock_days":0,"lost_sales":0,"has_location":false,"update_date":"2026-04-17T00:32:45","atum_locations":[],"atum_stock_status":"instock","low_stock":false,"low_stock_amount":"","yoast_head":"<!-- This site is optimized with the Yoast SEO plugin v20.4 - https:\/\/yoast.com\/wordpress\/plugins\/seo\/ -->\n<title>Afia Dourada Dupla - Fine &amp; Candy<\/title>\n<meta name=\"robots\" content=\"index, follow, max-snippet:-1, max-image-preview:large, max-video-preview:-1\" \/>\n<link rel=\"canonical\" href=\"https:\/\/fineandcandy.com\/pt-pt\/product\/afia-dourada-dupla\/\" \/>\n<meta property=\"og:locale\" content=\"pt_PT\" \/>\n<meta property=\"og:type\" content=\"article\" \/>\n<meta property=\"og:title\" content=\"Afia Dourada Dupla - Fine &amp; Candy\" \/>\n<meta property=\"og:description\" content=\"Popular entre designers e artistas, as nossas\u00a0afias duplos douradas s\u00e3o feitas em lat\u00e3o pela mais antiga marca de afias de l\u00e1pis.\u00a0Com l\u00e2minas de grande qualidade, estas afias s\u00e3o inquebr\u00e1veis e adequadas para l\u00e1pis de di\u00e2metro: 11,2mm e 8,2mm.\u00a0Perfeitas para afiar os seus l\u00e1pis Fine&amp;Candy.\" \/>\n<meta property=\"og:url\" content=\"https:\/\/fineandcandy.com\/pt-pt\/product\/afia-dourada-dupla\/\" \/>\n<meta property=\"og:site_name\" content=\"Fine &amp; Candy\" \/>\n<meta property=\"article:modified_time\" content=\"2022-10-21T10:45:29+00:00\" \/>\n<meta property=\"og:image\" content=\"https:\/\/s3.eu-west-3.amazonaws.com\/fineandcandy.com\/wp-content\/uploads\/2017\/03\/afia-dupla.jpg\" \/>\n\t<meta property=\"og:image:width\" content=\"586\" \/>\n\t<meta property=\"og:image:height\" content=\"698\" \/>\n\t<meta property=\"og:image:type\" content=\"image\/jpeg\" \/>\n<meta name=\"twitter:card\" content=\"summary_large_image\" \/>\n<script type=\"application\/ld+json\" class=\"yoast-schema-graph\">{\"@context\":\"https:\/\/schema.org\",\"@graph\":[{\"@type\":\"WebPage\",\"@id\":\"https:\/\/fineandcandy.com\/pt-pt\/product\/afia-dourada-dupla\/\",\"url\":\"https:\/\/fineandcandy.com\/pt-pt\/product\/afia-dourada-dupla\/\",\"name\":\"Afia Dourada Dupla - Fine &amp; Candy\",\"isPartOf\":{\"@id\":\"https:\/\/fineandcandy.com\/#website\"},\"datePublished\":\"2017-03-23T11:07:45+00:00\",\"dateModified\":\"2022-10-21T10:45:29+00:00\",\"breadcrumb\":{\"@id\":\"https:\/\/fineandcandy.com\/pt-pt\/product\/afia-dourada-dupla\/#breadcrumb\"},\"inLanguage\":\"pt-PT\",\"potentialAction\":[{\"@type\":\"ReadAction\",\"target\":[\"https:\/\/fineandcandy.com\/pt-pt\/product\/afia-dourada-dupla\/\"]}]},{\"@type\":\"BreadcrumbList\",\"@id\":\"https:\/\/fineandcandy.com\/pt-pt\/product\/afia-dourada-dupla\/#breadcrumb\",\"itemListElement\":[{\"@type\":\"ListItem\",\"position\":1,\"name\":\"Home\",\"item\":\"https:\/\/fineandcandy.com\/pt-pt\/\"},{\"@type\":\"ListItem\",\"position\":2,\"name\":\"Loja\",\"item\":\"https:\/\/fineandcandy.com\/pt-pt\/loja\/\"},{\"@type\":\"ListItem\",\"position\":3,\"name\":\"Afia Dourada Dupla\"}]},{\"@type\":\"WebSite\",\"@id\":\"https:\/\/fineandcandy.com\/#website\",\"url\":\"https:\/\/fineandcandy.com\/\",\"name\":\"Fine &amp; Candy\",\"description\":\"Handmade Stationery\",\"potentialAction\":[{\"@type\":\"SearchAction\",\"target\":{\"@type\":\"EntryPoint\",\"urlTemplate\":\"https:\/\/fineandcandy.com\/?s={search_term_string}\"},\"query-input\":\"required name=search_term_string\"}],\"inLanguage\":\"pt-PT\"}]}<\/script>\n<!-- \/ Yoast SEO plugin. -->","yoast_head_json":{"title":"Afia Dourada Dupla - Fine &amp; Candy","robots":{"index":"index","follow":"follow","max-snippet":"max-snippet:-1","max-image-preview":"max-image-preview:large","max-video-preview":"max-video-preview:-1"},"canonical":"https:\/\/fineandcandy.com\/pt-pt\/product\/afia-dourada-dupla\/","og_locale":"pt_PT","og_type":"article","og_title":"Afia Dourada Dupla - Fine &amp; Candy","og_description":"Popular entre designers e artistas, as nossas\u00a0afias duplos douradas s\u00e3o feitas em lat\u00e3o pela mais antiga marca de afias de l\u00e1pis.\u00a0Com l\u00e2minas de grande qualidade, estas afias s\u00e3o inquebr\u00e1veis e adequadas para l\u00e1pis de di\u00e2metro: 11,2mm e 8,2mm.\u00a0Perfeitas para afiar os seus l\u00e1pis Fine&amp;Candy.","og_url":"https:\/\/fineandcandy.com\/pt-pt\/product\/afia-dourada-dupla\/","og_site_name":"Fine &amp; Candy","article_modified_time":"2022-10-21T10:45:29+00:00","og_image":[{"width":586,"height":698,"url":"https:\/\/s3.eu-west-3.amazonaws.com\/fineandcandy.com\/wp-content\/uploads\/2017\/03\/afia-dupla.jpg","type":"image\/jpeg"}],"twitter_card":"summary_large_image","schema":{"@context":"https:\/\/schema.org","@graph":[{"@type":"WebPage","@id":"https:\/\/fineandcandy.com\/pt-pt\/product\/afia-dourada-dupla\/","url":"https:\/\/fineandcandy.com\/pt-pt\/product\/afia-dourada-dupla\/","name":"Afia Dourada Dupla - Fine &amp; Candy","isPartOf":{"@id":"https:\/\/fineandcandy.com\/#website"},"datePublished":"2017-03-23T11:07:45+00:00","dateModified":"2022-10-21T10:45:29+00:00","breadcrumb":{"@id":"https:\/\/fineandcandy.com\/pt-pt\/product\/afia-dourada-dupla\/#breadcrumb"},"inLanguage":"pt-PT","potentialAction":[{"@type":"ReadAction","target":["https:\/\/fineandcandy.com\/pt-pt\/product\/afia-dourada-dupla\/"]}]},{"@type":"BreadcrumbList","@id":"https:\/\/fineandcandy.com\/pt-pt\/product\/afia-dourada-dupla\/#breadcrumb","itemListElement":[{"@type":"ListItem","position":1,"name":"Home","item":"https:\/\/fineandcandy.com\/pt-pt\/"},{"@type":"ListItem","position":2,"name":"Loja","item":"https:\/\/fineandcandy.com\/pt-pt\/loja\/"},{"@type":"ListItem","position":3,"name":"Afia Dourada Dupla"}]},{"@type":"WebSite","@id":"https:\/\/fineandcandy.com\/#website","url":"https:\/\/fineandcandy.com\/","name":"Fine &amp; Candy","description":"Handmade Stationery","potentialAction":[{"@type":"SearchAction","target":{"@type":"EntryPoint","urlTemplate":"https:\/\/fineandcandy.com\/?s={search_term_string}"},"query-input":"required name=search_term_string"}],"inLanguage":"pt-PT"}]}},"_links":{"self":[{"href":"https:\/\/fineandcandy.com\/pt-pt\/wp-json\/wp\/v2\/product\/3606"}],"collection":[{"href":"https:\/\/fineandcandy.com\/pt-pt\/wp-json\/wp\/v2\/product"}],"about":[{"href":"https:\/\/fineandcandy.com\/pt-pt\/wp-json\/wp\/v2\/types\/product"}],"wp:featuredmedia":[{"embeddable":true,"href":"https:\/\/fineandcandy.com\/pt-pt\/wp-json\/wp\/v2\/media\/3607"}],"wp:attachment":[{"href":"https:\/\/fineandcandy.com\/pt-pt\/wp-json\/wp\/v2\/media?parent=3606"}],"wp:term":[{"taxonomy":"product_cat","embeddable":true,"href":"https:\/\/fineandcandy.com\/pt-pt\/wp-json\/wp\/v2\/product_cat?post=3606"},{"taxonomy":"product_tag","embeddable":true,"href":"https:\/\/fineandcandy.com\/pt-pt\/wp-json\/wp\/v2\/product_tag?post=3606"},{"taxonomy":"giftcard-category","embeddable":true,"href":"https:\/\/fineandcandy.com\/pt-pt\/wp-json\/wp\/v2\/giftcard-category?post=3606"}],"curies":[{"name":"wp","href":"https:\/\/api.w.org\/{rel}","templated":true}]}}