{"id":4259,"date":"2017-09-06T11:09:21","date_gmt":"2017-09-06T11:09:21","guid":{"rendered":"http:\/\/www.fineandcandy.com\/?post_type=product&#038;p=4259\/"},"modified":"2022-09-29T11:12:08","modified_gmt":"2022-09-29T11:12:08","slug":"copo-dourado","status":"publish","type":"product","link":"https:\/\/fineandcandy.com\/pt-pt\/product\/copo-dourado\/","title":{"rendered":"Copo Dourado"},"content":{"rendered":"","protected":false},"excerpt":{"rendered":"<p>Bonito e pr\u00e1tico, o copo para l\u00e1pis da Fine&amp;Candy \u00e9 uma pe\u00e7a artesanal, feita de lat\u00e3o polido com um acabamento mate suave.<br \/>\nA cor amarelo met\u00e1lico semelhante \u00e0 do ouro tornam-no numa pe\u00e7a de requinte e de luxo, com uma delicadeza extrema, gra\u00e7as \u00e0 sua t\u00e9cnica de produ\u00e7\u00e3o. Moderno e minimalista o nosso copo para l\u00e1pis \u00e9 ideal para manter o seu espa\u00e7o de trabalho organizado.<\/p>\n","protected":false},"featured_media":17706,"template":"","meta":[],"product_cat":[77],"product_tag":[882,893,892,891,890,889,888,884,883,894,879,876,875,869,868,867,865,864,952,1510,1509,1508,1507,1333,1078,962,956,863,913,911,910,909,905,904,903,902,356,557,547,420,419,418,417,416,415,593,328,298,256,196,194,165,162,161,843,862,861,859,857,856,854,853,852,160,842,841,840,838,837,836,835,644],"giftcard-category":[],"supplier_id":null,"supplier_sku":"","atum_controlled":true,"out_stock_date":null,"out_stock_threshold":null,"inheritable":false,"inbound_stock":0,"stock_on_hold":0,"sold_today":0,"sales_last_days":0,"reserved_stock":0,"customer_returns":0,"warehouse_damage":0,"lost_in_post":0,"other_logs":0,"out_stock_days":0,"lost_sales":0,"has_location":false,"update_date":"2026-04-22T00:59:37","atum_locations":[],"atum_stock_status":"instock","low_stock":false,"low_stock_amount":0,"yoast_head":"<!-- This site is optimized with the Yoast SEO plugin v20.4 - https:\/\/yoast.com\/wordpress\/plugins\/seo\/ -->\n<title>Copo Dourado - Fine &amp; Candy<\/title>\n<meta name=\"robots\" content=\"index, follow, max-snippet:-1, max-image-preview:large, max-video-preview:-1\" \/>\n<link rel=\"canonical\" href=\"https:\/\/fineandcandy.com\/pt-pt\/product\/copo-dourado\/\" \/>\n<meta property=\"og:locale\" content=\"pt_PT\" \/>\n<meta property=\"og:type\" content=\"article\" \/>\n<meta property=\"og:title\" content=\"Copo Dourado - Fine &amp; Candy\" \/>\n<meta property=\"og:description\" content=\"Bonito e pr\u00e1tico, o copo para l\u00e1pis da Fine&amp;Candy \u00e9 uma pe\u00e7a artesanal, feita de lat\u00e3o polido com um acabamento mate suave. A cor amarelo met\u00e1lico semelhante \u00e0 do ouro tornam-no numa pe\u00e7a de requinte e de luxo, com uma delicadeza extrema, gra\u00e7as \u00e0 sua t\u00e9cnica de produ\u00e7\u00e3o. Moderno e minimalista o nosso copo para l\u00e1pis \u00e9 ideal para manter o seu espa\u00e7o de trabalho organizado.\" \/>\n<meta property=\"og:url\" content=\"https:\/\/fineandcandy.com\/pt-pt\/product\/copo-dourado\/\" \/>\n<meta property=\"og:site_name\" content=\"Fine &amp; Candy\" \/>\n<meta property=\"article:modified_time\" content=\"2022-09-29T11:12:08+00:00\" \/>\n<meta property=\"og:image\" content=\"https:\/\/s3.eu-west-3.amazonaws.com\/fineandcandy.com\/wp-content\/uploads\/2020\/02\/copo_fc.jpg\" \/>\n\t<meta property=\"og:image:width\" content=\"586\" \/>\n\t<meta property=\"og:image:height\" content=\"698\" \/>\n\t<meta property=\"og:image:type\" content=\"image\/jpeg\" \/>\n<meta name=\"twitter:card\" content=\"summary_large_image\" \/>\n<script type=\"application\/ld+json\" class=\"yoast-schema-graph\">{\"@context\":\"https:\/\/schema.org\",\"@graph\":[{\"@type\":\"WebPage\",\"@id\":\"https:\/\/fineandcandy.com\/pt-pt\/product\/copo-dourado\/\",\"url\":\"https:\/\/fineandcandy.com\/pt-pt\/product\/copo-dourado\/\",\"name\":\"Copo Dourado - Fine &amp; Candy\",\"isPartOf\":{\"@id\":\"https:\/\/fineandcandy.com\/#website\"},\"datePublished\":\"2017-09-06T11:09:21+00:00\",\"dateModified\":\"2022-09-29T11:12:08+00:00\",\"breadcrumb\":{\"@id\":\"https:\/\/fineandcandy.com\/pt-pt\/product\/copo-dourado\/#breadcrumb\"},\"inLanguage\":\"pt-PT\",\"potentialAction\":[{\"@type\":\"ReadAction\",\"target\":[\"https:\/\/fineandcandy.com\/pt-pt\/product\/copo-dourado\/\"]}]},{\"@type\":\"BreadcrumbList\",\"@id\":\"https:\/\/fineandcandy.com\/pt-pt\/product\/copo-dourado\/#breadcrumb\",\"itemListElement\":[{\"@type\":\"ListItem\",\"position\":1,\"name\":\"Home\",\"item\":\"https:\/\/fineandcandy.com\/pt-pt\/\"},{\"@type\":\"ListItem\",\"position\":2,\"name\":\"Loja\",\"item\":\"https:\/\/fineandcandy.com\/pt-pt\/loja\/\"},{\"@type\":\"ListItem\",\"position\":3,\"name\":\"Copo Dourado\"}]},{\"@type\":\"WebSite\",\"@id\":\"https:\/\/fineandcandy.com\/#website\",\"url\":\"https:\/\/fineandcandy.com\/\",\"name\":\"Fine &amp; Candy\",\"description\":\"Handmade Stationery\",\"potentialAction\":[{\"@type\":\"SearchAction\",\"target\":{\"@type\":\"EntryPoint\",\"urlTemplate\":\"https:\/\/fineandcandy.com\/?s={search_term_string}\"},\"query-input\":\"required name=search_term_string\"}],\"inLanguage\":\"pt-PT\"}]}<\/script>\n<!-- \/ Yoast SEO plugin. -->","yoast_head_json":{"title":"Copo Dourado - Fine &amp; Candy","robots":{"index":"index","follow":"follow","max-snippet":"max-snippet:-1","max-image-preview":"max-image-preview:large","max-video-preview":"max-video-preview:-1"},"canonical":"https:\/\/fineandcandy.com\/pt-pt\/product\/copo-dourado\/","og_locale":"pt_PT","og_type":"article","og_title":"Copo Dourado - Fine &amp; Candy","og_description":"Bonito e pr\u00e1tico, o copo para l\u00e1pis da Fine&amp;Candy \u00e9 uma pe\u00e7a artesanal, feita de lat\u00e3o polido com um acabamento mate suave. A cor amarelo met\u00e1lico semelhante \u00e0 do ouro tornam-no numa pe\u00e7a de requinte e de luxo, com uma delicadeza extrema, gra\u00e7as \u00e0 sua t\u00e9cnica de produ\u00e7\u00e3o. Moderno e minimalista o nosso copo para l\u00e1pis \u00e9 ideal para manter o seu espa\u00e7o de trabalho organizado.","og_url":"https:\/\/fineandcandy.com\/pt-pt\/product\/copo-dourado\/","og_site_name":"Fine &amp; Candy","article_modified_time":"2022-09-29T11:12:08+00:00","og_image":[{"width":586,"height":698,"url":"https:\/\/s3.eu-west-3.amazonaws.com\/fineandcandy.com\/wp-content\/uploads\/2020\/02\/copo_fc.jpg","type":"image\/jpeg"}],"twitter_card":"summary_large_image","schema":{"@context":"https:\/\/schema.org","@graph":[{"@type":"WebPage","@id":"https:\/\/fineandcandy.com\/pt-pt\/product\/copo-dourado\/","url":"https:\/\/fineandcandy.com\/pt-pt\/product\/copo-dourado\/","name":"Copo Dourado - Fine &amp; Candy","isPartOf":{"@id":"https:\/\/fineandcandy.com\/#website"},"datePublished":"2017-09-06T11:09:21+00:00","dateModified":"2022-09-29T11:12:08+00:00","breadcrumb":{"@id":"https:\/\/fineandcandy.com\/pt-pt\/product\/copo-dourado\/#breadcrumb"},"inLanguage":"pt-PT","potentialAction":[{"@type":"ReadAction","target":["https:\/\/fineandcandy.com\/pt-pt\/product\/copo-dourado\/"]}]},{"@type":"BreadcrumbList","@id":"https:\/\/fineandcandy.com\/pt-pt\/product\/copo-dourado\/#breadcrumb","itemListElement":[{"@type":"ListItem","position":1,"name":"Home","item":"https:\/\/fineandcandy.com\/pt-pt\/"},{"@type":"ListItem","position":2,"name":"Loja","item":"https:\/\/fineandcandy.com\/pt-pt\/loja\/"},{"@type":"ListItem","position":3,"name":"Copo Dourado"}]},{"@type":"WebSite","@id":"https:\/\/fineandcandy.com\/#website","url":"https:\/\/fineandcandy.com\/","name":"Fine &amp; Candy","description":"Handmade Stationery","potentialAction":[{"@type":"SearchAction","target":{"@type":"EntryPoint","urlTemplate":"https:\/\/fineandcandy.com\/?s={search_term_string}"},"query-input":"required name=search_term_string"}],"inLanguage":"pt-PT"}]}},"_links":{"self":[{"href":"https:\/\/fineandcandy.com\/pt-pt\/wp-json\/wp\/v2\/product\/4259"}],"collection":[{"href":"https:\/\/fineandcandy.com\/pt-pt\/wp-json\/wp\/v2\/product"}],"about":[{"href":"https:\/\/fineandcandy.com\/pt-pt\/wp-json\/wp\/v2\/types\/product"}],"wp:featuredmedia":[{"embeddable":true,"href":"https:\/\/fineandcandy.com\/pt-pt\/wp-json\/wp\/v2\/media\/17706"}],"wp:attachment":[{"href":"https:\/\/fineandcandy.com\/pt-pt\/wp-json\/wp\/v2\/media?parent=4259"}],"wp:term":[{"taxonomy":"product_cat","embeddable":true,"href":"https:\/\/fineandcandy.com\/pt-pt\/wp-json\/wp\/v2\/product_cat?post=4259"},{"taxonomy":"product_tag","embeddable":true,"href":"https:\/\/fineandcandy.com\/pt-pt\/wp-json\/wp\/v2\/product_tag?post=4259"},{"taxonomy":"giftcard-category","embeddable":true,"href":"https:\/\/fineandcandy.com\/pt-pt\/wp-json\/wp\/v2\/giftcard-category?post=4259"}],"curies":[{"name":"wp","href":"https:\/\/api.w.org\/{rel}","templated":true}]}}