{"id":5290,"date":"2018-05-02T14:14:35","date_gmt":"2018-05-02T14:14:35","guid":{"rendered":"http:\/\/www.fineandcandy.com\/?post_type=product&#038;p=5290\/"},"modified":"2022-10-25T14:39:34","modified_gmt":"2022-10-25T14:39:34","slug":"petite-alice-taupe-pencil-cap","status":"publish","type":"product","link":"https:\/\/fineandcandy.com\/pt-pt\/product\/petite-alice-taupe-pencil-cap\/","title":{"rendered":"Petite Alice Taupe"},"content":{"rendered":"","protected":false},"excerpt":{"rendered":"<p class=\"p1\">Se costuma utilizar e transportar l\u00e1pis no seu dia a dia mas tem receio de sujar a sua mala esta pe\u00e7a vai tornar-se indispens\u00e1vel. Perfeita para os l\u00e1pis grafite Fine&amp;Candy, esta capa para l\u00e1pis em pele 100% vegetal \u00e9 pr\u00e1tica e vai assegurar que n\u00e3o deixe de desenhar no seu notebook com o seu l\u00e1pis favorito. Este \u00e9 um bom presente para oferecer aos amantes de l\u00e1pis.<\/p>\n","protected":false},"featured_media":27408,"template":"","meta":[],"product_cat":[510],"product_tag":[891,909,905,904,903,902,894,893,892,913,890,889,888,876,875,871,870,869,1148,1276,1270,1269,1268,1267,1247,1221,1214,868,1147,1017,1016,962,959,958,952,951,303,836,835,644,593,557,547,515,416,837,299,298,256,241,194,169,165,162,853,867,865,864,861,859,857,856,854,160,852,844,843,842,841,840,838],"giftcard-category":[],"supplier_id":null,"supplier_sku":"","atum_controlled":true,"out_stock_date":null,"out_stock_threshold":null,"inheritable":false,"inbound_stock":0,"stock_on_hold":0,"sold_today":0,"sales_last_days":0,"reserved_stock":0,"customer_returns":0,"warehouse_damage":0,"lost_in_post":0,"other_logs":0,"out_stock_days":0,"lost_sales":0,"has_location":false,"update_date":"2026-04-17T00:32:47","atum_locations":[],"atum_stock_status":"instock","low_stock":false,"low_stock_amount":0,"yoast_head":"<!-- This site is optimized with the Yoast SEO plugin v20.4 - https:\/\/yoast.com\/wordpress\/plugins\/seo\/ -->\n<title>Petite Alice Taupe - Fine &amp; Candy<\/title>\n<meta name=\"robots\" content=\"index, follow, max-snippet:-1, max-image-preview:large, max-video-preview:-1\" \/>\n<link rel=\"canonical\" href=\"https:\/\/fineandcandy.com\/pt-pt\/product\/petite-alice-taupe-pencil-cap\/\" \/>\n<meta property=\"og:locale\" content=\"pt_PT\" \/>\n<meta property=\"og:type\" content=\"article\" \/>\n<meta property=\"og:title\" content=\"Petite Alice Taupe - Fine &amp; Candy\" \/>\n<meta property=\"og:description\" content=\"Se costuma utilizar e transportar l\u00e1pis no seu dia a dia mas tem receio de sujar a sua mala esta pe\u00e7a vai tornar-se indispens\u00e1vel. Perfeita para os l\u00e1pis grafite Fine&amp;Candy, esta capa para l\u00e1pis em pele 100% vegetal \u00e9 pr\u00e1tica e vai assegurar que n\u00e3o deixe de desenhar no seu notebook com o seu l\u00e1pis favorito. Este \u00e9 um bom presente para oferecer aos amantes de l\u00e1pis.\" \/>\n<meta property=\"og:url\" content=\"https:\/\/fineandcandy.com\/pt-pt\/product\/petite-alice-taupe-pencil-cap\/\" \/>\n<meta property=\"og:site_name\" content=\"Fine &amp; Candy\" \/>\n<meta property=\"article:modified_time\" content=\"2022-10-25T14:39:34+00:00\" \/>\n<meta property=\"og:image\" content=\"https:\/\/s3.eu-west-3.amazonaws.com\/fineandcandy.com\/wp-content\/uploads\/2022\/04\/Petite_alice_taupe_site.jpg\" \/>\n\t<meta property=\"og:image:width\" content=\"586\" \/>\n\t<meta property=\"og:image:height\" content=\"698\" \/>\n\t<meta property=\"og:image:type\" content=\"image\/jpeg\" \/>\n<meta name=\"twitter:card\" content=\"summary_large_image\" \/>\n<script type=\"application\/ld+json\" class=\"yoast-schema-graph\">{\"@context\":\"https:\/\/schema.org\",\"@graph\":[{\"@type\":\"WebPage\",\"@id\":\"https:\/\/fineandcandy.com\/pt-pt\/product\/petite-alice-taupe-pencil-cap\/\",\"url\":\"https:\/\/fineandcandy.com\/pt-pt\/product\/petite-alice-taupe-pencil-cap\/\",\"name\":\"Petite Alice Taupe - Fine &amp; Candy\",\"isPartOf\":{\"@id\":\"https:\/\/fineandcandy.com\/#website\"},\"datePublished\":\"2018-05-02T14:14:35+00:00\",\"dateModified\":\"2022-10-25T14:39:34+00:00\",\"breadcrumb\":{\"@id\":\"https:\/\/fineandcandy.com\/pt-pt\/product\/petite-alice-taupe-pencil-cap\/#breadcrumb\"},\"inLanguage\":\"pt-PT\",\"potentialAction\":[{\"@type\":\"ReadAction\",\"target\":[\"https:\/\/fineandcandy.com\/pt-pt\/product\/petite-alice-taupe-pencil-cap\/\"]}]},{\"@type\":\"BreadcrumbList\",\"@id\":\"https:\/\/fineandcandy.com\/pt-pt\/product\/petite-alice-taupe-pencil-cap\/#breadcrumb\",\"itemListElement\":[{\"@type\":\"ListItem\",\"position\":1,\"name\":\"Home\",\"item\":\"https:\/\/fineandcandy.com\/pt-pt\/\"},{\"@type\":\"ListItem\",\"position\":2,\"name\":\"Loja\",\"item\":\"https:\/\/fineandcandy.com\/pt-pt\/loja\/\"},{\"@type\":\"ListItem\",\"position\":3,\"name\":\"Petite Alice Taupe\"}]},{\"@type\":\"WebSite\",\"@id\":\"https:\/\/fineandcandy.com\/#website\",\"url\":\"https:\/\/fineandcandy.com\/\",\"name\":\"Fine &amp; Candy\",\"description\":\"Handmade Stationery\",\"potentialAction\":[{\"@type\":\"SearchAction\",\"target\":{\"@type\":\"EntryPoint\",\"urlTemplate\":\"https:\/\/fineandcandy.com\/?s={search_term_string}\"},\"query-input\":\"required name=search_term_string\"}],\"inLanguage\":\"pt-PT\"}]}<\/script>\n<!-- \/ Yoast SEO plugin. -->","yoast_head_json":{"title":"Petite Alice Taupe - Fine &amp; Candy","robots":{"index":"index","follow":"follow","max-snippet":"max-snippet:-1","max-image-preview":"max-image-preview:large","max-video-preview":"max-video-preview:-1"},"canonical":"https:\/\/fineandcandy.com\/pt-pt\/product\/petite-alice-taupe-pencil-cap\/","og_locale":"pt_PT","og_type":"article","og_title":"Petite Alice Taupe - Fine &amp; Candy","og_description":"Se costuma utilizar e transportar l\u00e1pis no seu dia a dia mas tem receio de sujar a sua mala esta pe\u00e7a vai tornar-se indispens\u00e1vel. Perfeita para os l\u00e1pis grafite Fine&amp;Candy, esta capa para l\u00e1pis em pele 100% vegetal \u00e9 pr\u00e1tica e vai assegurar que n\u00e3o deixe de desenhar no seu notebook com o seu l\u00e1pis favorito. Este \u00e9 um bom presente para oferecer aos amantes de l\u00e1pis.","og_url":"https:\/\/fineandcandy.com\/pt-pt\/product\/petite-alice-taupe-pencil-cap\/","og_site_name":"Fine &amp; Candy","article_modified_time":"2022-10-25T14:39:34+00:00","og_image":[{"width":586,"height":698,"url":"https:\/\/s3.eu-west-3.amazonaws.com\/fineandcandy.com\/wp-content\/uploads\/2022\/04\/Petite_alice_taupe_site.jpg","type":"image\/jpeg"}],"twitter_card":"summary_large_image","schema":{"@context":"https:\/\/schema.org","@graph":[{"@type":"WebPage","@id":"https:\/\/fineandcandy.com\/pt-pt\/product\/petite-alice-taupe-pencil-cap\/","url":"https:\/\/fineandcandy.com\/pt-pt\/product\/petite-alice-taupe-pencil-cap\/","name":"Petite Alice Taupe - Fine &amp; Candy","isPartOf":{"@id":"https:\/\/fineandcandy.com\/#website"},"datePublished":"2018-05-02T14:14:35+00:00","dateModified":"2022-10-25T14:39:34+00:00","breadcrumb":{"@id":"https:\/\/fineandcandy.com\/pt-pt\/product\/petite-alice-taupe-pencil-cap\/#breadcrumb"},"inLanguage":"pt-PT","potentialAction":[{"@type":"ReadAction","target":["https:\/\/fineandcandy.com\/pt-pt\/product\/petite-alice-taupe-pencil-cap\/"]}]},{"@type":"BreadcrumbList","@id":"https:\/\/fineandcandy.com\/pt-pt\/product\/petite-alice-taupe-pencil-cap\/#breadcrumb","itemListElement":[{"@type":"ListItem","position":1,"name":"Home","item":"https:\/\/fineandcandy.com\/pt-pt\/"},{"@type":"ListItem","position":2,"name":"Loja","item":"https:\/\/fineandcandy.com\/pt-pt\/loja\/"},{"@type":"ListItem","position":3,"name":"Petite Alice Taupe"}]},{"@type":"WebSite","@id":"https:\/\/fineandcandy.com\/#website","url":"https:\/\/fineandcandy.com\/","name":"Fine &amp; Candy","description":"Handmade Stationery","potentialAction":[{"@type":"SearchAction","target":{"@type":"EntryPoint","urlTemplate":"https:\/\/fineandcandy.com\/?s={search_term_string}"},"query-input":"required name=search_term_string"}],"inLanguage":"pt-PT"}]}},"_links":{"self":[{"href":"https:\/\/fineandcandy.com\/pt-pt\/wp-json\/wp\/v2\/product\/5290"}],"collection":[{"href":"https:\/\/fineandcandy.com\/pt-pt\/wp-json\/wp\/v2\/product"}],"about":[{"href":"https:\/\/fineandcandy.com\/pt-pt\/wp-json\/wp\/v2\/types\/product"}],"wp:featuredmedia":[{"embeddable":true,"href":"https:\/\/fineandcandy.com\/pt-pt\/wp-json\/wp\/v2\/media\/27408"}],"wp:attachment":[{"href":"https:\/\/fineandcandy.com\/pt-pt\/wp-json\/wp\/v2\/media?parent=5290"}],"wp:term":[{"taxonomy":"product_cat","embeddable":true,"href":"https:\/\/fineandcandy.com\/pt-pt\/wp-json\/wp\/v2\/product_cat?post=5290"},{"taxonomy":"product_tag","embeddable":true,"href":"https:\/\/fineandcandy.com\/pt-pt\/wp-json\/wp\/v2\/product_tag?post=5290"},{"taxonomy":"giftcard-category","embeddable":true,"href":"https:\/\/fineandcandy.com\/pt-pt\/wp-json\/wp\/v2\/giftcard-category?post=5290"}],"curies":[{"name":"wp","href":"https:\/\/api.w.org\/{rel}","templated":true}]}}