{"id":5294,"date":"2018-05-02T14:38:10","date_gmt":"2018-05-02T14:38:10","guid":{"rendered":"http:\/\/www.fineandcandy.com\/?post_type=product&#038;p=5294\/"},"modified":"2022-10-25T14:39:41","modified_gmt":"2022-10-25T14:39:41","slug":"rush-bright-navy-cable-organizer","status":"publish","type":"product","link":"https:\/\/fineandcandy.com\/pt-pt\/product\/rush-bright-navy-cable-organizer\/","title":{"rendered":"Rush Bright Navy"},"content":{"rendered":"","protected":false},"excerpt":{"rendered":"<p class=\"p1\">Feito em pele macia, este organizador de cabos vai proteger e organizar todos os cabos que utiliza com mais frequ\u00eancia. \u00c9 a forma mais f\u00e1cil de transportar e organizar o seu carregador, auriculares ou outros fios. Com um tamanho compacto e port\u00e1til, esta pe\u00e7a \u00e9 f\u00e1cil de guardar nos bolsos e malas, perfeito para utilizar quando viaja, em casa e at\u00e9 mesmo no escrit\u00f3rio. Est\u00e1 na hora de dizer adeus aos cabos e\u00a0auriculares torcidos e desorganizados.<\/p>\n","protected":false},"featured_media":27400,"template":"","meta":[],"product_cat":[510],"product_tag":[891,905,904,903,902,901,894,893,892,909,890,889,888,876,875,871,870,869,1148,1297,1292,1291,1290,1289,1247,1214,1160,868,1147,1052,962,959,958,952,951,913,299,835,644,593,557,547,515,416,303,836,298,256,241,196,194,169,165,162,853,867,865,864,861,859,857,856,854,160,852,844,843,842,841,840,838,837],"giftcard-category":[],"supplier_id":null,"supplier_sku":"","atum_controlled":true,"out_stock_date":null,"out_stock_threshold":null,"inheritable":false,"inbound_stock":0,"stock_on_hold":0,"sold_today":0,"sales_last_days":0,"reserved_stock":0,"customer_returns":0,"warehouse_damage":0,"lost_in_post":0,"other_logs":0,"out_stock_days":0,"lost_sales":0,"has_location":false,"update_date":"2026-04-21T00:38:50","atum_locations":[],"atum_stock_status":"instock","low_stock":false,"low_stock_amount":0,"yoast_head":"<!-- This site is optimized with the Yoast SEO plugin v20.4 - https:\/\/yoast.com\/wordpress\/plugins\/seo\/ -->\n<title>Rush Bright Navy - Fine &amp; Candy<\/title>\n<meta name=\"robots\" content=\"index, follow, max-snippet:-1, max-image-preview:large, max-video-preview:-1\" \/>\n<link rel=\"canonical\" href=\"https:\/\/fineandcandy.com\/pt-pt\/product\/rush-bright-navy-cable-organizer\/\" \/>\n<meta property=\"og:locale\" content=\"pt_PT\" \/>\n<meta property=\"og:type\" content=\"article\" \/>\n<meta property=\"og:title\" content=\"Rush Bright Navy - Fine &amp; Candy\" \/>\n<meta property=\"og:description\" content=\"Feito em pele macia, este organizador de cabos vai proteger e organizar todos os cabos que utiliza com mais frequ\u00eancia. \u00c9 a forma mais f\u00e1cil de transportar e organizar o seu carregador, auriculares ou outros fios. Com um tamanho compacto e port\u00e1til, esta pe\u00e7a \u00e9 f\u00e1cil de guardar nos bolsos e malas, perfeito para utilizar quando viaja, em casa e at\u00e9 mesmo no escrit\u00f3rio. Est\u00e1 na hora de dizer adeus aos cabos e\u00a0auriculares torcidos e desorganizados.\" \/>\n<meta property=\"og:url\" content=\"https:\/\/fineandcandy.com\/pt-pt\/product\/rush-bright-navy-cable-organizer\/\" \/>\n<meta property=\"og:site_name\" content=\"Fine &amp; Candy\" \/>\n<meta property=\"article:modified_time\" content=\"2022-10-25T14:39:41+00:00\" \/>\n<meta property=\"og:image\" content=\"https:\/\/s3.eu-west-3.amazonaws.com\/fineandcandy.com\/wp-content\/uploads\/2022\/04\/Rush_Bright_Navy_site.jpg\" \/>\n\t<meta property=\"og:image:width\" content=\"586\" \/>\n\t<meta property=\"og:image:height\" content=\"698\" \/>\n\t<meta property=\"og:image:type\" content=\"image\/jpeg\" \/>\n<meta name=\"twitter:card\" content=\"summary_large_image\" \/>\n<script type=\"application\/ld+json\" class=\"yoast-schema-graph\">{\"@context\":\"https:\/\/schema.org\",\"@graph\":[{\"@type\":\"WebPage\",\"@id\":\"https:\/\/fineandcandy.com\/pt-pt\/product\/rush-bright-navy-cable-organizer\/\",\"url\":\"https:\/\/fineandcandy.com\/pt-pt\/product\/rush-bright-navy-cable-organizer\/\",\"name\":\"Rush Bright Navy - Fine &amp; Candy\",\"isPartOf\":{\"@id\":\"https:\/\/fineandcandy.com\/#website\"},\"datePublished\":\"2018-05-02T14:38:10+00:00\",\"dateModified\":\"2022-10-25T14:39:41+00:00\",\"breadcrumb\":{\"@id\":\"https:\/\/fineandcandy.com\/pt-pt\/product\/rush-bright-navy-cable-organizer\/#breadcrumb\"},\"inLanguage\":\"pt-PT\",\"potentialAction\":[{\"@type\":\"ReadAction\",\"target\":[\"https:\/\/fineandcandy.com\/pt-pt\/product\/rush-bright-navy-cable-organizer\/\"]}]},{\"@type\":\"BreadcrumbList\",\"@id\":\"https:\/\/fineandcandy.com\/pt-pt\/product\/rush-bright-navy-cable-organizer\/#breadcrumb\",\"itemListElement\":[{\"@type\":\"ListItem\",\"position\":1,\"name\":\"Home\",\"item\":\"https:\/\/fineandcandy.com\/pt-pt\/\"},{\"@type\":\"ListItem\",\"position\":2,\"name\":\"Loja\",\"item\":\"https:\/\/fineandcandy.com\/pt-pt\/loja\/\"},{\"@type\":\"ListItem\",\"position\":3,\"name\":\"Rush Bright Navy\"}]},{\"@type\":\"WebSite\",\"@id\":\"https:\/\/fineandcandy.com\/#website\",\"url\":\"https:\/\/fineandcandy.com\/\",\"name\":\"Fine &amp; Candy\",\"description\":\"Handmade Stationery\",\"potentialAction\":[{\"@type\":\"SearchAction\",\"target\":{\"@type\":\"EntryPoint\",\"urlTemplate\":\"https:\/\/fineandcandy.com\/?s={search_term_string}\"},\"query-input\":\"required name=search_term_string\"}],\"inLanguage\":\"pt-PT\"}]}<\/script>\n<!-- \/ Yoast SEO plugin. -->","yoast_head_json":{"title":"Rush Bright Navy - Fine &amp; Candy","robots":{"index":"index","follow":"follow","max-snippet":"max-snippet:-1","max-image-preview":"max-image-preview:large","max-video-preview":"max-video-preview:-1"},"canonical":"https:\/\/fineandcandy.com\/pt-pt\/product\/rush-bright-navy-cable-organizer\/","og_locale":"pt_PT","og_type":"article","og_title":"Rush Bright Navy - Fine &amp; Candy","og_description":"Feito em pele macia, este organizador de cabos vai proteger e organizar todos os cabos que utiliza com mais frequ\u00eancia. \u00c9 a forma mais f\u00e1cil de transportar e organizar o seu carregador, auriculares ou outros fios. Com um tamanho compacto e port\u00e1til, esta pe\u00e7a \u00e9 f\u00e1cil de guardar nos bolsos e malas, perfeito para utilizar quando viaja, em casa e at\u00e9 mesmo no escrit\u00f3rio. Est\u00e1 na hora de dizer adeus aos cabos e\u00a0auriculares torcidos e desorganizados.","og_url":"https:\/\/fineandcandy.com\/pt-pt\/product\/rush-bright-navy-cable-organizer\/","og_site_name":"Fine &amp; Candy","article_modified_time":"2022-10-25T14:39:41+00:00","og_image":[{"width":586,"height":698,"url":"https:\/\/s3.eu-west-3.amazonaws.com\/fineandcandy.com\/wp-content\/uploads\/2022\/04\/Rush_Bright_Navy_site.jpg","type":"image\/jpeg"}],"twitter_card":"summary_large_image","schema":{"@context":"https:\/\/schema.org","@graph":[{"@type":"WebPage","@id":"https:\/\/fineandcandy.com\/pt-pt\/product\/rush-bright-navy-cable-organizer\/","url":"https:\/\/fineandcandy.com\/pt-pt\/product\/rush-bright-navy-cable-organizer\/","name":"Rush Bright Navy - Fine &amp; Candy","isPartOf":{"@id":"https:\/\/fineandcandy.com\/#website"},"datePublished":"2018-05-02T14:38:10+00:00","dateModified":"2022-10-25T14:39:41+00:00","breadcrumb":{"@id":"https:\/\/fineandcandy.com\/pt-pt\/product\/rush-bright-navy-cable-organizer\/#breadcrumb"},"inLanguage":"pt-PT","potentialAction":[{"@type":"ReadAction","target":["https:\/\/fineandcandy.com\/pt-pt\/product\/rush-bright-navy-cable-organizer\/"]}]},{"@type":"BreadcrumbList","@id":"https:\/\/fineandcandy.com\/pt-pt\/product\/rush-bright-navy-cable-organizer\/#breadcrumb","itemListElement":[{"@type":"ListItem","position":1,"name":"Home","item":"https:\/\/fineandcandy.com\/pt-pt\/"},{"@type":"ListItem","position":2,"name":"Loja","item":"https:\/\/fineandcandy.com\/pt-pt\/loja\/"},{"@type":"ListItem","position":3,"name":"Rush Bright Navy"}]},{"@type":"WebSite","@id":"https:\/\/fineandcandy.com\/#website","url":"https:\/\/fineandcandy.com\/","name":"Fine &amp; Candy","description":"Handmade Stationery","potentialAction":[{"@type":"SearchAction","target":{"@type":"EntryPoint","urlTemplate":"https:\/\/fineandcandy.com\/?s={search_term_string}"},"query-input":"required name=search_term_string"}],"inLanguage":"pt-PT"}]}},"_links":{"self":[{"href":"https:\/\/fineandcandy.com\/pt-pt\/wp-json\/wp\/v2\/product\/5294"}],"collection":[{"href":"https:\/\/fineandcandy.com\/pt-pt\/wp-json\/wp\/v2\/product"}],"about":[{"href":"https:\/\/fineandcandy.com\/pt-pt\/wp-json\/wp\/v2\/types\/product"}],"wp:featuredmedia":[{"embeddable":true,"href":"https:\/\/fineandcandy.com\/pt-pt\/wp-json\/wp\/v2\/media\/27400"}],"wp:attachment":[{"href":"https:\/\/fineandcandy.com\/pt-pt\/wp-json\/wp\/v2\/media?parent=5294"}],"wp:term":[{"taxonomy":"product_cat","embeddable":true,"href":"https:\/\/fineandcandy.com\/pt-pt\/wp-json\/wp\/v2\/product_cat?post=5294"},{"taxonomy":"product_tag","embeddable":true,"href":"https:\/\/fineandcandy.com\/pt-pt\/wp-json\/wp\/v2\/product_tag?post=5294"},{"taxonomy":"giftcard-category","embeddable":true,"href":"https:\/\/fineandcandy.com\/pt-pt\/wp-json\/wp\/v2\/giftcard-category?post=5294"}],"curies":[{"name":"wp","href":"https:\/\/api.w.org\/{rel}","templated":true}]}}