{"id":5304,"date":"2018-05-02T15:28:23","date_gmt":"2018-05-02T15:28:23","guid":{"rendered":"http:\/\/www.fineandcandy.com\/?post_type=product&#038;p=5304\/"},"modified":"2022-10-25T14:39:45","modified_gmt":"2022-10-25T14:39:45","slug":"vanity-creme-business-card-holder","status":"publish","type":"product","link":"https:\/\/fineandcandy.com\/pt-pt\/product\/vanity-creme-business-card-holder\/","title":{"rendered":"Vanity Cr\u00e8me"},"content":{"rendered":"","protected":false},"excerpt":{"rendered":"<p class=\"p1\">O porta cart\u00f5es Vanity da Fine&amp;Candy feito em pele de alta qualidade 100% vegetal. \u00c9 um acess\u00f3rio deslumbrante para usar como carteira ou para apresentar os seus cart\u00f5es de visita numa reuni\u00e3o, mantendo-os limpos e protegidos. Esta pe\u00e7a de qualidade excepcional pode armazenar at\u00e9 10 cart\u00f5es de cr\u00e9dito ou 15\/20 cart\u00f5es de visita. Pode tamb\u00e9m guardar notas e moedas no seu interior.<\/p>\n","protected":false},"featured_media":17785,"template":"","meta":[],"product_cat":[510],"product_tag":[891,905,904,903,902,901,894,893,892,909,890,889,888,876,875,871,870,869,1017,1247,1239,1235,1234,1214,1188,1148,1147,868,962,961,960,959,958,952,951,913,303,836,835,656,644,593,557,547,416,837,299,298,256,241,194,169,165,162,853,867,865,864,861,859,857,856,854,160,852,844,843,842,841,840,838],"giftcard-category":[],"supplier_id":null,"supplier_sku":"","atum_controlled":true,"out_stock_date":null,"out_stock_threshold":null,"inheritable":false,"inbound_stock":0,"stock_on_hold":0,"sold_today":0,"sales_last_days":0,"reserved_stock":0,"customer_returns":0,"warehouse_damage":0,"lost_in_post":0,"other_logs":0,"out_stock_days":0,"lost_sales":0,"has_location":false,"update_date":"2026-04-08T00:02:03","atum_locations":[],"atum_stock_status":"instock","low_stock":false,"low_stock_amount":"","yoast_head":"<!-- This site is optimized with the Yoast SEO plugin v20.4 - https:\/\/yoast.com\/wordpress\/plugins\/seo\/ -->\n<title>Vanity Cr\u00e8me - Fine &amp; Candy<\/title>\n<meta name=\"robots\" content=\"index, follow, max-snippet:-1, max-image-preview:large, max-video-preview:-1\" \/>\n<link rel=\"canonical\" href=\"https:\/\/fineandcandy.com\/pt-pt\/product\/vanity-creme-business-card-holder\/\" \/>\n<meta property=\"og:locale\" content=\"pt_PT\" \/>\n<meta property=\"og:type\" content=\"article\" \/>\n<meta property=\"og:title\" content=\"Vanity Cr\u00e8me - Fine &amp; Candy\" \/>\n<meta property=\"og:description\" content=\"O porta cart\u00f5es Vanity da Fine&amp;Candy feito em pele de alta qualidade 100% vegetal. \u00c9 um acess\u00f3rio deslumbrante para usar como carteira ou para apresentar os seus cart\u00f5es de visita numa reuni\u00e3o, mantendo-os limpos e protegidos. Esta pe\u00e7a de qualidade excepcional pode armazenar at\u00e9 10 cart\u00f5es de cr\u00e9dito ou 15\/20 cart\u00f5es de visita. Pode tamb\u00e9m guardar notas e moedas no seu interior.\" \/>\n<meta property=\"og:url\" content=\"https:\/\/fineandcandy.com\/pt-pt\/product\/vanity-creme-business-card-holder\/\" \/>\n<meta property=\"og:site_name\" content=\"Fine &amp; Candy\" \/>\n<meta property=\"article:modified_time\" content=\"2022-10-25T14:39:45+00:00\" \/>\n<meta property=\"og:image\" content=\"https:\/\/s3.eu-west-3.amazonaws.com\/fineandcandy.com\/wp-content\/uploads\/2020\/02\/vanity_creme_.jpg\" \/>\n\t<meta property=\"og:image:width\" content=\"586\" \/>\n\t<meta property=\"og:image:height\" content=\"698\" \/>\n\t<meta property=\"og:image:type\" content=\"image\/jpeg\" \/>\n<meta name=\"twitter:card\" content=\"summary_large_image\" \/>\n<script type=\"application\/ld+json\" class=\"yoast-schema-graph\">{\"@context\":\"https:\/\/schema.org\",\"@graph\":[{\"@type\":\"WebPage\",\"@id\":\"https:\/\/fineandcandy.com\/pt-pt\/product\/vanity-creme-business-card-holder\/\",\"url\":\"https:\/\/fineandcandy.com\/pt-pt\/product\/vanity-creme-business-card-holder\/\",\"name\":\"Vanity Cr\u00e8me - Fine &amp; Candy\",\"isPartOf\":{\"@id\":\"https:\/\/fineandcandy.com\/#website\"},\"datePublished\":\"2018-05-02T15:28:23+00:00\",\"dateModified\":\"2022-10-25T14:39:45+00:00\",\"breadcrumb\":{\"@id\":\"https:\/\/fineandcandy.com\/pt-pt\/product\/vanity-creme-business-card-holder\/#breadcrumb\"},\"inLanguage\":\"pt-PT\",\"potentialAction\":[{\"@type\":\"ReadAction\",\"target\":[\"https:\/\/fineandcandy.com\/pt-pt\/product\/vanity-creme-business-card-holder\/\"]}]},{\"@type\":\"BreadcrumbList\",\"@id\":\"https:\/\/fineandcandy.com\/pt-pt\/product\/vanity-creme-business-card-holder\/#breadcrumb\",\"itemListElement\":[{\"@type\":\"ListItem\",\"position\":1,\"name\":\"Home\",\"item\":\"https:\/\/fineandcandy.com\/pt-pt\/\"},{\"@type\":\"ListItem\",\"position\":2,\"name\":\"Loja\",\"item\":\"https:\/\/fineandcandy.com\/pt-pt\/loja\/\"},{\"@type\":\"ListItem\",\"position\":3,\"name\":\"Vanity Cr\u00e8me\"}]},{\"@type\":\"WebSite\",\"@id\":\"https:\/\/fineandcandy.com\/#website\",\"url\":\"https:\/\/fineandcandy.com\/\",\"name\":\"Fine &amp; Candy\",\"description\":\"Handmade Stationery\",\"potentialAction\":[{\"@type\":\"SearchAction\",\"target\":{\"@type\":\"EntryPoint\",\"urlTemplate\":\"https:\/\/fineandcandy.com\/?s={search_term_string}\"},\"query-input\":\"required name=search_term_string\"}],\"inLanguage\":\"pt-PT\"}]}<\/script>\n<!-- \/ Yoast SEO plugin. -->","yoast_head_json":{"title":"Vanity Cr\u00e8me - Fine &amp; Candy","robots":{"index":"index","follow":"follow","max-snippet":"max-snippet:-1","max-image-preview":"max-image-preview:large","max-video-preview":"max-video-preview:-1"},"canonical":"https:\/\/fineandcandy.com\/pt-pt\/product\/vanity-creme-business-card-holder\/","og_locale":"pt_PT","og_type":"article","og_title":"Vanity Cr\u00e8me - Fine &amp; Candy","og_description":"O porta cart\u00f5es Vanity da Fine&amp;Candy feito em pele de alta qualidade 100% vegetal. \u00c9 um acess\u00f3rio deslumbrante para usar como carteira ou para apresentar os seus cart\u00f5es de visita numa reuni\u00e3o, mantendo-os limpos e protegidos. Esta pe\u00e7a de qualidade excepcional pode armazenar at\u00e9 10 cart\u00f5es de cr\u00e9dito ou 15\/20 cart\u00f5es de visita. Pode tamb\u00e9m guardar notas e moedas no seu interior.","og_url":"https:\/\/fineandcandy.com\/pt-pt\/product\/vanity-creme-business-card-holder\/","og_site_name":"Fine &amp; Candy","article_modified_time":"2022-10-25T14:39:45+00:00","og_image":[{"width":586,"height":698,"url":"https:\/\/s3.eu-west-3.amazonaws.com\/fineandcandy.com\/wp-content\/uploads\/2020\/02\/vanity_creme_.jpg","type":"image\/jpeg"}],"twitter_card":"summary_large_image","schema":{"@context":"https:\/\/schema.org","@graph":[{"@type":"WebPage","@id":"https:\/\/fineandcandy.com\/pt-pt\/product\/vanity-creme-business-card-holder\/","url":"https:\/\/fineandcandy.com\/pt-pt\/product\/vanity-creme-business-card-holder\/","name":"Vanity Cr\u00e8me - Fine &amp; Candy","isPartOf":{"@id":"https:\/\/fineandcandy.com\/#website"},"datePublished":"2018-05-02T15:28:23+00:00","dateModified":"2022-10-25T14:39:45+00:00","breadcrumb":{"@id":"https:\/\/fineandcandy.com\/pt-pt\/product\/vanity-creme-business-card-holder\/#breadcrumb"},"inLanguage":"pt-PT","potentialAction":[{"@type":"ReadAction","target":["https:\/\/fineandcandy.com\/pt-pt\/product\/vanity-creme-business-card-holder\/"]}]},{"@type":"BreadcrumbList","@id":"https:\/\/fineandcandy.com\/pt-pt\/product\/vanity-creme-business-card-holder\/#breadcrumb","itemListElement":[{"@type":"ListItem","position":1,"name":"Home","item":"https:\/\/fineandcandy.com\/pt-pt\/"},{"@type":"ListItem","position":2,"name":"Loja","item":"https:\/\/fineandcandy.com\/pt-pt\/loja\/"},{"@type":"ListItem","position":3,"name":"Vanity Cr\u00e8me"}]},{"@type":"WebSite","@id":"https:\/\/fineandcandy.com\/#website","url":"https:\/\/fineandcandy.com\/","name":"Fine &amp; Candy","description":"Handmade Stationery","potentialAction":[{"@type":"SearchAction","target":{"@type":"EntryPoint","urlTemplate":"https:\/\/fineandcandy.com\/?s={search_term_string}"},"query-input":"required name=search_term_string"}],"inLanguage":"pt-PT"}]}},"_links":{"self":[{"href":"https:\/\/fineandcandy.com\/pt-pt\/wp-json\/wp\/v2\/product\/5304"}],"collection":[{"href":"https:\/\/fineandcandy.com\/pt-pt\/wp-json\/wp\/v2\/product"}],"about":[{"href":"https:\/\/fineandcandy.com\/pt-pt\/wp-json\/wp\/v2\/types\/product"}],"wp:featuredmedia":[{"embeddable":true,"href":"https:\/\/fineandcandy.com\/pt-pt\/wp-json\/wp\/v2\/media\/17785"}],"wp:attachment":[{"href":"https:\/\/fineandcandy.com\/pt-pt\/wp-json\/wp\/v2\/media?parent=5304"}],"wp:term":[{"taxonomy":"product_cat","embeddable":true,"href":"https:\/\/fineandcandy.com\/pt-pt\/wp-json\/wp\/v2\/product_cat?post=5304"},{"taxonomy":"product_tag","embeddable":true,"href":"https:\/\/fineandcandy.com\/pt-pt\/wp-json\/wp\/v2\/product_tag?post=5304"},{"taxonomy":"giftcard-category","embeddable":true,"href":"https:\/\/fineandcandy.com\/pt-pt\/wp-json\/wp\/v2\/giftcard-category?post=5304"}],"curies":[{"name":"wp","href":"https:\/\/api.w.org\/{rel}","templated":true}]}}