{"id":5310,"date":"2018-05-02T16:00:10","date_gmt":"2018-05-02T16:00:10","guid":{"rendered":"http:\/\/www.fineandcandy.com\/?post_type=product&#038;p=5310\/"},"modified":"2022-10-25T14:39:55","modified_gmt":"2022-10-25T14:39:55","slug":"billion-taupe-round-edged-card-holder","status":"publish","type":"product","link":"https:\/\/fineandcandy.com\/pt-pt\/product\/billion-taupe-round-edged-card-holder\/","title":{"rendered":"Billion Taupe"},"content":{"rendered":"","protected":false},"excerpt":{"rendered":"<p class=\"p1\">Produzido em pele 100% vegetal, este porta cart\u00f5es de tamanho perfeito, consegue guardar tudo o que precisa e \u00e9 quase impercept\u00edvel, mesmo guardado no seu bolso. Feito exclusivamente em Portugal, esta pe\u00e7a imprescind\u00edvel tem quatro compartimentos para cart\u00f5es e forro em pele no seu interior. Uma maneira moderna de organizar e armazenar todos os seus cart\u00f5es atrav\u00e9s de um design elegante e intemporal.<\/p>\n","protected":false},"featured_media":17787,"template":"","meta":[],"product_cat":[510],"product_tag":[891,905,904,903,902,901,894,893,892,909,890,889,888,876,875,871,870,869,962,1247,1221,1220,1214,1148,1147,1017,1016,868,961,960,959,958,952,951,913,303,836,835,656,644,593,557,547,416,837,299,298,256,241,194,169,165,162,853,867,865,864,861,859,857,856,854,160,852,844,843,842,841,840,838],"giftcard-category":[],"supplier_id":null,"supplier_sku":"","atum_controlled":true,"out_stock_date":null,"out_stock_threshold":null,"inheritable":false,"inbound_stock":0,"stock_on_hold":0,"sold_today":0,"sales_last_days":0,"reserved_stock":0,"customer_returns":0,"warehouse_damage":0,"lost_in_post":0,"other_logs":0,"out_stock_days":0,"lost_sales":0,"has_location":false,"update_date":"2026-04-11T00:16:57","atum_locations":[],"atum_stock_status":"instock","low_stock":false,"low_stock_amount":"","yoast_head":"<!-- This site is optimized with the Yoast SEO plugin v20.4 - https:\/\/yoast.com\/wordpress\/plugins\/seo\/ -->\n<title>Billion Taupe - Fine &amp; Candy<\/title>\n<meta name=\"robots\" content=\"index, follow, max-snippet:-1, max-image-preview:large, max-video-preview:-1\" \/>\n<link rel=\"canonical\" href=\"https:\/\/fineandcandy.com\/pt-pt\/product\/billion-taupe-round-edged-card-holder\/\" \/>\n<meta property=\"og:locale\" content=\"pt_PT\" \/>\n<meta property=\"og:type\" content=\"article\" \/>\n<meta property=\"og:title\" content=\"Billion Taupe - Fine &amp; Candy\" \/>\n<meta property=\"og:description\" content=\"Produzido em pele 100% vegetal, este porta cart\u00f5es de tamanho perfeito, consegue guardar tudo o que precisa e \u00e9 quase impercept\u00edvel, mesmo guardado no seu bolso. Feito exclusivamente em Portugal, esta pe\u00e7a imprescind\u00edvel tem quatro compartimentos para cart\u00f5es e forro em pele no seu interior. Uma maneira moderna de organizar e armazenar todos os seus cart\u00f5es atrav\u00e9s de um design elegante e intemporal.\" \/>\n<meta property=\"og:url\" content=\"https:\/\/fineandcandy.com\/pt-pt\/product\/billion-taupe-round-edged-card-holder\/\" \/>\n<meta property=\"og:site_name\" content=\"Fine &amp; Candy\" \/>\n<meta property=\"article:modified_time\" content=\"2022-10-25T14:39:55+00:00\" \/>\n<meta property=\"og:image\" content=\"https:\/\/s3.eu-west-3.amazonaws.com\/fineandcandy.com\/wp-content\/uploads\/2020\/02\/billion-taupe_.jpg\" \/>\n\t<meta property=\"og:image:width\" content=\"586\" \/>\n\t<meta property=\"og:image:height\" content=\"698\" \/>\n\t<meta property=\"og:image:type\" content=\"image\/jpeg\" \/>\n<meta name=\"twitter:card\" content=\"summary_large_image\" \/>\n<script type=\"application\/ld+json\" class=\"yoast-schema-graph\">{\"@context\":\"https:\/\/schema.org\",\"@graph\":[{\"@type\":\"WebPage\",\"@id\":\"https:\/\/fineandcandy.com\/pt-pt\/product\/billion-taupe-round-edged-card-holder\/\",\"url\":\"https:\/\/fineandcandy.com\/pt-pt\/product\/billion-taupe-round-edged-card-holder\/\",\"name\":\"Billion Taupe - Fine &amp; Candy\",\"isPartOf\":{\"@id\":\"https:\/\/fineandcandy.com\/#website\"},\"datePublished\":\"2018-05-02T16:00:10+00:00\",\"dateModified\":\"2022-10-25T14:39:55+00:00\",\"breadcrumb\":{\"@id\":\"https:\/\/fineandcandy.com\/pt-pt\/product\/billion-taupe-round-edged-card-holder\/#breadcrumb\"},\"inLanguage\":\"pt-PT\",\"potentialAction\":[{\"@type\":\"ReadAction\",\"target\":[\"https:\/\/fineandcandy.com\/pt-pt\/product\/billion-taupe-round-edged-card-holder\/\"]}]},{\"@type\":\"BreadcrumbList\",\"@id\":\"https:\/\/fineandcandy.com\/pt-pt\/product\/billion-taupe-round-edged-card-holder\/#breadcrumb\",\"itemListElement\":[{\"@type\":\"ListItem\",\"position\":1,\"name\":\"Home\",\"item\":\"https:\/\/fineandcandy.com\/pt-pt\/\"},{\"@type\":\"ListItem\",\"position\":2,\"name\":\"Loja\",\"item\":\"https:\/\/fineandcandy.com\/pt-pt\/loja\/\"},{\"@type\":\"ListItem\",\"position\":3,\"name\":\"Billion Taupe\"}]},{\"@type\":\"WebSite\",\"@id\":\"https:\/\/fineandcandy.com\/#website\",\"url\":\"https:\/\/fineandcandy.com\/\",\"name\":\"Fine &amp; Candy\",\"description\":\"Handmade Stationery\",\"potentialAction\":[{\"@type\":\"SearchAction\",\"target\":{\"@type\":\"EntryPoint\",\"urlTemplate\":\"https:\/\/fineandcandy.com\/?s={search_term_string}\"},\"query-input\":\"required name=search_term_string\"}],\"inLanguage\":\"pt-PT\"}]}<\/script>\n<!-- \/ Yoast SEO plugin. -->","yoast_head_json":{"title":"Billion Taupe - Fine &amp; Candy","robots":{"index":"index","follow":"follow","max-snippet":"max-snippet:-1","max-image-preview":"max-image-preview:large","max-video-preview":"max-video-preview:-1"},"canonical":"https:\/\/fineandcandy.com\/pt-pt\/product\/billion-taupe-round-edged-card-holder\/","og_locale":"pt_PT","og_type":"article","og_title":"Billion Taupe - Fine &amp; Candy","og_description":"Produzido em pele 100% vegetal, este porta cart\u00f5es de tamanho perfeito, consegue guardar tudo o que precisa e \u00e9 quase impercept\u00edvel, mesmo guardado no seu bolso. Feito exclusivamente em Portugal, esta pe\u00e7a imprescind\u00edvel tem quatro compartimentos para cart\u00f5es e forro em pele no seu interior. Uma maneira moderna de organizar e armazenar todos os seus cart\u00f5es atrav\u00e9s de um design elegante e intemporal.","og_url":"https:\/\/fineandcandy.com\/pt-pt\/product\/billion-taupe-round-edged-card-holder\/","og_site_name":"Fine &amp; Candy","article_modified_time":"2022-10-25T14:39:55+00:00","og_image":[{"width":586,"height":698,"url":"https:\/\/s3.eu-west-3.amazonaws.com\/fineandcandy.com\/wp-content\/uploads\/2020\/02\/billion-taupe_.jpg","type":"image\/jpeg"}],"twitter_card":"summary_large_image","schema":{"@context":"https:\/\/schema.org","@graph":[{"@type":"WebPage","@id":"https:\/\/fineandcandy.com\/pt-pt\/product\/billion-taupe-round-edged-card-holder\/","url":"https:\/\/fineandcandy.com\/pt-pt\/product\/billion-taupe-round-edged-card-holder\/","name":"Billion Taupe - Fine &amp; Candy","isPartOf":{"@id":"https:\/\/fineandcandy.com\/#website"},"datePublished":"2018-05-02T16:00:10+00:00","dateModified":"2022-10-25T14:39:55+00:00","breadcrumb":{"@id":"https:\/\/fineandcandy.com\/pt-pt\/product\/billion-taupe-round-edged-card-holder\/#breadcrumb"},"inLanguage":"pt-PT","potentialAction":[{"@type":"ReadAction","target":["https:\/\/fineandcandy.com\/pt-pt\/product\/billion-taupe-round-edged-card-holder\/"]}]},{"@type":"BreadcrumbList","@id":"https:\/\/fineandcandy.com\/pt-pt\/product\/billion-taupe-round-edged-card-holder\/#breadcrumb","itemListElement":[{"@type":"ListItem","position":1,"name":"Home","item":"https:\/\/fineandcandy.com\/pt-pt\/"},{"@type":"ListItem","position":2,"name":"Loja","item":"https:\/\/fineandcandy.com\/pt-pt\/loja\/"},{"@type":"ListItem","position":3,"name":"Billion Taupe"}]},{"@type":"WebSite","@id":"https:\/\/fineandcandy.com\/#website","url":"https:\/\/fineandcandy.com\/","name":"Fine &amp; Candy","description":"Handmade Stationery","potentialAction":[{"@type":"SearchAction","target":{"@type":"EntryPoint","urlTemplate":"https:\/\/fineandcandy.com\/?s={search_term_string}"},"query-input":"required name=search_term_string"}],"inLanguage":"pt-PT"}]}},"_links":{"self":[{"href":"https:\/\/fineandcandy.com\/pt-pt\/wp-json\/wp\/v2\/product\/5310"}],"collection":[{"href":"https:\/\/fineandcandy.com\/pt-pt\/wp-json\/wp\/v2\/product"}],"about":[{"href":"https:\/\/fineandcandy.com\/pt-pt\/wp-json\/wp\/v2\/types\/product"}],"wp:featuredmedia":[{"embeddable":true,"href":"https:\/\/fineandcandy.com\/pt-pt\/wp-json\/wp\/v2\/media\/17787"}],"wp:attachment":[{"href":"https:\/\/fineandcandy.com\/pt-pt\/wp-json\/wp\/v2\/media?parent=5310"}],"wp:term":[{"taxonomy":"product_cat","embeddable":true,"href":"https:\/\/fineandcandy.com\/pt-pt\/wp-json\/wp\/v2\/product_cat?post=5310"},{"taxonomy":"product_tag","embeddable":true,"href":"https:\/\/fineandcandy.com\/pt-pt\/wp-json\/wp\/v2\/product_tag?post=5310"},{"taxonomy":"giftcard-category","embeddable":true,"href":"https:\/\/fineandcandy.com\/pt-pt\/wp-json\/wp\/v2\/giftcard-category?post=5310"}],"curies":[{"name":"wp","href":"https:\/\/api.w.org\/{rel}","templated":true}]}}