{"id":5325,"date":"2018-05-02T17:37:27","date_gmt":"2018-05-02T17:37:27","guid":{"rendered":"http:\/\/www.fineandcandy.com\/?post_type=product&#038;p=5325\/"},"modified":"2022-10-20T14:29:35","modified_gmt":"2022-10-20T14:29:35","slug":"louise-olive-pencil-case","status":"publish","type":"product","link":"https:\/\/fineandcandy.com\/pt-pt\/product\/louise-olive-pencil-case\/","title":{"rendered":"Louise Olive"},"content":{"rendered":"","protected":false},"excerpt":{"rendered":"<p class=\"p1\">Delicado e \u00fanico o porta-l\u00e1pis Fine&amp;Candy vai garantir que todas as suas canetas e l\u00e1pis favoritos estejam seguros num s\u00f3 lugar. Este acess\u00f3rio, cl\u00e1ssico e elegante, foi desenhado para agradar a todos e \u00e9 perfeito para transportar e organizar as suas canetas e l\u00e1pis no seu dia a dia. Este estojo consegue acomodar aproximadamente 6 l\u00e1pis Fine&amp;Candy.<\/p>\n","protected":false},"featured_media":17781,"template":"","meta":[],"product_cat":[510],"product_tag":[890,905,904,903,902,901,894,893,892,891,909,889,888,876,875,871,870,869,868,1148,1288,1281,1280,1279,1277,1247,1214,1166,867,1147,1039,962,959,958,952,951,913,298,644,593,557,547,515,416,303,299,835,256,252,241,196,194,169,165,162,852,865,864,861,859,857,856,854,853,160,844,843,842,841,840,838,837,836],"giftcard-category":[],"supplier_id":null,"supplier_sku":"","atum_controlled":true,"out_stock_date":null,"out_stock_threshold":null,"inheritable":false,"inbound_stock":0,"stock_on_hold":0,"sold_today":0,"sales_last_days":0,"reserved_stock":0,"customer_returns":0,"warehouse_damage":0,"lost_in_post":0,"other_logs":0,"out_stock_days":0,"lost_sales":0,"has_location":false,"update_date":"2026-04-08T00:02:04","atum_locations":[],"atum_stock_status":"instock","low_stock":false,"low_stock_amount":0,"yoast_head":"<!-- This site is optimized with the Yoast SEO plugin v20.4 - https:\/\/yoast.com\/wordpress\/plugins\/seo\/ -->\n<title>Louise Olive - Fine &amp; Candy<\/title>\n<meta name=\"robots\" content=\"index, follow, max-snippet:-1, max-image-preview:large, max-video-preview:-1\" \/>\n<link rel=\"canonical\" href=\"https:\/\/fineandcandy.com\/pt-pt\/product\/louise-olive-pencil-case\/\" \/>\n<meta property=\"og:locale\" content=\"pt_PT\" \/>\n<meta property=\"og:type\" content=\"article\" \/>\n<meta property=\"og:title\" content=\"Louise Olive - Fine &amp; Candy\" \/>\n<meta property=\"og:description\" content=\"Delicado e \u00fanico o porta-l\u00e1pis Fine&amp;Candy vai garantir que todas as suas canetas e l\u00e1pis favoritos estejam seguros num s\u00f3 lugar. Este acess\u00f3rio, cl\u00e1ssico e elegante, foi desenhado para agradar a todos e \u00e9 perfeito para transportar e organizar as suas canetas e l\u00e1pis no seu dia a dia. Este estojo consegue acomodar aproximadamente 6 l\u00e1pis Fine&amp;Candy.\" \/>\n<meta property=\"og:url\" content=\"https:\/\/fineandcandy.com\/pt-pt\/product\/louise-olive-pencil-case\/\" \/>\n<meta property=\"og:site_name\" content=\"Fine &amp; Candy\" \/>\n<meta property=\"article:modified_time\" content=\"2022-10-20T14:29:35+00:00\" \/>\n<meta property=\"og:image\" content=\"https:\/\/s3.eu-west-3.amazonaws.com\/fineandcandy.com\/wp-content\/uploads\/2020\/02\/Louise_olive_.jpg\" \/>\n\t<meta property=\"og:image:width\" content=\"586\" \/>\n\t<meta property=\"og:image:height\" content=\"698\" \/>\n\t<meta property=\"og:image:type\" content=\"image\/jpeg\" \/>\n<meta name=\"twitter:card\" content=\"summary_large_image\" \/>\n<script type=\"application\/ld+json\" class=\"yoast-schema-graph\">{\"@context\":\"https:\/\/schema.org\",\"@graph\":[{\"@type\":\"WebPage\",\"@id\":\"https:\/\/fineandcandy.com\/pt-pt\/product\/louise-olive-pencil-case\/\",\"url\":\"https:\/\/fineandcandy.com\/pt-pt\/product\/louise-olive-pencil-case\/\",\"name\":\"Louise Olive - Fine &amp; Candy\",\"isPartOf\":{\"@id\":\"https:\/\/fineandcandy.com\/#website\"},\"datePublished\":\"2018-05-02T17:37:27+00:00\",\"dateModified\":\"2022-10-20T14:29:35+00:00\",\"breadcrumb\":{\"@id\":\"https:\/\/fineandcandy.com\/pt-pt\/product\/louise-olive-pencil-case\/#breadcrumb\"},\"inLanguage\":\"pt-PT\",\"potentialAction\":[{\"@type\":\"ReadAction\",\"target\":[\"https:\/\/fineandcandy.com\/pt-pt\/product\/louise-olive-pencil-case\/\"]}]},{\"@type\":\"BreadcrumbList\",\"@id\":\"https:\/\/fineandcandy.com\/pt-pt\/product\/louise-olive-pencil-case\/#breadcrumb\",\"itemListElement\":[{\"@type\":\"ListItem\",\"position\":1,\"name\":\"Home\",\"item\":\"https:\/\/fineandcandy.com\/pt-pt\/\"},{\"@type\":\"ListItem\",\"position\":2,\"name\":\"Loja\",\"item\":\"https:\/\/fineandcandy.com\/pt-pt\/loja\/\"},{\"@type\":\"ListItem\",\"position\":3,\"name\":\"Louise Olive\"}]},{\"@type\":\"WebSite\",\"@id\":\"https:\/\/fineandcandy.com\/#website\",\"url\":\"https:\/\/fineandcandy.com\/\",\"name\":\"Fine &amp; Candy\",\"description\":\"Handmade Stationery\",\"potentialAction\":[{\"@type\":\"SearchAction\",\"target\":{\"@type\":\"EntryPoint\",\"urlTemplate\":\"https:\/\/fineandcandy.com\/?s={search_term_string}\"},\"query-input\":\"required name=search_term_string\"}],\"inLanguage\":\"pt-PT\"}]}<\/script>\n<!-- \/ Yoast SEO plugin. -->","yoast_head_json":{"title":"Louise Olive - Fine &amp; Candy","robots":{"index":"index","follow":"follow","max-snippet":"max-snippet:-1","max-image-preview":"max-image-preview:large","max-video-preview":"max-video-preview:-1"},"canonical":"https:\/\/fineandcandy.com\/pt-pt\/product\/louise-olive-pencil-case\/","og_locale":"pt_PT","og_type":"article","og_title":"Louise Olive - Fine &amp; Candy","og_description":"Delicado e \u00fanico o porta-l\u00e1pis Fine&amp;Candy vai garantir que todas as suas canetas e l\u00e1pis favoritos estejam seguros num s\u00f3 lugar. Este acess\u00f3rio, cl\u00e1ssico e elegante, foi desenhado para agradar a todos e \u00e9 perfeito para transportar e organizar as suas canetas e l\u00e1pis no seu dia a dia. Este estojo consegue acomodar aproximadamente 6 l\u00e1pis Fine&amp;Candy.","og_url":"https:\/\/fineandcandy.com\/pt-pt\/product\/louise-olive-pencil-case\/","og_site_name":"Fine &amp; Candy","article_modified_time":"2022-10-20T14:29:35+00:00","og_image":[{"width":586,"height":698,"url":"https:\/\/s3.eu-west-3.amazonaws.com\/fineandcandy.com\/wp-content\/uploads\/2020\/02\/Louise_olive_.jpg","type":"image\/jpeg"}],"twitter_card":"summary_large_image","schema":{"@context":"https:\/\/schema.org","@graph":[{"@type":"WebPage","@id":"https:\/\/fineandcandy.com\/pt-pt\/product\/louise-olive-pencil-case\/","url":"https:\/\/fineandcandy.com\/pt-pt\/product\/louise-olive-pencil-case\/","name":"Louise Olive - Fine &amp; Candy","isPartOf":{"@id":"https:\/\/fineandcandy.com\/#website"},"datePublished":"2018-05-02T17:37:27+00:00","dateModified":"2022-10-20T14:29:35+00:00","breadcrumb":{"@id":"https:\/\/fineandcandy.com\/pt-pt\/product\/louise-olive-pencil-case\/#breadcrumb"},"inLanguage":"pt-PT","potentialAction":[{"@type":"ReadAction","target":["https:\/\/fineandcandy.com\/pt-pt\/product\/louise-olive-pencil-case\/"]}]},{"@type":"BreadcrumbList","@id":"https:\/\/fineandcandy.com\/pt-pt\/product\/louise-olive-pencil-case\/#breadcrumb","itemListElement":[{"@type":"ListItem","position":1,"name":"Home","item":"https:\/\/fineandcandy.com\/pt-pt\/"},{"@type":"ListItem","position":2,"name":"Loja","item":"https:\/\/fineandcandy.com\/pt-pt\/loja\/"},{"@type":"ListItem","position":3,"name":"Louise Olive"}]},{"@type":"WebSite","@id":"https:\/\/fineandcandy.com\/#website","url":"https:\/\/fineandcandy.com\/","name":"Fine &amp; Candy","description":"Handmade Stationery","potentialAction":[{"@type":"SearchAction","target":{"@type":"EntryPoint","urlTemplate":"https:\/\/fineandcandy.com\/?s={search_term_string}"},"query-input":"required name=search_term_string"}],"inLanguage":"pt-PT"}]}},"_links":{"self":[{"href":"https:\/\/fineandcandy.com\/pt-pt\/wp-json\/wp\/v2\/product\/5325"}],"collection":[{"href":"https:\/\/fineandcandy.com\/pt-pt\/wp-json\/wp\/v2\/product"}],"about":[{"href":"https:\/\/fineandcandy.com\/pt-pt\/wp-json\/wp\/v2\/types\/product"}],"wp:featuredmedia":[{"embeddable":true,"href":"https:\/\/fineandcandy.com\/pt-pt\/wp-json\/wp\/v2\/media\/17781"}],"wp:attachment":[{"href":"https:\/\/fineandcandy.com\/pt-pt\/wp-json\/wp\/v2\/media?parent=5325"}],"wp:term":[{"taxonomy":"product_cat","embeddable":true,"href":"https:\/\/fineandcandy.com\/pt-pt\/wp-json\/wp\/v2\/product_cat?post=5325"},{"taxonomy":"product_tag","embeddable":true,"href":"https:\/\/fineandcandy.com\/pt-pt\/wp-json\/wp\/v2\/product_tag?post=5325"},{"taxonomy":"giftcard-category","embeddable":true,"href":"https:\/\/fineandcandy.com\/pt-pt\/wp-json\/wp\/v2\/giftcard-category?post=5325"}],"curies":[{"name":"wp","href":"https:\/\/api.w.org\/{rel}","templated":true}]}}