{"id":5350,"date":"2018-05-14T14:38:25","date_gmt":"2018-05-14T14:38:25","guid":{"rendered":"http:\/\/www.fineandcandy.com\/?post_type=product&#038;p=5350\/"},"modified":"2022-10-25T14:40:32","modified_gmt":"2022-10-25T14:40:32","slug":"laguna","status":"publish","type":"product","link":"https:\/\/fineandcandy.com\/pt-pt\/product\/laguna\/","title":{"rendered":"Laguna"},"content":{"rendered":"","protected":false},"excerpt":{"rendered":"<p class=\"p1\">Na Fine&amp;Candy levamos os artigos de papelaria muito a s\u00e9rio, ent\u00e3o criamos o Laguna. Um notebook de capa semi-mole azul escuro, desenvolvido de forma duradoura para passar de um compromisso para o outro. Repleto de p\u00e1ginas lisas no interior, este notebook com tamanho perfeito para qualquer amante de escrita transportar \u00e9 sofisticado e est\u00e1 pronto para o acompanhar aonde o dia o levar.\u00a0Laguna traz estilo e praticidade em perfeita harmonia.<\/p>\n","protected":false},"featured_media":5387,"template":"","meta":[],"product_cat":[27],"product_tag":[159,160,161,162,165,194,241,256,298,310,312,415,416,419,519,547,557,593,644,830,831,832,833,834,835,836,837,838,839,840,841,842,843,844,845,846,847,848,849,850,851,852,853,854,855,856,857,858,859,860,861,862,863,864,865,866,867,868,869,870,871,872,873,874,875,876,877,878,879,880,881,882,883,884,885,886,887,888,889,890,891,892,893,894,895,896,897,898,899,900,901,902,903,904,905,909,910,911,912,913,1021],"giftcard-category":[],"supplier_id":null,"supplier_sku":"","atum_controlled":true,"out_stock_date":null,"out_stock_threshold":null,"inheritable":false,"inbound_stock":0,"stock_on_hold":0,"sold_today":0,"sales_last_days":0,"reserved_stock":0,"customer_returns":0,"warehouse_damage":0,"lost_in_post":0,"other_logs":0,"out_stock_days":0,"lost_sales":0,"has_location":false,"update_date":"2026-04-09T00:12:53","atum_locations":[],"atum_stock_status":"instock","low_stock":false,"low_stock_amount":0,"yoast_head":"<!-- This site is optimized with the Yoast SEO plugin v20.4 - https:\/\/yoast.com\/wordpress\/plugins\/seo\/ -->\n<title>Laguna - Fine &amp; Candy<\/title>\n<meta name=\"robots\" content=\"index, follow, max-snippet:-1, max-image-preview:large, max-video-preview:-1\" \/>\n<link rel=\"canonical\" href=\"https:\/\/fineandcandy.com\/pt-pt\/product\/laguna\/\" \/>\n<meta property=\"og:locale\" content=\"pt_PT\" \/>\n<meta property=\"og:type\" content=\"article\" \/>\n<meta property=\"og:title\" content=\"Laguna - Fine &amp; Candy\" \/>\n<meta property=\"og:description\" content=\"Na Fine&amp;Candy levamos os artigos de papelaria muito a s\u00e9rio, ent\u00e3o criamos o Laguna. Um notebook de capa semi-mole azul escuro, desenvolvido de forma duradoura para passar de um compromisso para o outro. Repleto de p\u00e1ginas lisas no interior, este notebook com tamanho perfeito para qualquer amante de escrita transportar \u00e9 sofisticado e est\u00e1 pronto para o acompanhar aonde o dia o levar.\u00a0Laguna traz estilo e praticidade em perfeita harmonia.\" \/>\n<meta property=\"og:url\" content=\"https:\/\/fineandcandy.com\/pt-pt\/product\/laguna\/\" \/>\n<meta property=\"og:site_name\" content=\"Fine &amp; Candy\" \/>\n<meta property=\"article:modified_time\" content=\"2022-10-25T14:40:32+00:00\" \/>\n<meta property=\"og:image\" content=\"https:\/\/s3.eu-west-3.amazonaws.com\/fineandcandy.com\/wp-content\/uploads\/2018\/05\/Laguna.jpg\" \/>\n\t<meta property=\"og:image:width\" content=\"586\" \/>\n\t<meta property=\"og:image:height\" content=\"698\" \/>\n\t<meta property=\"og:image:type\" content=\"image\/jpeg\" \/>\n<meta name=\"twitter:card\" content=\"summary_large_image\" \/>\n<script type=\"application\/ld+json\" class=\"yoast-schema-graph\">{\"@context\":\"https:\/\/schema.org\",\"@graph\":[{\"@type\":\"WebPage\",\"@id\":\"https:\/\/fineandcandy.com\/pt-pt\/product\/laguna\/\",\"url\":\"https:\/\/fineandcandy.com\/pt-pt\/product\/laguna\/\",\"name\":\"Laguna - Fine &amp; Candy\",\"isPartOf\":{\"@id\":\"https:\/\/fineandcandy.com\/#website\"},\"datePublished\":\"2018-05-14T14:38:25+00:00\",\"dateModified\":\"2022-10-25T14:40:32+00:00\",\"breadcrumb\":{\"@id\":\"https:\/\/fineandcandy.com\/pt-pt\/product\/laguna\/#breadcrumb\"},\"inLanguage\":\"pt-PT\",\"potentialAction\":[{\"@type\":\"ReadAction\",\"target\":[\"https:\/\/fineandcandy.com\/pt-pt\/product\/laguna\/\"]}]},{\"@type\":\"BreadcrumbList\",\"@id\":\"https:\/\/fineandcandy.com\/pt-pt\/product\/laguna\/#breadcrumb\",\"itemListElement\":[{\"@type\":\"ListItem\",\"position\":1,\"name\":\"Home\",\"item\":\"https:\/\/fineandcandy.com\/pt-pt\/\"},{\"@type\":\"ListItem\",\"position\":2,\"name\":\"Loja\",\"item\":\"https:\/\/fineandcandy.com\/pt-pt\/loja\/\"},{\"@type\":\"ListItem\",\"position\":3,\"name\":\"Laguna\"}]},{\"@type\":\"WebSite\",\"@id\":\"https:\/\/fineandcandy.com\/#website\",\"url\":\"https:\/\/fineandcandy.com\/\",\"name\":\"Fine &amp; Candy\",\"description\":\"Handmade Stationery\",\"potentialAction\":[{\"@type\":\"SearchAction\",\"target\":{\"@type\":\"EntryPoint\",\"urlTemplate\":\"https:\/\/fineandcandy.com\/?s={search_term_string}\"},\"query-input\":\"required name=search_term_string\"}],\"inLanguage\":\"pt-PT\"}]}<\/script>\n<!-- \/ Yoast SEO plugin. -->","yoast_head_json":{"title":"Laguna - Fine &amp; Candy","robots":{"index":"index","follow":"follow","max-snippet":"max-snippet:-1","max-image-preview":"max-image-preview:large","max-video-preview":"max-video-preview:-1"},"canonical":"https:\/\/fineandcandy.com\/pt-pt\/product\/laguna\/","og_locale":"pt_PT","og_type":"article","og_title":"Laguna - Fine &amp; Candy","og_description":"Na Fine&amp;Candy levamos os artigos de papelaria muito a s\u00e9rio, ent\u00e3o criamos o Laguna. Um notebook de capa semi-mole azul escuro, desenvolvido de forma duradoura para passar de um compromisso para o outro. Repleto de p\u00e1ginas lisas no interior, este notebook com tamanho perfeito para qualquer amante de escrita transportar \u00e9 sofisticado e est\u00e1 pronto para o acompanhar aonde o dia o levar.\u00a0Laguna traz estilo e praticidade em perfeita harmonia.","og_url":"https:\/\/fineandcandy.com\/pt-pt\/product\/laguna\/","og_site_name":"Fine &amp; Candy","article_modified_time":"2022-10-25T14:40:32+00:00","og_image":[{"width":586,"height":698,"url":"https:\/\/s3.eu-west-3.amazonaws.com\/fineandcandy.com\/wp-content\/uploads\/2018\/05\/Laguna.jpg","type":"image\/jpeg"}],"twitter_card":"summary_large_image","schema":{"@context":"https:\/\/schema.org","@graph":[{"@type":"WebPage","@id":"https:\/\/fineandcandy.com\/pt-pt\/product\/laguna\/","url":"https:\/\/fineandcandy.com\/pt-pt\/product\/laguna\/","name":"Laguna - Fine &amp; Candy","isPartOf":{"@id":"https:\/\/fineandcandy.com\/#website"},"datePublished":"2018-05-14T14:38:25+00:00","dateModified":"2022-10-25T14:40:32+00:00","breadcrumb":{"@id":"https:\/\/fineandcandy.com\/pt-pt\/product\/laguna\/#breadcrumb"},"inLanguage":"pt-PT","potentialAction":[{"@type":"ReadAction","target":["https:\/\/fineandcandy.com\/pt-pt\/product\/laguna\/"]}]},{"@type":"BreadcrumbList","@id":"https:\/\/fineandcandy.com\/pt-pt\/product\/laguna\/#breadcrumb","itemListElement":[{"@type":"ListItem","position":1,"name":"Home","item":"https:\/\/fineandcandy.com\/pt-pt\/"},{"@type":"ListItem","position":2,"name":"Loja","item":"https:\/\/fineandcandy.com\/pt-pt\/loja\/"},{"@type":"ListItem","position":3,"name":"Laguna"}]},{"@type":"WebSite","@id":"https:\/\/fineandcandy.com\/#website","url":"https:\/\/fineandcandy.com\/","name":"Fine &amp; Candy","description":"Handmade Stationery","potentialAction":[{"@type":"SearchAction","target":{"@type":"EntryPoint","urlTemplate":"https:\/\/fineandcandy.com\/?s={search_term_string}"},"query-input":"required name=search_term_string"}],"inLanguage":"pt-PT"}]}},"_links":{"self":[{"href":"https:\/\/fineandcandy.com\/pt-pt\/wp-json\/wp\/v2\/product\/5350"}],"collection":[{"href":"https:\/\/fineandcandy.com\/pt-pt\/wp-json\/wp\/v2\/product"}],"about":[{"href":"https:\/\/fineandcandy.com\/pt-pt\/wp-json\/wp\/v2\/types\/product"}],"wp:featuredmedia":[{"embeddable":true,"href":"https:\/\/fineandcandy.com\/pt-pt\/wp-json\/wp\/v2\/media\/5387"}],"wp:attachment":[{"href":"https:\/\/fineandcandy.com\/pt-pt\/wp-json\/wp\/v2\/media?parent=5350"}],"wp:term":[{"taxonomy":"product_cat","embeddable":true,"href":"https:\/\/fineandcandy.com\/pt-pt\/wp-json\/wp\/v2\/product_cat?post=5350"},{"taxonomy":"product_tag","embeddable":true,"href":"https:\/\/fineandcandy.com\/pt-pt\/wp-json\/wp\/v2\/product_tag?post=5350"},{"taxonomy":"giftcard-category","embeddable":true,"href":"https:\/\/fineandcandy.com\/pt-pt\/wp-json\/wp\/v2\/giftcard-category?post=5350"}],"curies":[{"name":"wp","href":"https:\/\/api.w.org\/{rel}","templated":true}]}}