{"id":5356,"date":"2018-05-14T15:01:41","date_gmt":"2018-05-14T15:01:41","guid":{"rendered":"http:\/\/www.fineandcandy.com\/?post_type=product&#038;p=5356\/"},"modified":"2022-10-25T14:40:48","modified_gmt":"2022-10-25T14:40:48","slug":"sahara","status":"publish","type":"product","link":"https:\/\/fineandcandy.com\/pt-pt\/product\/sahara\/","title":{"rendered":"Sahara"},"content":{"rendered":"","protected":false},"excerpt":{"rendered":"<p class=\"p1\">Sahara \u00e9 um elegante notebook feito \u00e0 m\u00e3o em tons de amarelo com capa semi-mole em veludo, para anotar todas as ideias que surjam ao longo do seu caminho. \u00c9 a pe\u00e7a de luxo essencial para manter todas as suas mem\u00f3rias e tarefas juntas!\u00a0Com p\u00e1ginas lisas no interior, o notebook Sahara \u00e9 um acess\u00f3rio de escrita imprescind\u00edvel para tornar o seu espa\u00e7o de trabalho um local especial. Perfeito para oferecer como presente ou apenas como um mimo para si mesmo, este notebook intemporal e divertido \u00e9 produzido em Portugal com os melhores materiais.<\/p>\n","protected":false},"featured_media":5373,"template":"","meta":[],"product_cat":[27],"product_tag":[159,160,161,162,165,194,241,256,298,415,416,419,519,547,557,593,644,830,831,832,833,834,835,836,837,838,840,841,842,843,844,845,846,847,848,849,850,851,852,853,854,855,856,857,859,860,861,862,863,864,865,866,867,868,869,870,871,874,875,876,878,879,881,882,883,884,885,886,887,888,889,890,891,892,893,894,895,896,897,898,899,900,902,903,904,905,909,910,911,912,913,951,952,953,954,955,956,957,958,959,960,961,962,1028,1029],"giftcard-category":[],"supplier_id":null,"supplier_sku":"","atum_controlled":true,"out_stock_date":null,"out_stock_threshold":null,"inheritable":false,"inbound_stock":0,"stock_on_hold":0,"sold_today":0,"sales_last_days":0,"reserved_stock":0,"customer_returns":0,"warehouse_damage":0,"lost_in_post":0,"other_logs":0,"out_stock_days":0,"lost_sales":0,"has_location":false,"update_date":"2026-04-07T00:01:23","atum_locations":[],"atum_stock_status":"instock","low_stock":false,"low_stock_amount":0,"yoast_head":"<!-- This site is optimized with the Yoast SEO plugin v20.4 - https:\/\/yoast.com\/wordpress\/plugins\/seo\/ -->\n<title>Sahara - Fine &amp; Candy<\/title>\n<meta name=\"robots\" content=\"index, follow, max-snippet:-1, max-image-preview:large, max-video-preview:-1\" \/>\n<link rel=\"canonical\" href=\"https:\/\/fineandcandy.com\/pt-pt\/product\/sahara\/\" \/>\n<meta property=\"og:locale\" content=\"pt_PT\" \/>\n<meta property=\"og:type\" content=\"article\" \/>\n<meta property=\"og:title\" content=\"Sahara - Fine &amp; Candy\" \/>\n<meta property=\"og:description\" content=\"Sahara \u00e9 um elegante notebook feito \u00e0 m\u00e3o em tons de amarelo com capa semi-mole em veludo, para anotar todas as ideias que surjam ao longo do seu caminho. \u00c9 a pe\u00e7a de luxo essencial para manter todas as suas mem\u00f3rias e tarefas juntas!\u00a0Com p\u00e1ginas lisas no interior, o notebook Sahara \u00e9 um acess\u00f3rio de escrita imprescind\u00edvel para tornar o seu espa\u00e7o de trabalho um local especial. Perfeito para oferecer como presente ou apenas como um mimo para si mesmo, este notebook intemporal e divertido \u00e9 produzido em Portugal com os melhores materiais.\" \/>\n<meta property=\"og:url\" content=\"https:\/\/fineandcandy.com\/pt-pt\/product\/sahara\/\" \/>\n<meta property=\"og:site_name\" content=\"Fine &amp; Candy\" \/>\n<meta property=\"article:modified_time\" content=\"2022-10-25T14:40:48+00:00\" \/>\n<meta property=\"og:image\" content=\"https:\/\/s3.eu-west-3.amazonaws.com\/fineandcandy.com\/wp-content\/uploads\/2018\/05\/Sahara.jpg\" \/>\n\t<meta property=\"og:image:width\" content=\"586\" \/>\n\t<meta property=\"og:image:height\" content=\"698\" \/>\n\t<meta property=\"og:image:type\" content=\"image\/jpeg\" \/>\n<meta name=\"twitter:card\" content=\"summary_large_image\" \/>\n<script type=\"application\/ld+json\" class=\"yoast-schema-graph\">{\"@context\":\"https:\/\/schema.org\",\"@graph\":[{\"@type\":\"WebPage\",\"@id\":\"https:\/\/fineandcandy.com\/pt-pt\/product\/sahara\/\",\"url\":\"https:\/\/fineandcandy.com\/pt-pt\/product\/sahara\/\",\"name\":\"Sahara - Fine &amp; Candy\",\"isPartOf\":{\"@id\":\"https:\/\/fineandcandy.com\/#website\"},\"datePublished\":\"2018-05-14T15:01:41+00:00\",\"dateModified\":\"2022-10-25T14:40:48+00:00\",\"breadcrumb\":{\"@id\":\"https:\/\/fineandcandy.com\/pt-pt\/product\/sahara\/#breadcrumb\"},\"inLanguage\":\"pt-PT\",\"potentialAction\":[{\"@type\":\"ReadAction\",\"target\":[\"https:\/\/fineandcandy.com\/pt-pt\/product\/sahara\/\"]}]},{\"@type\":\"BreadcrumbList\",\"@id\":\"https:\/\/fineandcandy.com\/pt-pt\/product\/sahara\/#breadcrumb\",\"itemListElement\":[{\"@type\":\"ListItem\",\"position\":1,\"name\":\"Home\",\"item\":\"https:\/\/fineandcandy.com\/pt-pt\/\"},{\"@type\":\"ListItem\",\"position\":2,\"name\":\"Loja\",\"item\":\"https:\/\/fineandcandy.com\/pt-pt\/loja\/\"},{\"@type\":\"ListItem\",\"position\":3,\"name\":\"Sahara\"}]},{\"@type\":\"WebSite\",\"@id\":\"https:\/\/fineandcandy.com\/#website\",\"url\":\"https:\/\/fineandcandy.com\/\",\"name\":\"Fine &amp; Candy\",\"description\":\"Handmade Stationery\",\"potentialAction\":[{\"@type\":\"SearchAction\",\"target\":{\"@type\":\"EntryPoint\",\"urlTemplate\":\"https:\/\/fineandcandy.com\/?s={search_term_string}\"},\"query-input\":\"required name=search_term_string\"}],\"inLanguage\":\"pt-PT\"}]}<\/script>\n<!-- \/ Yoast SEO plugin. -->","yoast_head_json":{"title":"Sahara - Fine &amp; Candy","robots":{"index":"index","follow":"follow","max-snippet":"max-snippet:-1","max-image-preview":"max-image-preview:large","max-video-preview":"max-video-preview:-1"},"canonical":"https:\/\/fineandcandy.com\/pt-pt\/product\/sahara\/","og_locale":"pt_PT","og_type":"article","og_title":"Sahara - Fine &amp; Candy","og_description":"Sahara \u00e9 um elegante notebook feito \u00e0 m\u00e3o em tons de amarelo com capa semi-mole em veludo, para anotar todas as ideias que surjam ao longo do seu caminho. \u00c9 a pe\u00e7a de luxo essencial para manter todas as suas mem\u00f3rias e tarefas juntas!\u00a0Com p\u00e1ginas lisas no interior, o notebook Sahara \u00e9 um acess\u00f3rio de escrita imprescind\u00edvel para tornar o seu espa\u00e7o de trabalho um local especial. Perfeito para oferecer como presente ou apenas como um mimo para si mesmo, este notebook intemporal e divertido \u00e9 produzido em Portugal com os melhores materiais.","og_url":"https:\/\/fineandcandy.com\/pt-pt\/product\/sahara\/","og_site_name":"Fine &amp; Candy","article_modified_time":"2022-10-25T14:40:48+00:00","og_image":[{"width":586,"height":698,"url":"https:\/\/s3.eu-west-3.amazonaws.com\/fineandcandy.com\/wp-content\/uploads\/2018\/05\/Sahara.jpg","type":"image\/jpeg"}],"twitter_card":"summary_large_image","schema":{"@context":"https:\/\/schema.org","@graph":[{"@type":"WebPage","@id":"https:\/\/fineandcandy.com\/pt-pt\/product\/sahara\/","url":"https:\/\/fineandcandy.com\/pt-pt\/product\/sahara\/","name":"Sahara - Fine &amp; Candy","isPartOf":{"@id":"https:\/\/fineandcandy.com\/#website"},"datePublished":"2018-05-14T15:01:41+00:00","dateModified":"2022-10-25T14:40:48+00:00","breadcrumb":{"@id":"https:\/\/fineandcandy.com\/pt-pt\/product\/sahara\/#breadcrumb"},"inLanguage":"pt-PT","potentialAction":[{"@type":"ReadAction","target":["https:\/\/fineandcandy.com\/pt-pt\/product\/sahara\/"]}]},{"@type":"BreadcrumbList","@id":"https:\/\/fineandcandy.com\/pt-pt\/product\/sahara\/#breadcrumb","itemListElement":[{"@type":"ListItem","position":1,"name":"Home","item":"https:\/\/fineandcandy.com\/pt-pt\/"},{"@type":"ListItem","position":2,"name":"Loja","item":"https:\/\/fineandcandy.com\/pt-pt\/loja\/"},{"@type":"ListItem","position":3,"name":"Sahara"}]},{"@type":"WebSite","@id":"https:\/\/fineandcandy.com\/#website","url":"https:\/\/fineandcandy.com\/","name":"Fine &amp; Candy","description":"Handmade Stationery","potentialAction":[{"@type":"SearchAction","target":{"@type":"EntryPoint","urlTemplate":"https:\/\/fineandcandy.com\/?s={search_term_string}"},"query-input":"required name=search_term_string"}],"inLanguage":"pt-PT"}]}},"_links":{"self":[{"href":"https:\/\/fineandcandy.com\/pt-pt\/wp-json\/wp\/v2\/product\/5356"}],"collection":[{"href":"https:\/\/fineandcandy.com\/pt-pt\/wp-json\/wp\/v2\/product"}],"about":[{"href":"https:\/\/fineandcandy.com\/pt-pt\/wp-json\/wp\/v2\/types\/product"}],"wp:featuredmedia":[{"embeddable":true,"href":"https:\/\/fineandcandy.com\/pt-pt\/wp-json\/wp\/v2\/media\/5373"}],"wp:attachment":[{"href":"https:\/\/fineandcandy.com\/pt-pt\/wp-json\/wp\/v2\/media?parent=5356"}],"wp:term":[{"taxonomy":"product_cat","embeddable":true,"href":"https:\/\/fineandcandy.com\/pt-pt\/wp-json\/wp\/v2\/product_cat?post=5356"},{"taxonomy":"product_tag","embeddable":true,"href":"https:\/\/fineandcandy.com\/pt-pt\/wp-json\/wp\/v2\/product_tag?post=5356"},{"taxonomy":"giftcard-category","embeddable":true,"href":"https:\/\/fineandcandy.com\/pt-pt\/wp-json\/wp\/v2\/giftcard-category?post=5356"}],"curies":[{"name":"wp","href":"https:\/\/api.w.org\/{rel}","templated":true}]}}