{"id":5807,"date":"2018-07-27T15:26:13","date_gmt":"2018-07-27T15:26:13","guid":{"rendered":"http:\/\/www.fineandcandy.com\/?post_type=product&#038;p=5807\/"},"modified":"2022-10-20T14:30:57","modified_gmt":"2022-10-20T14:30:57","slug":"lovestory-album","status":"publish","type":"product","link":"https:\/\/fineandcandy.com\/pt-pt\/product\/lovestory-album\/","title":{"rendered":"Lovestory Album"},"content":{"rendered":"","protected":false},"excerpt":{"rendered":"<p>Momentos especiais merecem ficar guardados para sempre e foi por isso que a Fine&amp;Candy desenvolveu um linha de \u00e1lbuns fotogr\u00e1ficos que podem ser utilizados nas mais diversas ocasi\u00f5es. Feitos em pele ou tecido os \u00e1lbuns fotogr\u00e1ficos da Fine&amp;Candy garantem a mais alta qualidade e eleg\u00e2ncia intemporal. S\u00e3o produzidos atrav\u00e9s das mais antigas e tradicionais t\u00e9cnicas de encaderna\u00e7\u00e3o de luxo e s\u00e3o uma excelente escolha para um presente de casamento feito \u00e0 m\u00e3o. O seu interior \u00e9 repleto de p\u00e1ginas em branco para preencher com as suas fotografias.<\/p>\n<p>&#8212;<\/p>\n<p>Os \u00c1lbuns de Fotografia da Fine&amp;Candy podem ser produzidos \u00e0 sua medida. Com v\u00e1rias op\u00e7\u00f5es de capa, cor, interior e personaliza\u00e7\u00e3o. O tempo de produ\u00e7\u00e3o estimado ser\u00e1 de 4 semanas (Ap\u00f3s aprova\u00e7\u00e3o de todas as caracter\u00edsticas do produto n\u00e3o ser\u00e1 poss\u00edvel realizar quaisquer altera\u00e7\u00f5es. N\u00e3o ser\u00e3o efectuadas trocas ou devolu\u00e7\u00f5es de artigos personalizados).<\/p>\n","protected":false},"featured_media":6367,"template":"","meta":[],"product_cat":[542],"product_tag":[160,161,162,165,194,241,256,298,312,389,415,416,547,549,557,558,565,569,572,574,593,644,674,678,830,831,832,833,834,835,836,837,838,840,841,842,843,844,846,847,848,849,850,852,853,854,856,857,858,859,860,861,862,863,864,865,866,867,868,869,870,871,874,875,876,887,890,893,894,895,896,897,898,899,900,902,903,904,905,913,951,952,954,956,957,958,959,960,961,1127,1128,1319,1320,1741,1742,1743,1744,1745,1746,1747,1748,1749,1767,1797,1811,1812],"giftcard-category":[],"supplier_id":null,"supplier_sku":"","atum_controlled":true,"out_stock_date":null,"out_stock_threshold":null,"inheritable":false,"inbound_stock":0,"stock_on_hold":0,"sold_today":0,"sales_last_days":0,"reserved_stock":0,"customer_returns":0,"warehouse_damage":0,"lost_in_post":0,"other_logs":0,"out_stock_days":0,"lost_sales":0,"has_location":false,"update_date":"2026-04-07T00:01:25","atum_locations":[],"atum_stock_status":"instock","low_stock":false,"low_stock_amount":"","yoast_head":"<!-- This site is optimized with the Yoast SEO plugin v20.4 - https:\/\/yoast.com\/wordpress\/plugins\/seo\/ -->\n<title>Lovestory Album - Fine &amp; Candy<\/title>\n<meta name=\"robots\" content=\"index, follow, max-snippet:-1, max-image-preview:large, max-video-preview:-1\" \/>\n<link rel=\"canonical\" href=\"https:\/\/fineandcandy.com\/pt-pt\/product\/lovestory-album\/\" \/>\n<meta property=\"og:locale\" content=\"pt_PT\" \/>\n<meta property=\"og:type\" content=\"article\" \/>\n<meta property=\"og:title\" content=\"Lovestory Album - Fine &amp; Candy\" \/>\n<meta property=\"og:description\" content=\"Momentos especiais merecem ficar guardados para sempre e foi por isso que a Fine&amp;Candy desenvolveu um linha de \u00e1lbuns fotogr\u00e1ficos que podem ser utilizados nas mais diversas ocasi\u00f5es. Feitos em pele ou tecido os \u00e1lbuns fotogr\u00e1ficos da Fine&amp;Candy garantem a mais alta qualidade e eleg\u00e2ncia intemporal. S\u00e3o produzidos atrav\u00e9s das mais antigas e tradicionais t\u00e9cnicas de encaderna\u00e7\u00e3o de luxo e s\u00e3o uma excelente escolha para um presente de casamento feito \u00e0 m\u00e3o. O seu interior \u00e9 repleto de p\u00e1ginas em branco para preencher com as suas fotografias.  --  Os \u00c1lbuns de Fotografia da Fine&amp;Candy podem ser produzidos \u00e0 sua medida. Com v\u00e1rias op\u00e7\u00f5es de capa, cor, interior e personaliza\u00e7\u00e3o. O tempo de produ\u00e7\u00e3o estimado ser\u00e1 de 4 semanas (Ap\u00f3s aprova\u00e7\u00e3o de todas as caracter\u00edsticas do produto n\u00e3o ser\u00e1 poss\u00edvel realizar quaisquer altera\u00e7\u00f5es. N\u00e3o ser\u00e3o efectuadas trocas ou devolu\u00e7\u00f5es de artigos personalizados).\" \/>\n<meta property=\"og:url\" content=\"https:\/\/fineandcandy.com\/pt-pt\/product\/lovestory-album\/\" \/>\n<meta property=\"og:site_name\" content=\"Fine &amp; Candy\" \/>\n<meta property=\"article:modified_time\" content=\"2022-10-20T14:30:57+00:00\" \/>\n<meta property=\"og:image\" content=\"https:\/\/s3.eu-west-3.amazonaws.com\/fineandcandy.com\/wp-content\/uploads\/2018\/11\/Lovestory-0.jpg\" \/>\n\t<meta property=\"og:image:width\" content=\"586\" \/>\n\t<meta property=\"og:image:height\" content=\"698\" \/>\n\t<meta property=\"og:image:type\" content=\"image\/jpeg\" \/>\n<meta name=\"twitter:card\" content=\"summary_large_image\" \/>\n<script type=\"application\/ld+json\" class=\"yoast-schema-graph\">{\"@context\":\"https:\/\/schema.org\",\"@graph\":[{\"@type\":\"WebPage\",\"@id\":\"https:\/\/fineandcandy.com\/pt-pt\/product\/lovestory-album\/\",\"url\":\"https:\/\/fineandcandy.com\/pt-pt\/product\/lovestory-album\/\",\"name\":\"Lovestory Album - Fine &amp; Candy\",\"isPartOf\":{\"@id\":\"https:\/\/fineandcandy.com\/#website\"},\"datePublished\":\"2018-07-27T15:26:13+00:00\",\"dateModified\":\"2022-10-20T14:30:57+00:00\",\"breadcrumb\":{\"@id\":\"https:\/\/fineandcandy.com\/pt-pt\/product\/lovestory-album\/#breadcrumb\"},\"inLanguage\":\"pt-PT\",\"potentialAction\":[{\"@type\":\"ReadAction\",\"target\":[\"https:\/\/fineandcandy.com\/pt-pt\/product\/lovestory-album\/\"]}]},{\"@type\":\"BreadcrumbList\",\"@id\":\"https:\/\/fineandcandy.com\/pt-pt\/product\/lovestory-album\/#breadcrumb\",\"itemListElement\":[{\"@type\":\"ListItem\",\"position\":1,\"name\":\"Home\",\"item\":\"https:\/\/fineandcandy.com\/pt-pt\/\"},{\"@type\":\"ListItem\",\"position\":2,\"name\":\"Loja\",\"item\":\"https:\/\/fineandcandy.com\/pt-pt\/loja\/\"},{\"@type\":\"ListItem\",\"position\":3,\"name\":\"Lovestory Album\"}]},{\"@type\":\"WebSite\",\"@id\":\"https:\/\/fineandcandy.com\/#website\",\"url\":\"https:\/\/fineandcandy.com\/\",\"name\":\"Fine &amp; Candy\",\"description\":\"Handmade Stationery\",\"potentialAction\":[{\"@type\":\"SearchAction\",\"target\":{\"@type\":\"EntryPoint\",\"urlTemplate\":\"https:\/\/fineandcandy.com\/?s={search_term_string}\"},\"query-input\":\"required name=search_term_string\"}],\"inLanguage\":\"pt-PT\"}]}<\/script>\n<!-- \/ Yoast SEO plugin. -->","yoast_head_json":{"title":"Lovestory Album - Fine &amp; Candy","robots":{"index":"index","follow":"follow","max-snippet":"max-snippet:-1","max-image-preview":"max-image-preview:large","max-video-preview":"max-video-preview:-1"},"canonical":"https:\/\/fineandcandy.com\/pt-pt\/product\/lovestory-album\/","og_locale":"pt_PT","og_type":"article","og_title":"Lovestory Album - Fine &amp; Candy","og_description":"Momentos especiais merecem ficar guardados para sempre e foi por isso que a Fine&amp;Candy desenvolveu um linha de \u00e1lbuns fotogr\u00e1ficos que podem ser utilizados nas mais diversas ocasi\u00f5es. Feitos em pele ou tecido os \u00e1lbuns fotogr\u00e1ficos da Fine&amp;Candy garantem a mais alta qualidade e eleg\u00e2ncia intemporal. S\u00e3o produzidos atrav\u00e9s das mais antigas e tradicionais t\u00e9cnicas de encaderna\u00e7\u00e3o de luxo e s\u00e3o uma excelente escolha para um presente de casamento feito \u00e0 m\u00e3o. O seu interior \u00e9 repleto de p\u00e1ginas em branco para preencher com as suas fotografias.  --  Os \u00c1lbuns de Fotografia da Fine&amp;Candy podem ser produzidos \u00e0 sua medida. Com v\u00e1rias op\u00e7\u00f5es de capa, cor, interior e personaliza\u00e7\u00e3o. O tempo de produ\u00e7\u00e3o estimado ser\u00e1 de 4 semanas (Ap\u00f3s aprova\u00e7\u00e3o de todas as caracter\u00edsticas do produto n\u00e3o ser\u00e1 poss\u00edvel realizar quaisquer altera\u00e7\u00f5es. N\u00e3o ser\u00e3o efectuadas trocas ou devolu\u00e7\u00f5es de artigos personalizados).","og_url":"https:\/\/fineandcandy.com\/pt-pt\/product\/lovestory-album\/","og_site_name":"Fine &amp; Candy","article_modified_time":"2022-10-20T14:30:57+00:00","og_image":[{"width":586,"height":698,"url":"https:\/\/s3.eu-west-3.amazonaws.com\/fineandcandy.com\/wp-content\/uploads\/2018\/11\/Lovestory-0.jpg","type":"image\/jpeg"}],"twitter_card":"summary_large_image","schema":{"@context":"https:\/\/schema.org","@graph":[{"@type":"WebPage","@id":"https:\/\/fineandcandy.com\/pt-pt\/product\/lovestory-album\/","url":"https:\/\/fineandcandy.com\/pt-pt\/product\/lovestory-album\/","name":"Lovestory Album - Fine &amp; Candy","isPartOf":{"@id":"https:\/\/fineandcandy.com\/#website"},"datePublished":"2018-07-27T15:26:13+00:00","dateModified":"2022-10-20T14:30:57+00:00","breadcrumb":{"@id":"https:\/\/fineandcandy.com\/pt-pt\/product\/lovestory-album\/#breadcrumb"},"inLanguage":"pt-PT","potentialAction":[{"@type":"ReadAction","target":["https:\/\/fineandcandy.com\/pt-pt\/product\/lovestory-album\/"]}]},{"@type":"BreadcrumbList","@id":"https:\/\/fineandcandy.com\/pt-pt\/product\/lovestory-album\/#breadcrumb","itemListElement":[{"@type":"ListItem","position":1,"name":"Home","item":"https:\/\/fineandcandy.com\/pt-pt\/"},{"@type":"ListItem","position":2,"name":"Loja","item":"https:\/\/fineandcandy.com\/pt-pt\/loja\/"},{"@type":"ListItem","position":3,"name":"Lovestory Album"}]},{"@type":"WebSite","@id":"https:\/\/fineandcandy.com\/#website","url":"https:\/\/fineandcandy.com\/","name":"Fine &amp; Candy","description":"Handmade Stationery","potentialAction":[{"@type":"SearchAction","target":{"@type":"EntryPoint","urlTemplate":"https:\/\/fineandcandy.com\/?s={search_term_string}"},"query-input":"required name=search_term_string"}],"inLanguage":"pt-PT"}]}},"_links":{"self":[{"href":"https:\/\/fineandcandy.com\/pt-pt\/wp-json\/wp\/v2\/product\/5807"}],"collection":[{"href":"https:\/\/fineandcandy.com\/pt-pt\/wp-json\/wp\/v2\/product"}],"about":[{"href":"https:\/\/fineandcandy.com\/pt-pt\/wp-json\/wp\/v2\/types\/product"}],"wp:featuredmedia":[{"embeddable":true,"href":"https:\/\/fineandcandy.com\/pt-pt\/wp-json\/wp\/v2\/media\/6367"}],"wp:attachment":[{"href":"https:\/\/fineandcandy.com\/pt-pt\/wp-json\/wp\/v2\/media?parent=5807"}],"wp:term":[{"taxonomy":"product_cat","embeddable":true,"href":"https:\/\/fineandcandy.com\/pt-pt\/wp-json\/wp\/v2\/product_cat?post=5807"},{"taxonomy":"product_tag","embeddable":true,"href":"https:\/\/fineandcandy.com\/pt-pt\/wp-json\/wp\/v2\/product_tag?post=5807"},{"taxonomy":"giftcard-category","embeddable":true,"href":"https:\/\/fineandcandy.com\/pt-pt\/wp-json\/wp\/v2\/giftcard-category?post=5807"}],"curies":[{"name":"wp","href":"https:\/\/api.w.org\/{rel}","templated":true}]}}