{"id":6195,"date":"2018-10-26T13:19:41","date_gmt":"2018-10-26T13:19:41","guid":{"rendered":"http:\/\/www.fineandcandy.com\/?post_type=product&#038;p=6195\/"},"modified":"2022-10-20T14:31:20","modified_gmt":"2022-10-20T14:31:20","slug":"everyday-case-bright-navy","status":"publish","type":"product","link":"https:\/\/fineandcandy.com\/pt-pt\/product\/everyday-case-bright-navy\/","title":{"rendered":"Everyday Case Bright Navy"},"content":{"rendered":"","protected":false},"excerpt":{"rendered":"<p>Delicado e \u00fanico o Everyday Case da Fine&amp;Candy vai garantir que todos os seus documentos importantes estejam seguros num s\u00f3 lugar. Este acess\u00f3rio, cl\u00e1ssico e elegante, foi desenhado para agradar a todos e \u00e9 perfeito para transportar e organizar os seus documentos e acess\u00f3rios\/ipad para qualquer lado.<\/p>\n","protected":false},"featured_media":6196,"template":"","meta":[],"product_cat":[510,497],"product_tag":[870,893,892,891,890,889,888,876,875,871,894,869,868,867,865,864,861,859,857,856,958,1178,1160,1148,1147,1052,962,961,960,959,854,952,951,913,909,905,904,903,902,901,298,593,557,547,446,416,312,303,302,299,625,295,256,241,194,169,165,162,161,160,836,853,852,844,843,842,841,840,838,837,159,835,656,644,637,636,635,631,626],"giftcard-category":[],"supplier_id":null,"supplier_sku":"","atum_controlled":true,"out_stock_date":null,"out_stock_threshold":null,"inheritable":false,"inbound_stock":0,"stock_on_hold":0,"sold_today":0,"sales_last_days":0,"reserved_stock":0,"customer_returns":0,"warehouse_damage":0,"lost_in_post":0,"other_logs":0,"out_stock_days":0,"lost_sales":0,"has_location":false,"update_date":"2026-04-05T00:02:26","atum_locations":[],"atum_stock_status":"instock","low_stock":false,"low_stock_amount":"","yoast_head":"<!-- This site is optimized with the Yoast SEO plugin v20.4 - https:\/\/yoast.com\/wordpress\/plugins\/seo\/ -->\n<title>Everyday Case Bright Navy - Fine &amp; Candy<\/title>\n<meta name=\"robots\" content=\"index, follow, max-snippet:-1, max-image-preview:large, max-video-preview:-1\" \/>\n<link rel=\"canonical\" href=\"https:\/\/fineandcandy.com\/pt-pt\/product\/everyday-case-bright-navy\/\" \/>\n<meta property=\"og:locale\" content=\"pt_PT\" \/>\n<meta property=\"og:type\" content=\"article\" \/>\n<meta property=\"og:title\" content=\"Everyday Case Bright Navy - Fine &amp; Candy\" \/>\n<meta property=\"og:description\" content=\"Delicado e \u00fanico o Everyday Case da Fine&amp;Candy vai garantir que todos os seus documentos importantes estejam seguros num s\u00f3 lugar. Este acess\u00f3rio, cl\u00e1ssico e elegante, foi desenhado para agradar a todos e \u00e9 perfeito para transportar e organizar os seus documentos e acess\u00f3rios\/ipad para qualquer lado.\" \/>\n<meta property=\"og:url\" content=\"https:\/\/fineandcandy.com\/pt-pt\/product\/everyday-case-bright-navy\/\" \/>\n<meta property=\"og:site_name\" content=\"Fine &amp; Candy\" \/>\n<meta property=\"article:modified_time\" content=\"2022-10-20T14:31:20+00:00\" \/>\n<meta property=\"og:image\" content=\"https:\/\/s3.eu-west-3.amazonaws.com\/fineandcandy.com\/wp-content\/uploads\/2018\/10\/Everyday-navy-blue_0.jpg\" \/>\n\t<meta property=\"og:image:width\" content=\"2243\" \/>\n\t<meta property=\"og:image:height\" content=\"2672\" \/>\n\t<meta property=\"og:image:type\" content=\"image\/jpeg\" \/>\n<meta name=\"twitter:card\" content=\"summary_large_image\" \/>\n<script type=\"application\/ld+json\" class=\"yoast-schema-graph\">{\"@context\":\"https:\/\/schema.org\",\"@graph\":[{\"@type\":\"WebPage\",\"@id\":\"https:\/\/fineandcandy.com\/pt-pt\/product\/everyday-case-bright-navy\/\",\"url\":\"https:\/\/fineandcandy.com\/pt-pt\/product\/everyday-case-bright-navy\/\",\"name\":\"Everyday Case Bright Navy - Fine &amp; Candy\",\"isPartOf\":{\"@id\":\"https:\/\/fineandcandy.com\/#website\"},\"datePublished\":\"2018-10-26T13:19:41+00:00\",\"dateModified\":\"2022-10-20T14:31:20+00:00\",\"breadcrumb\":{\"@id\":\"https:\/\/fineandcandy.com\/pt-pt\/product\/everyday-case-bright-navy\/#breadcrumb\"},\"inLanguage\":\"pt-PT\",\"potentialAction\":[{\"@type\":\"ReadAction\",\"target\":[\"https:\/\/fineandcandy.com\/pt-pt\/product\/everyday-case-bright-navy\/\"]}]},{\"@type\":\"BreadcrumbList\",\"@id\":\"https:\/\/fineandcandy.com\/pt-pt\/product\/everyday-case-bright-navy\/#breadcrumb\",\"itemListElement\":[{\"@type\":\"ListItem\",\"position\":1,\"name\":\"Home\",\"item\":\"https:\/\/fineandcandy.com\/pt-pt\/\"},{\"@type\":\"ListItem\",\"position\":2,\"name\":\"Loja\",\"item\":\"https:\/\/fineandcandy.com\/pt-pt\/loja\/\"},{\"@type\":\"ListItem\",\"position\":3,\"name\":\"Everyday Case Bright Navy\"}]},{\"@type\":\"WebSite\",\"@id\":\"https:\/\/fineandcandy.com\/#website\",\"url\":\"https:\/\/fineandcandy.com\/\",\"name\":\"Fine &amp; Candy\",\"description\":\"Handmade Stationery\",\"potentialAction\":[{\"@type\":\"SearchAction\",\"target\":{\"@type\":\"EntryPoint\",\"urlTemplate\":\"https:\/\/fineandcandy.com\/?s={search_term_string}\"},\"query-input\":\"required name=search_term_string\"}],\"inLanguage\":\"pt-PT\"}]}<\/script>\n<!-- \/ Yoast SEO plugin. -->","yoast_head_json":{"title":"Everyday Case Bright Navy - Fine &amp; Candy","robots":{"index":"index","follow":"follow","max-snippet":"max-snippet:-1","max-image-preview":"max-image-preview:large","max-video-preview":"max-video-preview:-1"},"canonical":"https:\/\/fineandcandy.com\/pt-pt\/product\/everyday-case-bright-navy\/","og_locale":"pt_PT","og_type":"article","og_title":"Everyday Case Bright Navy - Fine &amp; Candy","og_description":"Delicado e \u00fanico o Everyday Case da Fine&amp;Candy vai garantir que todos os seus documentos importantes estejam seguros num s\u00f3 lugar. Este acess\u00f3rio, cl\u00e1ssico e elegante, foi desenhado para agradar a todos e \u00e9 perfeito para transportar e organizar os seus documentos e acess\u00f3rios\/ipad para qualquer lado.","og_url":"https:\/\/fineandcandy.com\/pt-pt\/product\/everyday-case-bright-navy\/","og_site_name":"Fine &amp; Candy","article_modified_time":"2022-10-20T14:31:20+00:00","og_image":[{"width":2243,"height":2672,"url":"https:\/\/s3.eu-west-3.amazonaws.com\/fineandcandy.com\/wp-content\/uploads\/2018\/10\/Everyday-navy-blue_0.jpg","type":"image\/jpeg"}],"twitter_card":"summary_large_image","schema":{"@context":"https:\/\/schema.org","@graph":[{"@type":"WebPage","@id":"https:\/\/fineandcandy.com\/pt-pt\/product\/everyday-case-bright-navy\/","url":"https:\/\/fineandcandy.com\/pt-pt\/product\/everyday-case-bright-navy\/","name":"Everyday Case Bright Navy - Fine &amp; Candy","isPartOf":{"@id":"https:\/\/fineandcandy.com\/#website"},"datePublished":"2018-10-26T13:19:41+00:00","dateModified":"2022-10-20T14:31:20+00:00","breadcrumb":{"@id":"https:\/\/fineandcandy.com\/pt-pt\/product\/everyday-case-bright-navy\/#breadcrumb"},"inLanguage":"pt-PT","potentialAction":[{"@type":"ReadAction","target":["https:\/\/fineandcandy.com\/pt-pt\/product\/everyday-case-bright-navy\/"]}]},{"@type":"BreadcrumbList","@id":"https:\/\/fineandcandy.com\/pt-pt\/product\/everyday-case-bright-navy\/#breadcrumb","itemListElement":[{"@type":"ListItem","position":1,"name":"Home","item":"https:\/\/fineandcandy.com\/pt-pt\/"},{"@type":"ListItem","position":2,"name":"Loja","item":"https:\/\/fineandcandy.com\/pt-pt\/loja\/"},{"@type":"ListItem","position":3,"name":"Everyday Case Bright Navy"}]},{"@type":"WebSite","@id":"https:\/\/fineandcandy.com\/#website","url":"https:\/\/fineandcandy.com\/","name":"Fine &amp; Candy","description":"Handmade Stationery","potentialAction":[{"@type":"SearchAction","target":{"@type":"EntryPoint","urlTemplate":"https:\/\/fineandcandy.com\/?s={search_term_string}"},"query-input":"required name=search_term_string"}],"inLanguage":"pt-PT"}]}},"_links":{"self":[{"href":"https:\/\/fineandcandy.com\/pt-pt\/wp-json\/wp\/v2\/product\/6195"}],"collection":[{"href":"https:\/\/fineandcandy.com\/pt-pt\/wp-json\/wp\/v2\/product"}],"about":[{"href":"https:\/\/fineandcandy.com\/pt-pt\/wp-json\/wp\/v2\/types\/product"}],"wp:featuredmedia":[{"embeddable":true,"href":"https:\/\/fineandcandy.com\/pt-pt\/wp-json\/wp\/v2\/media\/6196"}],"wp:attachment":[{"href":"https:\/\/fineandcandy.com\/pt-pt\/wp-json\/wp\/v2\/media?parent=6195"}],"wp:term":[{"taxonomy":"product_cat","embeddable":true,"href":"https:\/\/fineandcandy.com\/pt-pt\/wp-json\/wp\/v2\/product_cat?post=6195"},{"taxonomy":"product_tag","embeddable":true,"href":"https:\/\/fineandcandy.com\/pt-pt\/wp-json\/wp\/v2\/product_tag?post=6195"},{"taxonomy":"giftcard-category","embeddable":true,"href":"https:\/\/fineandcandy.com\/pt-pt\/wp-json\/wp\/v2\/giftcard-category?post=6195"}],"curies":[{"name":"wp","href":"https:\/\/api.w.org\/{rel}","templated":true}]}}