{"id":6222,"date":"2018-10-26T15:00:52","date_gmt":"2018-10-26T15:00:52","guid":{"rendered":"http:\/\/www.fineandcandy.com\/?post_type=product&#038;p=6222\/"},"modified":"2022-10-20T14:31:24","modified_gmt":"2022-10-20T14:31:24","slug":"destination-olive","status":"publish","type":"product","link":"https:\/\/fineandcandy.com\/pt-pt\/product\/destination-olive\/","title":{"rendered":"Destination Olive"},"content":{"rendered":"","protected":false},"excerpt":{"rendered":"<p>A capa de passaporte Destination da Fine&amp;Candy \u00e9 feito em pele de alta qualidade. \u00c9 um acess\u00f3rio deslumbrante para proteger o seu passaporte mantendo-o limpo e acompanha-lo em todas as suas viagens. \u00c9 ideal para personalizar com as suas iniciais.<\/p>\n","protected":false},"featured_media":27402,"template":"","meta":[],"product_cat":[510],"product_tag":[876,902,901,894,893,892,891,890,889,888,903,875,871,870,869,868,867,865,864,861,961,1167,1166,1161,1158,1148,1147,1052,1039,962,859,960,959,958,952,951,913,909,905,904,302,635,625,593,557,547,446,416,312,303,636,299,298,256,241,194,169,165,162,161,840,857,856,854,853,852,844,843,842,841,160,838,837,836,835,656,644,643,637],"giftcard-category":[],"supplier_id":null,"supplier_sku":"","atum_controlled":true,"out_stock_date":null,"out_stock_threshold":null,"inheritable":false,"inbound_stock":0,"stock_on_hold":0,"sold_today":0,"sales_last_days":0,"reserved_stock":0,"customer_returns":0,"warehouse_damage":0,"lost_in_post":0,"other_logs":0,"out_stock_days":0,"lost_sales":0,"has_location":false,"update_date":"2026-04-13T00:18:37","atum_locations":[],"atum_stock_status":"instock","low_stock":false,"low_stock_amount":"","yoast_head":"<!-- This site is optimized with the Yoast SEO plugin v20.4 - https:\/\/yoast.com\/wordpress\/plugins\/seo\/ -->\n<title>Destination Olive - Fine &amp; Candy<\/title>\n<meta name=\"robots\" content=\"index, follow, max-snippet:-1, max-image-preview:large, max-video-preview:-1\" \/>\n<link rel=\"canonical\" href=\"https:\/\/fineandcandy.com\/pt-pt\/product\/destination-olive\/\" \/>\n<meta property=\"og:locale\" content=\"pt_PT\" \/>\n<meta property=\"og:type\" content=\"article\" \/>\n<meta property=\"og:title\" content=\"Destination Olive - Fine &amp; Candy\" \/>\n<meta property=\"og:description\" content=\"A capa de passaporte Destination da Fine&amp;Candy \u00e9 feito em pele de alta qualidade. \u00c9 um acess\u00f3rio deslumbrante para proteger o seu passaporte mantendo-o limpo e acompanha-lo em todas as suas viagens. \u00c9 ideal para personalizar com as suas iniciais.\" \/>\n<meta property=\"og:url\" content=\"https:\/\/fineandcandy.com\/pt-pt\/product\/destination-olive\/\" \/>\n<meta property=\"og:site_name\" content=\"Fine &amp; Candy\" \/>\n<meta property=\"article:modified_time\" content=\"2022-10-20T14:31:24+00:00\" \/>\n<meta property=\"og:image\" content=\"https:\/\/s3.eu-west-3.amazonaws.com\/fineandcandy.com\/wp-content\/uploads\/2022\/04\/passaport_olive_site.jpg\" \/>\n\t<meta property=\"og:image:width\" content=\"586\" \/>\n\t<meta property=\"og:image:height\" content=\"698\" \/>\n\t<meta property=\"og:image:type\" content=\"image\/jpeg\" \/>\n<meta name=\"twitter:card\" content=\"summary_large_image\" \/>\n<script type=\"application\/ld+json\" class=\"yoast-schema-graph\">{\"@context\":\"https:\/\/schema.org\",\"@graph\":[{\"@type\":\"WebPage\",\"@id\":\"https:\/\/fineandcandy.com\/pt-pt\/product\/destination-olive\/\",\"url\":\"https:\/\/fineandcandy.com\/pt-pt\/product\/destination-olive\/\",\"name\":\"Destination Olive - Fine &amp; Candy\",\"isPartOf\":{\"@id\":\"https:\/\/fineandcandy.com\/#website\"},\"datePublished\":\"2018-10-26T15:00:52+00:00\",\"dateModified\":\"2022-10-20T14:31:24+00:00\",\"breadcrumb\":{\"@id\":\"https:\/\/fineandcandy.com\/pt-pt\/product\/destination-olive\/#breadcrumb\"},\"inLanguage\":\"pt-PT\",\"potentialAction\":[{\"@type\":\"ReadAction\",\"target\":[\"https:\/\/fineandcandy.com\/pt-pt\/product\/destination-olive\/\"]}]},{\"@type\":\"BreadcrumbList\",\"@id\":\"https:\/\/fineandcandy.com\/pt-pt\/product\/destination-olive\/#breadcrumb\",\"itemListElement\":[{\"@type\":\"ListItem\",\"position\":1,\"name\":\"Home\",\"item\":\"https:\/\/fineandcandy.com\/pt-pt\/\"},{\"@type\":\"ListItem\",\"position\":2,\"name\":\"Loja\",\"item\":\"https:\/\/fineandcandy.com\/pt-pt\/loja\/\"},{\"@type\":\"ListItem\",\"position\":3,\"name\":\"Destination Olive\"}]},{\"@type\":\"WebSite\",\"@id\":\"https:\/\/fineandcandy.com\/#website\",\"url\":\"https:\/\/fineandcandy.com\/\",\"name\":\"Fine &amp; Candy\",\"description\":\"Handmade Stationery\",\"potentialAction\":[{\"@type\":\"SearchAction\",\"target\":{\"@type\":\"EntryPoint\",\"urlTemplate\":\"https:\/\/fineandcandy.com\/?s={search_term_string}\"},\"query-input\":\"required name=search_term_string\"}],\"inLanguage\":\"pt-PT\"}]}<\/script>\n<!-- \/ Yoast SEO plugin. -->","yoast_head_json":{"title":"Destination Olive - Fine &amp; Candy","robots":{"index":"index","follow":"follow","max-snippet":"max-snippet:-1","max-image-preview":"max-image-preview:large","max-video-preview":"max-video-preview:-1"},"canonical":"https:\/\/fineandcandy.com\/pt-pt\/product\/destination-olive\/","og_locale":"pt_PT","og_type":"article","og_title":"Destination Olive - Fine &amp; Candy","og_description":"A capa de passaporte Destination da Fine&amp;Candy \u00e9 feito em pele de alta qualidade. \u00c9 um acess\u00f3rio deslumbrante para proteger o seu passaporte mantendo-o limpo e acompanha-lo em todas as suas viagens. \u00c9 ideal para personalizar com as suas iniciais.","og_url":"https:\/\/fineandcandy.com\/pt-pt\/product\/destination-olive\/","og_site_name":"Fine &amp; Candy","article_modified_time":"2022-10-20T14:31:24+00:00","og_image":[{"width":586,"height":698,"url":"https:\/\/s3.eu-west-3.amazonaws.com\/fineandcandy.com\/wp-content\/uploads\/2022\/04\/passaport_olive_site.jpg","type":"image\/jpeg"}],"twitter_card":"summary_large_image","schema":{"@context":"https:\/\/schema.org","@graph":[{"@type":"WebPage","@id":"https:\/\/fineandcandy.com\/pt-pt\/product\/destination-olive\/","url":"https:\/\/fineandcandy.com\/pt-pt\/product\/destination-olive\/","name":"Destination Olive - Fine &amp; Candy","isPartOf":{"@id":"https:\/\/fineandcandy.com\/#website"},"datePublished":"2018-10-26T15:00:52+00:00","dateModified":"2022-10-20T14:31:24+00:00","breadcrumb":{"@id":"https:\/\/fineandcandy.com\/pt-pt\/product\/destination-olive\/#breadcrumb"},"inLanguage":"pt-PT","potentialAction":[{"@type":"ReadAction","target":["https:\/\/fineandcandy.com\/pt-pt\/product\/destination-olive\/"]}]},{"@type":"BreadcrumbList","@id":"https:\/\/fineandcandy.com\/pt-pt\/product\/destination-olive\/#breadcrumb","itemListElement":[{"@type":"ListItem","position":1,"name":"Home","item":"https:\/\/fineandcandy.com\/pt-pt\/"},{"@type":"ListItem","position":2,"name":"Loja","item":"https:\/\/fineandcandy.com\/pt-pt\/loja\/"},{"@type":"ListItem","position":3,"name":"Destination Olive"}]},{"@type":"WebSite","@id":"https:\/\/fineandcandy.com\/#website","url":"https:\/\/fineandcandy.com\/","name":"Fine &amp; Candy","description":"Handmade Stationery","potentialAction":[{"@type":"SearchAction","target":{"@type":"EntryPoint","urlTemplate":"https:\/\/fineandcandy.com\/?s={search_term_string}"},"query-input":"required name=search_term_string"}],"inLanguage":"pt-PT"}]}},"_links":{"self":[{"href":"https:\/\/fineandcandy.com\/pt-pt\/wp-json\/wp\/v2\/product\/6222"}],"collection":[{"href":"https:\/\/fineandcandy.com\/pt-pt\/wp-json\/wp\/v2\/product"}],"about":[{"href":"https:\/\/fineandcandy.com\/pt-pt\/wp-json\/wp\/v2\/types\/product"}],"wp:featuredmedia":[{"embeddable":true,"href":"https:\/\/fineandcandy.com\/pt-pt\/wp-json\/wp\/v2\/media\/27402"}],"wp:attachment":[{"href":"https:\/\/fineandcandy.com\/pt-pt\/wp-json\/wp\/v2\/media?parent=6222"}],"wp:term":[{"taxonomy":"product_cat","embeddable":true,"href":"https:\/\/fineandcandy.com\/pt-pt\/wp-json\/wp\/v2\/product_cat?post=6222"},{"taxonomy":"product_tag","embeddable":true,"href":"https:\/\/fineandcandy.com\/pt-pt\/wp-json\/wp\/v2\/product_tag?post=6222"},{"taxonomy":"giftcard-category","embeddable":true,"href":"https:\/\/fineandcandy.com\/pt-pt\/wp-json\/wp\/v2\/giftcard-category?post=6222"}],"curies":[{"name":"wp","href":"https:\/\/api.w.org\/{rel}","templated":true}]}}