{"id":6718,"date":"2018-12-05T17:25:21","date_gmt":"2018-12-05T17:25:21","guid":{"rendered":"http:\/\/www.fineandcandy.com\/?post_type=product&#038;p=6718\/"},"modified":"2022-10-25T14:40:53","modified_gmt":"2022-10-25T14:40:53","slug":"thebirkinboy","status":"publish","type":"product","link":"https:\/\/fineandcandy.com\/pt-pt\/product\/thebirkinboy\/","title":{"rendered":"TheBirkinBoy"},"content":{"rendered":"","protected":false},"excerpt":{"rendered":"<p>TheBirkinBoy construiu a sua reputa\u00e7\u00e3o atrav\u00e9s das redes sociais pela sua forma enigm\u00e1tica e misteriosa com que afirma a sua personalidade e estilo. Sem olhar a conven\u00e7\u00f5es ou tend\u00eancias tem atra\u00eddo a curiosidade de milhares de seguidores e a aten\u00e7\u00e3o das marcas internacionais. \u00c9 presen\u00e7a habitual nas Semanas de Moda de Paris\u00a0 e tornou-se um \u00edcone de estilo.<br \/>\nEm parceria com a Fine&amp;Candy desenvolveu um notebook em pele preta que reflecte a sua vis\u00e3o. O resultado \u00e9 uma pe\u00e7a de estacion\u00e1rio vers\u00e1til e afirmativa \u00e0 imagem TheBirkinBoy, \u201cque se adapta a v\u00e1rios momentos e situa\u00e7\u00f5es do dia-a-dia, porque os dias n\u00e3o s\u00e3o todos iguais, nem o nosso estado de esp\u00edrito ou estilo\u201d.<\/p>\n","protected":false},"featured_media":6963,"template":"","meta":[],"product_cat":[27],"product_tag":[159,160,161,162,165,194,241,256,298,312,415,416,419,547,557,593,637,644,714,715,716,717,718,719,720,830,831,832,833,834,835,836,837,838,840,841,842,843,844,845,846,847,848,849,850,851,852,853,854,855,856,857,859,860,861,862,863,864,865,866,867,868,869,870,871,874,875,876,878,879,881,882,883,884,885,888,889,890,891,892,893,894,896,897,898,899,900,902,903,904,905,909,910,911,912,913,952,953,954,955,956,957,958,959,961,962,1063,1066],"giftcard-category":[],"supplier_id":null,"supplier_sku":"","atum_controlled":true,"out_stock_date":null,"out_stock_threshold":null,"inheritable":false,"inbound_stock":0,"stock_on_hold":0,"sold_today":0,"sales_last_days":0,"reserved_stock":0,"customer_returns":0,"warehouse_damage":0,"lost_in_post":0,"other_logs":0,"out_stock_days":0,"lost_sales":0,"has_location":false,"update_date":"2026-04-08T00:02:10","atum_locations":[],"atum_stock_status":"instock","low_stock":false,"low_stock_amount":"","yoast_head":"<!-- This site is optimized with the Yoast SEO plugin v20.4 - https:\/\/yoast.com\/wordpress\/plugins\/seo\/ -->\n<title>TheBirkinBoy - Fine &amp; Candy<\/title>\n<meta name=\"robots\" content=\"index, follow, max-snippet:-1, max-image-preview:large, max-video-preview:-1\" \/>\n<link rel=\"canonical\" href=\"https:\/\/fineandcandy.com\/pt-pt\/product\/thebirkinboy\/\" \/>\n<meta property=\"og:locale\" content=\"pt_PT\" \/>\n<meta property=\"og:type\" content=\"article\" \/>\n<meta property=\"og:title\" content=\"TheBirkinBoy - Fine &amp; Candy\" \/>\n<meta property=\"og:description\" content=\"TheBirkinBoy construiu a sua reputa\u00e7\u00e3o atrav\u00e9s das redes sociais pela sua forma enigm\u00e1tica e misteriosa com que afirma a sua personalidade e estilo. Sem olhar a conven\u00e7\u00f5es ou tend\u00eancias tem atra\u00eddo a curiosidade de milhares de seguidores e a aten\u00e7\u00e3o das marcas internacionais. \u00c9 presen\u00e7a habitual nas Semanas de Moda de Paris\u00a0 e tornou-se um \u00edcone de estilo. Em parceria com a Fine&amp;Candy desenvolveu um notebook em pele preta que reflecte a sua vis\u00e3o. O resultado \u00e9 uma pe\u00e7a de estacion\u00e1rio vers\u00e1til e afirmativa \u00e0 imagem TheBirkinBoy, \u201cque se adapta a v\u00e1rios momentos e situa\u00e7\u00f5es do dia-a-dia, porque os dias n\u00e3o s\u00e3o todos iguais, nem o nosso estado de esp\u00edrito ou estilo\u201d.\" \/>\n<meta property=\"og:url\" content=\"https:\/\/fineandcandy.com\/pt-pt\/product\/thebirkinboy\/\" \/>\n<meta property=\"og:site_name\" content=\"Fine &amp; Candy\" \/>\n<meta property=\"article:modified_time\" content=\"2022-10-25T14:40:53+00:00\" \/>\n<meta property=\"og:image\" content=\"https:\/\/s3.eu-west-3.amazonaws.com\/fineandcandy.com\/wp-content\/uploads\/2019\/02\/TBBOY.jpg\" \/>\n\t<meta property=\"og:image:width\" content=\"586\" \/>\n\t<meta property=\"og:image:height\" content=\"698\" \/>\n\t<meta property=\"og:image:type\" content=\"image\/jpeg\" \/>\n<meta name=\"twitter:card\" content=\"summary_large_image\" \/>\n<script type=\"application\/ld+json\" class=\"yoast-schema-graph\">{\"@context\":\"https:\/\/schema.org\",\"@graph\":[{\"@type\":\"WebPage\",\"@id\":\"https:\/\/fineandcandy.com\/pt-pt\/product\/thebirkinboy\/\",\"url\":\"https:\/\/fineandcandy.com\/pt-pt\/product\/thebirkinboy\/\",\"name\":\"TheBirkinBoy - Fine &amp; Candy\",\"isPartOf\":{\"@id\":\"https:\/\/fineandcandy.com\/#website\"},\"datePublished\":\"2018-12-05T17:25:21+00:00\",\"dateModified\":\"2022-10-25T14:40:53+00:00\",\"breadcrumb\":{\"@id\":\"https:\/\/fineandcandy.com\/pt-pt\/product\/thebirkinboy\/#breadcrumb\"},\"inLanguage\":\"pt-PT\",\"potentialAction\":[{\"@type\":\"ReadAction\",\"target\":[\"https:\/\/fineandcandy.com\/pt-pt\/product\/thebirkinboy\/\"]}]},{\"@type\":\"BreadcrumbList\",\"@id\":\"https:\/\/fineandcandy.com\/pt-pt\/product\/thebirkinboy\/#breadcrumb\",\"itemListElement\":[{\"@type\":\"ListItem\",\"position\":1,\"name\":\"Home\",\"item\":\"https:\/\/fineandcandy.com\/pt-pt\/\"},{\"@type\":\"ListItem\",\"position\":2,\"name\":\"Loja\",\"item\":\"https:\/\/fineandcandy.com\/pt-pt\/loja\/\"},{\"@type\":\"ListItem\",\"position\":3,\"name\":\"TheBirkinBoy\"}]},{\"@type\":\"WebSite\",\"@id\":\"https:\/\/fineandcandy.com\/#website\",\"url\":\"https:\/\/fineandcandy.com\/\",\"name\":\"Fine &amp; Candy\",\"description\":\"Handmade Stationery\",\"potentialAction\":[{\"@type\":\"SearchAction\",\"target\":{\"@type\":\"EntryPoint\",\"urlTemplate\":\"https:\/\/fineandcandy.com\/?s={search_term_string}\"},\"query-input\":\"required name=search_term_string\"}],\"inLanguage\":\"pt-PT\"}]}<\/script>\n<!-- \/ Yoast SEO plugin. -->","yoast_head_json":{"title":"TheBirkinBoy - Fine &amp; Candy","robots":{"index":"index","follow":"follow","max-snippet":"max-snippet:-1","max-image-preview":"max-image-preview:large","max-video-preview":"max-video-preview:-1"},"canonical":"https:\/\/fineandcandy.com\/pt-pt\/product\/thebirkinboy\/","og_locale":"pt_PT","og_type":"article","og_title":"TheBirkinBoy - Fine &amp; Candy","og_description":"TheBirkinBoy construiu a sua reputa\u00e7\u00e3o atrav\u00e9s das redes sociais pela sua forma enigm\u00e1tica e misteriosa com que afirma a sua personalidade e estilo. Sem olhar a conven\u00e7\u00f5es ou tend\u00eancias tem atra\u00eddo a curiosidade de milhares de seguidores e a aten\u00e7\u00e3o das marcas internacionais. \u00c9 presen\u00e7a habitual nas Semanas de Moda de Paris\u00a0 e tornou-se um \u00edcone de estilo. Em parceria com a Fine&amp;Candy desenvolveu um notebook em pele preta que reflecte a sua vis\u00e3o. O resultado \u00e9 uma pe\u00e7a de estacion\u00e1rio vers\u00e1til e afirmativa \u00e0 imagem TheBirkinBoy, \u201cque se adapta a v\u00e1rios momentos e situa\u00e7\u00f5es do dia-a-dia, porque os dias n\u00e3o s\u00e3o todos iguais, nem o nosso estado de esp\u00edrito ou estilo\u201d.","og_url":"https:\/\/fineandcandy.com\/pt-pt\/product\/thebirkinboy\/","og_site_name":"Fine &amp; Candy","article_modified_time":"2022-10-25T14:40:53+00:00","og_image":[{"width":586,"height":698,"url":"https:\/\/s3.eu-west-3.amazonaws.com\/fineandcandy.com\/wp-content\/uploads\/2019\/02\/TBBOY.jpg","type":"image\/jpeg"}],"twitter_card":"summary_large_image","schema":{"@context":"https:\/\/schema.org","@graph":[{"@type":"WebPage","@id":"https:\/\/fineandcandy.com\/pt-pt\/product\/thebirkinboy\/","url":"https:\/\/fineandcandy.com\/pt-pt\/product\/thebirkinboy\/","name":"TheBirkinBoy - Fine &amp; Candy","isPartOf":{"@id":"https:\/\/fineandcandy.com\/#website"},"datePublished":"2018-12-05T17:25:21+00:00","dateModified":"2022-10-25T14:40:53+00:00","breadcrumb":{"@id":"https:\/\/fineandcandy.com\/pt-pt\/product\/thebirkinboy\/#breadcrumb"},"inLanguage":"pt-PT","potentialAction":[{"@type":"ReadAction","target":["https:\/\/fineandcandy.com\/pt-pt\/product\/thebirkinboy\/"]}]},{"@type":"BreadcrumbList","@id":"https:\/\/fineandcandy.com\/pt-pt\/product\/thebirkinboy\/#breadcrumb","itemListElement":[{"@type":"ListItem","position":1,"name":"Home","item":"https:\/\/fineandcandy.com\/pt-pt\/"},{"@type":"ListItem","position":2,"name":"Loja","item":"https:\/\/fineandcandy.com\/pt-pt\/loja\/"},{"@type":"ListItem","position":3,"name":"TheBirkinBoy"}]},{"@type":"WebSite","@id":"https:\/\/fineandcandy.com\/#website","url":"https:\/\/fineandcandy.com\/","name":"Fine &amp; Candy","description":"Handmade Stationery","potentialAction":[{"@type":"SearchAction","target":{"@type":"EntryPoint","urlTemplate":"https:\/\/fineandcandy.com\/?s={search_term_string}"},"query-input":"required name=search_term_string"}],"inLanguage":"pt-PT"}]}},"_links":{"self":[{"href":"https:\/\/fineandcandy.com\/pt-pt\/wp-json\/wp\/v2\/product\/6718"}],"collection":[{"href":"https:\/\/fineandcandy.com\/pt-pt\/wp-json\/wp\/v2\/product"}],"about":[{"href":"https:\/\/fineandcandy.com\/pt-pt\/wp-json\/wp\/v2\/types\/product"}],"wp:featuredmedia":[{"embeddable":true,"href":"https:\/\/fineandcandy.com\/pt-pt\/wp-json\/wp\/v2\/media\/6963"}],"wp:attachment":[{"href":"https:\/\/fineandcandy.com\/pt-pt\/wp-json\/wp\/v2\/media?parent=6718"}],"wp:term":[{"taxonomy":"product_cat","embeddable":true,"href":"https:\/\/fineandcandy.com\/pt-pt\/wp-json\/wp\/v2\/product_cat?post=6718"},{"taxonomy":"product_tag","embeddable":true,"href":"https:\/\/fineandcandy.com\/pt-pt\/wp-json\/wp\/v2\/product_tag?post=6718"},{"taxonomy":"giftcard-category","embeddable":true,"href":"https:\/\/fineandcandy.com\/pt-pt\/wp-json\/wp\/v2\/giftcard-category?post=6718"}],"curies":[{"name":"wp","href":"https:\/\/api.w.org\/{rel}","templated":true}]}}